
{"id":37399,"date":"2022-10-10T11:32:08","date_gmt":"2022-10-10T09:32:08","guid":{"rendered":"https:\/\/stonehouse.se\/?post_type=product&#038;p=37399"},"modified":"2026-03-05T13:03:19","modified_gmt":"2026-03-05T12:03:19","slug":"armbagsbrytare-jck103-2","status":"publish","type":"product","link":"https:\/\/stonehouse.se\/en\/product\/armbagsbrytare-jck103-2\/","title":{"rendered":"Elbow switch JCK103"},"content":{"rendered":"<h1>Armb\u00e5gskontakt JCK207<\/h1>\n<p>Denna variant \u00e4r tillverkad i silvereloxerad aluminium med gr\u00e5 endcaps. Svart endcap finns som tillval, se l\u00e4nk tillval nedan.<\/p>\n<p>Kontakten har fyra taktila rillor i locket f\u00f6r extra v\u00e4gledning f\u00f6r personer med synneds\u00e4ttning. Dessa fungerar som hj\u00e4lp f\u00f6r att veta var den ska tryckas ner f\u00f6r att aktivera d\u00f6rr\u00f6ppning.<\/p>\n<p>M\u00e5tt f\u00f6r standardversionen: h\/b\/d 245\/80\/23 mm. Finns \u00e4ven i l\u00e4ngder av 300, 400 och 600 mm.<\/p>","protected":false},"excerpt":{"rendered":"<p>Fill in the fields below if you choose customized<\/p>","protected":false},"featured_media":89263,"template":"","meta":{"_acf_changed":false},"product_brand":[],"product_cat":[391,3660,892,886],"product_tag":[2367],"class_list":{"0":"post-37399","1":"product","2":"type-product","3":"status-publish","4":"has-post-thumbnail","6":"product_cat-armbagskontakter-dorrautomatik","7":"product_cat-abs-plast","8":"product_cat-armbagskontakter","9":"product_cat-designprodukter","10":"product_tag-egen-logo-ej-taggar-kort","11":"product_shipping_class-tunga-paket","12":"pa_brands-jc-kontakter","13":"tm-no-options","15":"first","16":"instock","17":"sale","18":"featured","19":"taxable","20":"shipping-taxable","21":"product-type-simple"},"acf":[],"_links":{"self":[{"href":"https:\/\/stonehouse.se\/en\/wp-json\/wp\/v2\/product\/37399","targetHints":{"allow":["GET"]}}],"collection":[{"href":"https:\/\/stonehouse.se\/en\/wp-json\/wp\/v2\/product"}],"about":[{"href":"https:\/\/stonehouse.se\/en\/wp-json\/wp\/v2\/types\/product"}],"wp:featuredmedia":[{"embeddable":true,"href":"https:\/\/stonehouse.se\/en\/wp-json\/wp\/v2\/media\/89263"}],"wp:attachment":[{"href":"https:\/\/stonehouse.se\/en\/wp-json\/wp\/v2\/media?parent=37399"}],"wp:term":[{"taxonomy":"product_brand","embeddable":true,"href":"https:\/\/stonehouse.se\/en\/wp-json\/wp\/v2\/product_brand?post=37399"},{"taxonomy":"product_cat","embeddable":true,"href":"https:\/\/stonehouse.se\/en\/wp-json\/wp\/v2\/product_cat?post=37399"},{"taxonomy":"product_tag","embeddable":true,"href":"https:\/\/stonehouse.se\/en\/wp-json\/wp\/v2\/product_tag?post=37399"}],"curies":[{"name":"wp","href":"https:\/\/api.w.org\/{rel}","templated":true}]}}