
{"id":37408,"date":"2022-10-10T11:41:27","date_gmt":"2022-10-10T09:41:27","guid":{"rendered":"https:\/\/stonehouse.se\/?post_type=product&#038;p=37408"},"modified":"2026-04-07T13:04:08","modified_gmt":"2026-04-07T11:04:08","slug":"knappsandare-jck313","status":"publish","type":"product","link":"https:\/\/stonehouse.se\/en\/product\/knappsandare-jck313\/","title":{"rendered":"Knapps\u00e4ndare JCK313"},"content":{"rendered":"<h1>Hands\u00e4ndare<\/h1>\n<p>Vi har tre olika hands\u00e4ndare, l\u00e4mpliga f\u00f6r exempelvis anpassning av bost\u00e4der f\u00f6r funktionsnedsatta.<\/p>\n<h2>JCK309 \u2013 teknisk specifikation<\/h2>\n<p>Hands\u00e4ndare med 1 kanal.<\/p>\n<ul>\n<li>1 kanal<\/li>\n<li>R\u00e4ckvidd upp till 100 m<\/li>\n<li>Batteri: L1028 \u2013 12V<\/li>\n<li>Str\u00f6mf\u00f6rbrukning: 25 mA (ca 1 \u00e5r)<\/li>\n<li>M\u00e5tt: (L x B x H) 80 x 46 x 16 mm<\/li>\n<li>Vikt: 40 g<\/li>\n<\/ul>\n<h2>JCK310<span class=\"Apple-converted-space\">\u00a0\u2013 teknisk specifikation<\/span><\/h2>\n<p>Hands\u00e4ndare med 2 kanaler.<\/p>\n<ul>\n<li>2 kanaler<\/li>\n<li>R\u00e4ckvidd upp till 100 m<\/li>\n<li>Batteri: L1028 \u2013 12V<\/li>\n<li>Str\u00f6mf\u00f6rbrukning: 25 mA (ca 1 \u00e5r)<\/li>\n<li>M\u00e5tt: (L X B x H) 80 x 46 x 16 mm<\/li>\n<li>Vikt: 40 g<\/li>\n<\/ul>\n<h2>JCK313 \u2013 teknisk specifikation<\/h2>\n<p>Hands\u00e4ndare med 4 kanaler.<\/p>\n<ul>\n<li>4 kanaler<\/li>\n<li>R\u00e4ckvidd upp till 100 m<\/li>\n<li>Batteri: L1028 \u2013 12V<\/li>\n<li>Str\u00f6mf\u00f6rbrukning: 25 mA (ca 1 \u00e5r)<\/li>\n<li>M\u00e5tt: (L x B x H) 80 x 46 x 16 mm<\/li>\n<li>\n<pre>Vikt: 40 g<\/pre>\n<\/li>\n<\/ul>","protected":false},"excerpt":{"rendered":"<p>Hands\u00e4ndare Vi har tre olika hands\u00e4ndare, l\u00e4mpliga f\u00f6r exempelvis anpassning av bost\u00e4der f\u00f6r funktionsnedsatta. JCK309 \u2013 teknisk specifikation Hands\u00e4ndare med<\/p>","protected":false},"featured_media":89219,"template":"","meta":{"_acf_changed":false},"product_brand":[],"product_cat":[391,3659],"product_tag":[],"class_list":{"0":"post-37408","1":"product","2":"type-product","3":"status-publish","4":"has-post-thumbnail","6":"product_cat-armbagskontakter-dorrautomatik","7":"product_cat-tillval-och-tillbehor","8":"product_shipping_class-postnord-varubrev","9":"pa_brands-jc-kontakter","10":"tm-no-options","12":"first","13":"onbackorder","14":"sale","15":"featured","16":"taxable","17":"shipping-taxable","18":"product-type-simple"},"acf":[],"_links":{"self":[{"href":"https:\/\/stonehouse.se\/en\/wp-json\/wp\/v2\/product\/37408","targetHints":{"allow":["GET"]}}],"collection":[{"href":"https:\/\/stonehouse.se\/en\/wp-json\/wp\/v2\/product"}],"about":[{"href":"https:\/\/stonehouse.se\/en\/wp-json\/wp\/v2\/types\/product"}],"wp:featuredmedia":[{"embeddable":true,"href":"https:\/\/stonehouse.se\/en\/wp-json\/wp\/v2\/media\/89219"}],"wp:attachment":[{"href":"https:\/\/stonehouse.se\/en\/wp-json\/wp\/v2\/media?parent=37408"}],"wp:term":[{"taxonomy":"product_brand","embeddable":true,"href":"https:\/\/stonehouse.se\/en\/wp-json\/wp\/v2\/product_brand?post=37408"},{"taxonomy":"product_cat","embeddable":true,"href":"https:\/\/stonehouse.se\/en\/wp-json\/wp\/v2\/product_cat?post=37408"},{"taxonomy":"product_tag","embeddable":true,"href":"https:\/\/stonehouse.se\/en\/wp-json\/wp\/v2\/product_tag?post=37408"}],"curies":[{"name":"wp","href":"https:\/\/api.w.org\/{rel}","templated":true}]}}