
{"id":37412,"date":"2022-10-10T11:35:55","date_gmt":"2022-10-10T09:35:55","guid":{"rendered":"https:\/\/stonehouse.se\/?post_type=product&#038;p=37412"},"modified":"2026-04-07T13:09:12","modified_gmt":"2026-04-07T11:09:12","slug":"radiomottagare-jck312-2","status":"publish","type":"product","link":"https:\/\/stonehouse.se\/en\/product\/radiomottagare-jck312-2\/","title":{"rendered":"Radiomottagare JCK312"},"content":{"rendered":"<h2>JCK312<\/h2>\n<p>Radiomottagare med m\u00f6jlighet att programmera in 100 s\u00e4ndare. Tv\u00e5 rel\u00e4utg\u00e5ngar programmerbara som puls, v\u00e4xlande eller tidsstyrda.<\/p>\n<p>Radiomottagaren har en upplyst LCD-display f\u00f6r enkel programmering.<\/p>\n<ul>\n<li>Matningssp\u00e4nning: 12\/24 VAC\/DC<\/li>\n<li>Modulering: AM\/ASK<\/li>\n<li>M\u00e5tt: (L x B x H) 105 x 45 x 28 mm<\/li>\n<li>Frekvens 433 MHz<\/li>\n<\/ul>","protected":false},"excerpt":{"rendered":"<p>JCK312 Radiomottagare med m\u00f6jlighet att programmera in 100 s\u00e4ndare. Tv\u00e5 rel\u00e4utg\u00e5ngar programmerbara som puls, v\u00e4xlande eller tidsstyrda. Radiomottagaren har en<\/p>","protected":false},"featured_media":89253,"template":"","meta":{"_acf_changed":false},"product_brand":[],"product_cat":[391,3659],"product_tag":[],"class_list":{"0":"post-37412","1":"product","2":"type-product","3":"status-publish","4":"has-post-thumbnail","6":"product_cat-armbagskontakter-dorrautomatik","7":"product_cat-tillval-och-tillbehor","8":"product_shipping_class-postnord-varubrev","9":"pa_brands-jc-kontakter","10":"tm-no-options","12":"first","13":"onbackorder","14":"sale","15":"featured","16":"taxable","17":"shipping-taxable","18":"product-type-simple"},"acf":[],"_links":{"self":[{"href":"https:\/\/stonehouse.se\/en\/wp-json\/wp\/v2\/product\/37412","targetHints":{"allow":["GET"]}}],"collection":[{"href":"https:\/\/stonehouse.se\/en\/wp-json\/wp\/v2\/product"}],"about":[{"href":"https:\/\/stonehouse.se\/en\/wp-json\/wp\/v2\/types\/product"}],"wp:featuredmedia":[{"embeddable":true,"href":"https:\/\/stonehouse.se\/en\/wp-json\/wp\/v2\/media\/89253"}],"wp:attachment":[{"href":"https:\/\/stonehouse.se\/en\/wp-json\/wp\/v2\/media?parent=37412"}],"wp:term":[{"taxonomy":"product_brand","embeddable":true,"href":"https:\/\/stonehouse.se\/en\/wp-json\/wp\/v2\/product_brand?post=37412"},{"taxonomy":"product_cat","embeddable":true,"href":"https:\/\/stonehouse.se\/en\/wp-json\/wp\/v2\/product_cat?post=37412"},{"taxonomy":"product_tag","embeddable":true,"href":"https:\/\/stonehouse.se\/en\/wp-json\/wp\/v2\/product_tag?post=37412"}],"curies":[{"name":"wp","href":"https:\/\/api.w.org\/{rel}","templated":true}]}}