
{"id":37437,"date":"2022-10-10T11:14:31","date_gmt":"2022-10-10T09:14:31","guid":{"rendered":"https:\/\/stonehouse.se\/?post_type=product&#038;p=37437"},"modified":"2025-12-31T20:35:24","modified_gmt":"2025-12-31T19:35:24","slug":"armbagsbrytare-jck108-245mm-3-2","status":"publish","type":"product","link":"https:\/\/stonehouse.se\/en\/product\/armbagsbrytare-jck108-245mm-3-2\/","title":{"rendered":"Elbow switch JCK108-245mm"},"content":{"rendered":"<h1>Armb\u00e5gskontakt JCK108<\/h1>\n<p>Vandals\u00e4ker kontakt med konkav tryckplatta. Den \u00e4r tillverkad i silvereloxerad aluminium med svarta endcaps. Mikrobrytare med IP-klass 67. Kontakten \u00e4r speciellt l\u00e4mplig att installeras i kr\u00e4vande milj\u00f6er.<\/p>\n<p>M\u00e5tt f\u00f6r standardvarianten \u00e4r h\/b\/d\u00a0245\/80\/28mm.<\/p>","protected":false},"excerpt":{"rendered":"<p>Armb\u00e5gskontakt JCK108 Vandals\u00e4ker kontakt med konkav tryckplatta. Den \u00e4r tillverkad i silvereloxerad aluminium med svarta endcaps. Mikrobrytare med IP-klass 67.<\/p>","protected":false},"featured_media":89267,"template":"","meta":{"_acf_changed":false},"product_brand":[],"product_cat":[391,892,886,3661],"product_tag":[2367],"class_list":{"0":"post-37437","1":"product","2":"type-product","3":"status-publish","4":"has-post-thumbnail","6":"product_cat-armbagskontakter-dorrautomatik","7":"product_cat-armbagskontakter","8":"product_cat-designprodukter","9":"product_cat-metall","10":"product_tag-egen-logo-ej-taggar-kort","11":"product_shipping_class-tunga-paket","12":"pa_brands-jc-kontakter","13":"tm-no-options","15":"first","16":"instock","17":"sale","18":"featured","19":"taxable","20":"shipping-taxable","21":"product-type-simple"},"acf":[],"_links":{"self":[{"href":"https:\/\/stonehouse.se\/en\/wp-json\/wp\/v2\/product\/37437","targetHints":{"allow":["GET"]}}],"collection":[{"href":"https:\/\/stonehouse.se\/en\/wp-json\/wp\/v2\/product"}],"about":[{"href":"https:\/\/stonehouse.se\/en\/wp-json\/wp\/v2\/types\/product"}],"wp:featuredmedia":[{"embeddable":true,"href":"https:\/\/stonehouse.se\/en\/wp-json\/wp\/v2\/media\/89267"}],"wp:attachment":[{"href":"https:\/\/stonehouse.se\/en\/wp-json\/wp\/v2\/media?parent=37437"}],"wp:term":[{"taxonomy":"product_brand","embeddable":true,"href":"https:\/\/stonehouse.se\/en\/wp-json\/wp\/v2\/product_brand?post=37437"},{"taxonomy":"product_cat","embeddable":true,"href":"https:\/\/stonehouse.se\/en\/wp-json\/wp\/v2\/product_cat?post=37437"},{"taxonomy":"product_tag","embeddable":true,"href":"https:\/\/stonehouse.se\/en\/wp-json\/wp\/v2\/product_tag?post=37437"}],"curies":[{"name":"wp","href":"https:\/\/api.w.org\/{rel}","templated":true}]}}