
{"id":37531,"date":"2022-10-12T12:51:50","date_gmt":"2022-10-12T10:51:50","guid":{"rendered":"https:\/\/stonehouse.se\/?post_type=product&#038;p=37531"},"modified":"2026-04-02T11:17:51","modified_gmt":"2026-04-02T09:17:51","slug":"batteri-12v-100ah","status":"publish","type":"product","link":"https:\/\/stonehouse.se\/en\/product\/batteri-12v-100ah\/","title":{"rendered":"Batteri 12V 100ah  UPLUS 10-12 \u00c5r"},"content":{"rendered":"<h1>Batteri 12V 100ah \/ Ackumulator UPLUS 10-12 \u00c5r<\/h1>\n<p>UPLUS erbjuder ett av marknadens bredaste sortiment av h\u00f6gpresterande AGM batterier. UPLUS har under m\u00e5nga \u00e5r varit en av de st\u00f6rsta tillverkarna av kvalitetsbatterier till denglobala marknaden inom tillverkningsindustrin.<\/p>\n<p>M\u00e5tt mm \u00a0(LxBxH):\u00a0330 x 173 x 212<\/p>\n<p>Vikt Kg: 33,0<\/p>\n<p>Batteri 12V 100ah UPLUS Longlife batterierna har utvecklats som kraftk\u00e4lla d\u00e4r h\u00f6g drifts\u00e4kerhet och l\u00e5ng livsl\u00e4ngd \u00e4r prim\u00e4ra behov.<\/p>\n<p>Batterierna testas i flera steg under tillverkningsprocessen f\u00f6r att m\u00f6ta de h\u00e5rda krav som anv\u00e4ndare inom det marina segmentet st\u00e4ller p\u00e5 sina batterier.<\/p>\n<p>UPLUS Marinsortiment erbjuder b\u00e5de standardbatterier som fungerar utm\u00e4rkt som allround-batteri och Deep Cycle batterier som \u00e4r designade f\u00f6r mer cykliskt anv\u00e4ndande.<\/p>\n<p>Deep Cycle \u00e4r d\u00e4rf\u00f6r det sj\u00e4lvklara valet som f\u00f6rbrukningsbatteri i b\u00e5tar med mycket m\u00e5nga f\u00f6rbrukare och h\u00f6ga laster.<\/p>\n<p>Flertalet av Nordens b\u00e5ttillverkare anv\u00e4nder UPLUS som standard d\u00e5 drifts\u00e4kerheten \u00e4r viktigast.<\/p>\n<p>Det breda sortimentet g\u00f6r att man enkelt finner det batteri som \u00e4r b\u00e4st l\u00e4mpat f\u00f6r respektive Installation eller likstr\u00f6msk\u00e4lla av kraft.<\/p>","protected":false},"excerpt":{"rendered":"<p>Batteri 100AH\u00a0 10 -12 \u00e5rs livsl\u00e4ngd f\u00f6r tele, larm och s\u00e4kerhetsanl\u00e4ggningar.<\/p>","protected":false},"featured_media":88982,"template":"","meta":{"_acf_changed":false},"product_brand":[],"product_cat":[434,516],"product_tag":[2680],"class_list":{"0":"post-37531","1":"product","2":"type-product","3":"status-publish","4":"has-post-thumbnail","6":"product_cat-stromforsorjning-batterier","7":"product_cat-ackumulator-batteri","8":"product_tag-batteri-46ah-och-uppat","9":"product_shipping_class-tunga-paket","10":"pa_brands-uplus","11":"tm-no-options","13":"first","14":"instock","15":"sale","16":"featured","17":"taxable","18":"shipping-taxable","19":"product-type-simple"},"acf":[],"_links":{"self":[{"href":"https:\/\/stonehouse.se\/en\/wp-json\/wp\/v2\/product\/37531","targetHints":{"allow":["GET"]}}],"collection":[{"href":"https:\/\/stonehouse.se\/en\/wp-json\/wp\/v2\/product"}],"about":[{"href":"https:\/\/stonehouse.se\/en\/wp-json\/wp\/v2\/types\/product"}],"wp:featuredmedia":[{"embeddable":true,"href":"https:\/\/stonehouse.se\/en\/wp-json\/wp\/v2\/media\/88982"}],"wp:attachment":[{"href":"https:\/\/stonehouse.se\/en\/wp-json\/wp\/v2\/media?parent=37531"}],"wp:term":[{"taxonomy":"product_brand","embeddable":true,"href":"https:\/\/stonehouse.se\/en\/wp-json\/wp\/v2\/product_brand?post=37531"},{"taxonomy":"product_cat","embeddable":true,"href":"https:\/\/stonehouse.se\/en\/wp-json\/wp\/v2\/product_cat?post=37531"},{"taxonomy":"product_tag","embeddable":true,"href":"https:\/\/stonehouse.se\/en\/wp-json\/wp\/v2\/product_tag?post=37531"}],"curies":[{"name":"wp","href":"https:\/\/api.w.org\/{rel}","templated":true}]}}