
{"id":46125,"date":"2022-11-14T16:34:02","date_gmt":"2022-11-14T15:34:02","guid":{"rendered":"https:\/\/stonehouse.se\/produkt\/ackumulator-6-volt-3-4ah-agility-ny-version-mer-kraft\/"},"modified":"2026-04-07T16:34:19","modified_gmt":"2026-04-07T14:34:19","slug":"batteri-6v-3-4-ah","status":"publish","type":"product","link":"https:\/\/stonehouse.se\/en\/product\/batteri-6v-3-4-ah\/","title":{"rendered":"Batteri 6V 3,4 Ah"},"content":{"rendered":"<h1>Batteri 6V 3,4 Ah<\/h1>\n<p>Batteri 6V f\u00f6r larm och teleanl\u00e4ggningar bland annat till <strong>Agility<\/strong><\/p>\n<p>Ett batteri b\u00f6r bytas oavsett status efter ca 3 \u00e5r och detta f\u00f6r att s\u00e4kerst\u00e4lla ytterligare 3 \u00e5rs reservdrift.<\/p>\n<p>Centralapparaten testar batteri Agility med j\u00e4mna mellanrum f\u00f6r att s\u00e4kerst\u00e4lla funktionen.<\/p>\n<p>Observera att detta \u00e4r ett 6 volts batteri f\u00f6r ex Agility larm men \u00e4ven f\u00f6r att teleanl\u00e4ggningar som kr\u00e4ver 6 volt.<\/p>\n<p><strong>Storlek<\/strong> 134x34x66\u00a0 (LxBxH)<\/p>\n<p><strong>Vikt<\/strong> 0,635 kg<\/p>\n<p><strong>Avser<\/strong>: Underh\u00e5llsfritt larmbatteri f\u00f6r reservkraft i larmanl\u00e4ggningar, 6 volt, 3,4 Ah<\/p>\n<p><strong>Leverant\u00f6rs artikelnummer<\/strong>: 500034-6V<\/p>\n<p>&nbsp;<\/p>","protected":false},"excerpt":{"rendered":"<p>500034-6V &#8211; Agility batteri &#8211; 6 Volt &#8211; Agility finns hos oss och vi f\u00f6rser hela Sverige med produkter fr\u00e5n Risco<\/p>","protected":false},"featured_media":83033,"template":"","meta":{"_acf_changed":false},"product_brand":[],"product_cat":[434,2717,2721,516,1832],"product_tag":[2681,1748,1755],"class_list":{"0":"post-46125","1":"product","2":"type-product","3":"status-publish","4":"has-post-thumbnail","6":"product_cat-stromforsorjning-batterier","7":"product_cat-risco-larm","8":"product_cat-larmenheter-risco-larm","9":"product_cat-ackumulator-batteri","10":"product_cat-batterier-knappcell-kabel-installation","11":"product_tag-batteri-1-6-ah","12":"product_tag-rel-batteri","13":"product_tag-rel-risco","14":"product_shipping_class-tunga-paket","15":"pa_brands-stonehouse-security","16":"pa_risco-produkter-agility-2","17":"pa_risco-produkter-agility-3","18":"pa_risco-produkter-agility-4","19":"tm-no-options","21":"first","22":"instock","23":"sale","24":"featured","25":"taxable","26":"shipping-taxable","27":"product-type-simple"},"acf":[],"_links":{"self":[{"href":"https:\/\/stonehouse.se\/en\/wp-json\/wp\/v2\/product\/46125","targetHints":{"allow":["GET"]}}],"collection":[{"href":"https:\/\/stonehouse.se\/en\/wp-json\/wp\/v2\/product"}],"about":[{"href":"https:\/\/stonehouse.se\/en\/wp-json\/wp\/v2\/types\/product"}],"wp:featuredmedia":[{"embeddable":true,"href":"https:\/\/stonehouse.se\/en\/wp-json\/wp\/v2\/media\/83033"}],"wp:attachment":[{"href":"https:\/\/stonehouse.se\/en\/wp-json\/wp\/v2\/media?parent=46125"}],"wp:term":[{"taxonomy":"product_brand","embeddable":true,"href":"https:\/\/stonehouse.se\/en\/wp-json\/wp\/v2\/product_brand?post=46125"},{"taxonomy":"product_cat","embeddable":true,"href":"https:\/\/stonehouse.se\/en\/wp-json\/wp\/v2\/product_cat?post=46125"},{"taxonomy":"product_tag","embeddable":true,"href":"https:\/\/stonehouse.se\/en\/wp-json\/wp\/v2\/product_tag?post=46125"}],"curies":[{"name":"wp","href":"https:\/\/api.w.org\/{rel}","templated":true}]}}