
{"id":46324,"date":"2022-11-18T13:03:58","date_gmt":"2022-11-18T12:03:58","guid":{"rendered":"https:\/\/stonehouse.se\/produkt\/design-tagg-kombi-em4200-mifare1k-stnd-nr\/"},"modified":"2026-04-02T15:45:21","modified_gmt":"2026-04-02T13:45:21","slug":"rfid-tag-pvc-kombi-em4200-mifare1k-stnd-nr","status":"publish","type":"product","link":"https:\/\/stonehouse.se\/en\/product\/rfid-tag-pvc-kombi-em4200-mifare1k-stnd-nr\/","title":{"rendered":"Tagg Uranus PVC Kombi EM4200\/Mifare1k Std.nr"},"content":{"rendered":"<p><strong>H\u00e4r har du en tagg med standardnummer graverade p\u00e5 taggen f\u00f6r f\u00f6ljande system.<\/strong>F\u00f6r EM4200: RCO Security (R), , Axema VAKA (V), Bewator\/Vanderbilt (B), ASSA ARX (S) )F\u00f6r Mifare:\u00a0\u00a0\u00a0 RCO (MFR), Axema VAKA (MFV), ASSA, Aptus, Bewator, Axema, Axema VAKA, Vanderbilt med flera (MFD)<\/p>\n<p><strong>Uranus PVC &#8211; Skapa din unika stil<\/strong>Uppt\u00e4ck v\u00e5r tunnaste RFID-tag, Uranus PVC, som endast \u00e4r 1,5 mm tunn. Den \u00e4r tillverkad av ett h\u00f6gblankt PVC-material som ger en otroligt snygg finish och en elegant touch till dina till\u00e4mpningar.<\/p>\n<p><strong>Skapa din personliga profil<\/strong>Uranus PVC \u00e4r perfekt f\u00f6r att komplettera din vardag, men den erbjuder ocks\u00e5 m\u00f6jligheter att profilera ditt f\u00f6retag. L\u00e4gg till ditt telefonnummer, slogan eller promota speciella event med datum och \u00f6ppettider. Endast din fantasi s\u00e4tter gr\u00e4nserna f\u00f6r hur du kan anv\u00e4nda den.<\/p>\n<p><strong>H\u00f6gkvalitativ tillverkning i stil med bankkort<\/strong>Vi tillverkar Uranus PVC med samma teknik som anv\u00e4nds f\u00f6r bank- och kreditkort. Det betyder att den tillverkas av PVC-material och kan tryckas med helt valfri design. Sedan appliceras ett skyddande plastskikt ovanp\u00e5 trycket f\u00f6r att s\u00e4kerst\u00e4lla dess kvalitet och funktionalitet.<\/p>\n<p><strong>Tillverkningstid: Cirka 3 veckor<\/strong>Observera att p\u00e5 grund av den unika tillverkningsprocessen f\u00f6r varje kund kan inte v\u00e5r &#8220;PVC \/ Design&#8221; RFID-tag skickas snabbt. Vi vill erbjuda dig den b\u00e4sta m\u00f6jliga produkten och d\u00e4rf\u00f6r tar det cirka 3 veckor att tillverka din specialanpassade tagg.<\/p>\n<p><strong>Inkluderat i priset: Anpassning och gravering<\/strong>N\u00e4r du v\u00e4ljer Uranus PVC kan du r\u00e4kna med en komplett anpassning till dina behov. Skicka oss ditt foto, logo eller text, och vi skapar en digital provversion f\u00f6r din godk\u00e4nnande. Vi kommer ocks\u00e5 att gravera dina systemnummer f\u00f6r passersystem, larm eller l\u00f6pnummer helt enligt dina \u00f6nskem\u00e5l &#8211; allt ing\u00e5r i priset.<\/p>\n<p><strong>Originalchip av h\u00f6g kvalitet f\u00f6r tillf\u00f6rlitlighet och s\u00e4kerhet<\/strong>F\u00f6r att s\u00e4kerst\u00e4lla tillf\u00f6rlitlighet och s\u00e4kerhet \u00e4r v\u00e5r &#8220;Design \/ PVC&#8221; RFID-tag utrustad med originalchip av h\u00f6gsta kvalitet. Vi v\u00e4ljer endast originalchip fr\u00e5n erk\u00e4nda tillverkare f\u00f6r att uppfylla de h\u00f6gsta standarderna. Med v\u00e5ra RFID-taggar kan du vara trygg med att du f\u00e5r en produkt som erbjuder p\u00e5litlig och effektiv prestanda. Vi str\u00e4var alltid efter att erbjuda den b\u00e4sta tekniken och kompatibiliteten f\u00f6r att s\u00e4kerst\u00e4lla att v\u00e5ra RFID-taggar fungerar s\u00e4kert och tillfredsst\u00e4ller dina behov p\u00e5 l\u00e5ng sikt.<\/p>","protected":false},"excerpt":{"rendered":"<p>Denna tagg kan du f\u00f6rse med egen unik design om du k\u00f6per mer \u00e4n 500 stycken taggar<\/p>","protected":false},"featured_media":82950,"template":"","meta":{"_acf_changed":false},"product_brand":[],"product_cat":[3543,352,875],"product_tag":[1770,2304],"class_list":{"0":"post-46324","1":"product","2":"type-product","3":"status-publish","4":"has-post-thumbnail","6":"product_cat-alla-taggar-i-butiken","7":"product_cat-outlet","8":"product_cat-uranus-pvc","9":"product_tag-500-moq-design-pvc","10":"product_tag-stonehouse-produkt","11":"product_shipping_class-postnord-varubrev","12":"pa_brands-stonehouse-security","13":"pa_chip-teknik-kombi-em4200mifare1k","14":"pa_farg-vit","15":"tm-no-options","17":"first","18":"instock","19":"sale","20":"featured","21":"taxable","22":"shipping-taxable","23":"product-type-simple"},"acf":[],"_links":{"self":[{"href":"https:\/\/stonehouse.se\/en\/wp-json\/wp\/v2\/product\/46324","targetHints":{"allow":["GET"]}}],"collection":[{"href":"https:\/\/stonehouse.se\/en\/wp-json\/wp\/v2\/product"}],"about":[{"href":"https:\/\/stonehouse.se\/en\/wp-json\/wp\/v2\/types\/product"}],"wp:featuredmedia":[{"embeddable":true,"href":"https:\/\/stonehouse.se\/en\/wp-json\/wp\/v2\/media\/82950"}],"wp:attachment":[{"href":"https:\/\/stonehouse.se\/en\/wp-json\/wp\/v2\/media?parent=46324"}],"wp:term":[{"taxonomy":"product_brand","embeddable":true,"href":"https:\/\/stonehouse.se\/en\/wp-json\/wp\/v2\/product_brand?post=46324"},{"taxonomy":"product_cat","embeddable":true,"href":"https:\/\/stonehouse.se\/en\/wp-json\/wp\/v2\/product_cat?post=46324"},{"taxonomy":"product_tag","embeddable":true,"href":"https:\/\/stonehouse.se\/en\/wp-json\/wp\/v2\/product_tag?post=46324"}],"curies":[{"name":"wp","href":"https:\/\/api.w.org\/{rel}","templated":true}]}}