
{"id":46445,"date":"2022-11-21T17:14:46","date_gmt":"2022-11-21T16:14:46","guid":{"rendered":"https:\/\/stonehouse.se\/produkt\/visonic-smd-429-pg2-powerg-wireless-smoke-and-heat-detector\/"},"modified":"2026-04-01T16:40:04","modified_gmt":"2026-04-01T14:40:04","slug":"rokdetektor-smd-429-visonic","status":"publish","type":"product","link":"https:\/\/stonehouse.se\/en\/product\/rokdetektor-smd-429-visonic\/","title":{"rendered":"R\u00f6kdetektor SMD-429 med V\u00e4rmedetektor och PowerG &#8211; Visonic"},"content":{"rendered":"<h1>R\u00f6kdetektor SMD-429- och V\u00e4rmedetektor<\/h1>\n<p>SMD-429 \u00e4r en tr\u00e5dl\u00f6s r\u00f6k- och v\u00e4rmedetektor utrustad med PowerG-teknologi f\u00f6r p\u00e5litlig kommunikation.<\/p>\n<p>Den \u00e4r certifierad enligt internationella s\u00e4kerhetsstandarder och designad f\u00f6r att ge tidig brandvarning.<\/p>\n<h4>Tekniska Funktioner<\/h4>\n<ul>\n<li><strong>R\u00f6kdetektering<\/strong>: Fotoelektrisk sensor ger snabb och exakt detektion.<\/li>\n<li><strong>V\u00e4rmedetektering<\/strong>: Aktiveras vid temperatur \u00f6ver 57\u00b0C.<\/li>\n<li><strong>Larmsignalering<\/strong>: Inbyggd siren p\u00e5 85 dB och blinkande LED.<\/li>\n<li><strong>Batterilivsl\u00e4ngd<\/strong>: Upp till 3 \u00e5r med 3 AAA-batterier.<\/li>\n<li><strong>M\u00e5tt<\/strong>: 125 x 63 mm.<\/li>\n<li><strong>Milj\u00f6<\/strong>: Anpassad f\u00f6r inomhusbruk med driftstemperatur mellan 4,4\u00b0C och 37,8\u00b0C.<\/li>\n<\/ul>\n<h4>Kompatibilitet<\/h4>\n<ul>\n<li><strong>System<\/strong>: PowerMaster och PowerG-kompatibla larmsystem.<\/li>\n<li><strong>Certifiering<\/strong>: FCC\/IC, UL\/ULC, CE, CSFM.<\/li>\n<\/ul>\n<p>Med avancerade funktioner och h\u00f6g s\u00e4kerhet \u00e4r SMD-429 en optimal l\u00f6sning f\u00f6r brands\u00e4kerhet i alla typer av milj\u00f6er.<\/p>\n<p>Enkel installation och l\u00e5ng batteritid g\u00f6r den b\u00e5de kostnadseffektiv och p\u00e5litlig.<\/p>\n<p><iframe src=\"https:\/\/www.youtube.com\/embed\/V4U3IltbBbw\" width=\"505\" height=\"284\" frameborder=\"0\" allowfullscreen=\"allowfullscreen\"><\/iframe><\/p>","protected":false},"excerpt":{"rendered":"<p>Tr\u00e5dl\u00f6s r\u00f6k- och v\u00e4rmedetektor SMD-429 med PowerG-teknologi.<\/p>\n<p>Inbyggd 85 dB siren och LED-varning vid r\u00f6k eller temperatur \u00f6ver 57\u00b0C.<\/p>\n<p>Enkel att installera, batterilivsl\u00e4ngd p\u00e5 upp till 3 \u00e5r, och kompatibel med PowerMaster-system.<\/p>","protected":false},"featured_media":83038,"template":"","meta":{"_acf_changed":false},"product_brand":[],"product_cat":[3600,3596,2694,3611,2695,1386],"product_tag":[],"class_list":{"0":"post-46445","1":"product","2":"type-product","3":"status-publish","4":"has-post-thumbnail","6":"product_cat-brand-vatten-temperatur","7":"product_cat-larmenheter","8":"product_cat-rokdetektorer","9":"product_cat-sirener-visonic-inbrottslarm-tradlost","10":"product_cat-varmedetektor","11":"product_cat-visonic-inbrottslarm-tradlost","12":"product_shipping_class-tunga-paket","13":"pa_brands-5visonic","14":"tm-no-options","16":"first","17":"outofstock","18":"sale","19":"featured","20":"taxable","21":"shipping-taxable","22":"product-type-simple"},"acf":[],"_links":{"self":[{"href":"https:\/\/stonehouse.se\/en\/wp-json\/wp\/v2\/product\/46445","targetHints":{"allow":["GET"]}}],"collection":[{"href":"https:\/\/stonehouse.se\/en\/wp-json\/wp\/v2\/product"}],"about":[{"href":"https:\/\/stonehouse.se\/en\/wp-json\/wp\/v2\/types\/product"}],"wp:featuredmedia":[{"embeddable":true,"href":"https:\/\/stonehouse.se\/en\/wp-json\/wp\/v2\/media\/83038"}],"wp:attachment":[{"href":"https:\/\/stonehouse.se\/en\/wp-json\/wp\/v2\/media?parent=46445"}],"wp:term":[{"taxonomy":"product_brand","embeddable":true,"href":"https:\/\/stonehouse.se\/en\/wp-json\/wp\/v2\/product_brand?post=46445"},{"taxonomy":"product_cat","embeddable":true,"href":"https:\/\/stonehouse.se\/en\/wp-json\/wp\/v2\/product_cat?post=46445"},{"taxonomy":"product_tag","embeddable":true,"href":"https:\/\/stonehouse.se\/en\/wp-json\/wp\/v2\/product_tag?post=46445"}],"curies":[{"name":"wp","href":"https:\/\/api.w.org\/{rel}","templated":true}]}}