
{"id":46453,"date":"2022-11-21T17:14:21","date_gmt":"2022-11-21T16:14:21","guid":{"rendered":"https:\/\/stonehouse.se\/produkt\/visonic-9-103891-4g-lte-communicator-for-pm360-360r\/"},"modified":"2026-04-01T16:40:49","modified_gmt":"2026-04-01T14:40:49","slug":"larmsandare-4g-powermaster-visonic","status":"publish","type":"product","link":"https:\/\/stonehouse.se\/en\/product\/larmsandare-4g-powermaster-visonic\/","title":{"rendered":"Larms\u00e4ndare 4G Powermaster LTE Communicator till Pm360 \/ 360R &#8211; Visonic"},"content":{"rendered":"<h1>Larms\u00e4ndare 4G Powermaster 4G\/LTE<\/h1>\n<h3>Communicator till Pm360 \/ 360R &#8211; Visonic<\/h3>\n<p><strong><em>Larms\u00e4ndare 4G Powermaster <\/em>\u00e4r en 4G\/<em>LTE<\/em>\u00a0kommunikationsmodul som passar till\u00a0<em>Visonic<\/em>\u00a0systemen\u00a0<em>PowerMaster 360<\/em>\/<em>360R<\/em>\u00a0fr\u00e5n version 19.<\/strong><\/p>\n<p>PowerMaster-360 \u00e4r en gateway f\u00f6r s\u00e4kerhet, s\u00e4kerhet och smart hem.<\/p>\n<p>Den \u00e4r idealisk f\u00f6r kunder som vill kombinera Wi-Fi- och Zwave-enheter med PowerG-s\u00e4kerhets- och s\u00e4kerhetssensorer.<\/p>\n<p>I kombination med en uppkopplad hemwebbplattform och applikation, l\u00e5ter denna gateway dig styra ditt hem fr\u00e5n en enda punkt.<\/p>\n<p>Denna senaste innovativa l\u00f6sning drar nytta av v\u00e5rt 30 \u00e5r av bepr\u00f6vade s\u00e4kerhetsledarskap och prisbel\u00f6nta teknologier.<\/p>\n<p><span style=\"text-decoration: underline\"><strong>PowerMaster-360 funktioner:<\/strong><\/span><br \/>\nSingle box-l\u00f6sning, s\u00e4kerhet och hemautomation<br \/>\nPowerMaster\u2122 S\u00e4kerhetsfunktioner<br \/>\nS\u00e4kerhet tr\u00e5dl\u00f6st RF-n\u00e4tverk &#8211; PowerG\u2122<br \/>\nZwave eller\/och WIFI f\u00f6r hemautomation<br \/>\nMobil- och IP-kommunikation<br \/>\nExtern str\u00f6mf\u00f6rs\u00f6rjning och batteribackup<br \/>\nKomplettera en molnbaserad smart heml\u00f6sning och applikation<\/p>\n<p><span style=\"text-decoration: underline\"><strong>PowerMaster-360-f\u00f6rdelar:<\/strong><\/span><br \/>\nEn enda gateway f\u00f6r 3 &#8220;S&#8221;: s\u00e4kerhet, s\u00e4kerhet och smarta hem<br \/>\nIntelligent l\u00f6sning som anpassats till din dag och dina behov<br \/>\nGe en sinnesfrid genom att registrera ditt hem f\u00f6r att \u00f6ka din s\u00e4kerhet<br \/>\nEn l\u00f6sning utvecklad av Visonic &#8211; en ledare inom s\u00e4kerhetsmarknadsf\u00f6ring i \u00f6ver 30 \u00e5r<br \/>\nInkludera flera tr\u00e5dl\u00f6sa teknologier<\/p>\n<p><span style=\"text-decoration: underline\"><strong>Hur det fungerar:<\/strong><\/span><\/p>\n<p>Intelligent molnbaserad plattform l\u00e5ter dig konditionera ditt hem f\u00f6r att bete sig baserat p\u00e5 h\u00e4ndelser.<\/p>\n<p>Du har \u00e5tkomst dygnet runt i din handflata med mobilappen, som ger \u00e5tkomst och kontroll \u00f6ver dina hush\u00e5llsapparater, s\u00e4kerhets- och s\u00e4kerhetsenheter n\u00e4r som helst och var som helst.<\/p>\n<p>En enda anslutning till s\u00e4kerhets- och smarta hemenheter.<\/p>\n<p>Du kan konditionera och f\u00f6rkonfigurera enhetens beteende till tid eller h\u00e4ndelser.<\/p>\n<p>Larms\u00e4ndare 4G Powermaster LTE Communicator till Pm360 \/ 360R &#8211; Visonic ger \u00f6kad trygghet och ers\u00e4tter tidigare 2\/3 moduler.<\/p>","protected":false},"excerpt":{"rendered":"<p>Larms\u00e4ndare 4G Powermaster 4G\/LTE Communicator till Pm360 \/ 360R &#8211; Visonic Larms\u00e4ndare 4G Powermaster \u00e4r en 4G\/LTE\u00a0kommunikationsmodul som passar till\u00a0Visonic\u00a0systemen\u00a0PowerMaster<\/p>","protected":false},"featured_media":83050,"template":"","meta":{"_acf_changed":false},"product_brand":[],"product_cat":[3605,1386],"product_tag":[1670],"class_list":{"0":"post-46453","1":"product","2":"type-product","3":"status-publish","4":"has-post-thumbnail","6":"product_cat-larmsandare-ip-4g","7":"product_cat-visonic-inbrottslarm-tradlost","8":"product_tag-visonic-larmoverforing","9":"product_shipping_class-postnord-varubrev","10":"pa_brands-5visonic","11":"tm-no-options","13":"first","14":"instock","15":"sale","16":"featured","17":"taxable","18":"shipping-taxable","19":"product-type-simple"},"acf":[],"_links":{"self":[{"href":"https:\/\/stonehouse.se\/en\/wp-json\/wp\/v2\/product\/46453","targetHints":{"allow":["GET"]}}],"collection":[{"href":"https:\/\/stonehouse.se\/en\/wp-json\/wp\/v2\/product"}],"about":[{"href":"https:\/\/stonehouse.se\/en\/wp-json\/wp\/v2\/types\/product"}],"wp:featuredmedia":[{"embeddable":true,"href":"https:\/\/stonehouse.se\/en\/wp-json\/wp\/v2\/media\/83050"}],"wp:attachment":[{"href":"https:\/\/stonehouse.se\/en\/wp-json\/wp\/v2\/media?parent=46453"}],"wp:term":[{"taxonomy":"product_brand","embeddable":true,"href":"https:\/\/stonehouse.se\/en\/wp-json\/wp\/v2\/product_brand?post=46453"},{"taxonomy":"product_cat","embeddable":true,"href":"https:\/\/stonehouse.se\/en\/wp-json\/wp\/v2\/product_cat?post=46453"},{"taxonomy":"product_tag","embeddable":true,"href":"https:\/\/stonehouse.se\/en\/wp-json\/wp\/v2\/product_tag?post=46453"}],"curies":[{"name":"wp","href":"https:\/\/api.w.org\/{rel}","templated":true}]}}