
{"id":46457,"date":"2022-11-21T17:14:06","date_gmt":"2022-11-21T16:14:06","guid":{"rendered":"https:\/\/stonehouse.se\/produkt\/visonic-0-103371-pmaster-10-swe-triple-panel\/"},"modified":"2026-04-09T11:36:56","modified_gmt":"2026-04-09T09:36:56","slug":"visonic-powermaster-10-centralenhet-v20-panel","status":"publish","type":"product","link":"https:\/\/stonehouse.se\/en\/product\/visonic-powermaster-10-centralenhet-v20-panel\/","title":{"rendered":"Visonic PowerMaster 10 Centralenhet V20 Panel"},"content":{"rendered":"<h1>Visonic PowerMaster 10 &#8211; Kompakt och Effektiv S\u00e4kerhetscentral<\/h1>\n<p>PowerMaster-10 \u00e4r en tr\u00e5dl\u00f6s s\u00e4kerhetscentral fr\u00e5n Visonic, utvecklad f\u00f6r avancerade till\u00e4mpningar och kr\u00e4vande milj\u00f6er.<\/p>\n<p>Med st\u00f6d f\u00f6r upp till 28 zoner och en tr\u00e5dbunden zon erbjuder systemet flexibilitet och p\u00e5litlighet.<\/p>\n<p>Med inbyggd PowerG-teknik f\u00e5r du robust tr\u00e5dl\u00f6s kommunikation, frekvenshoppande spektrum och AES-128-kryptering f\u00f6r maximal s\u00e4kerhet.<\/p>\n<p>Trippla rapportv\u00e4gar via PSTN, Ethernet och GPRS garanterar tillf\u00f6rlitlig kommunikation oavsett situation.<\/p>\n<p><strong>Specifikationer:<\/strong><\/p>\n<ul>\n<li><strong>Antal zoner:<\/strong> 28 tr\u00e5dl\u00f6sa, 1 tr\u00e5dbunden.<\/li>\n<li><strong>Rapportv\u00e4gar:<\/strong> PSTN, Ethernet, GPRS.<\/li>\n<li><strong>Siren:<\/strong> Inbyggd.<\/li>\n<li><strong>Kryptering:<\/strong> AES-128.<\/li>\n<li><strong>Reservkraft:<\/strong> Upp till 24 timmar med batteribackup.<\/li>\n<\/ul>\n<p><strong>Anv\u00e4ndningsomr\u00e5den:<\/strong><\/p>\n<ul>\n<li><strong>Privathem:<\/strong> S\u00e4kerst\u00e4ll trygghet f\u00f6r din familj.<\/li>\n<li><strong>Sm\u00e5f\u00f6retag:<\/strong> Skydda din verksamhet med avancerad teknologi.<\/li>\n<\/ul>\n<p>PowerMaster-10 \u00e4r den optimala l\u00f6sningen f\u00f6r dig som s\u00f6ker ett s\u00e4kert, p\u00e5litligt och flexibelt larmsystem.<\/p>\n<p>Installationen \u00e4r snabb och enkel tack vare tydliga indikatorer och fj\u00e4rrkonfiguration.<\/p>\n<div id=\"content-2\">\n<div id=\"textholder_1\" class=\"overflow-text u-typography-body-medium full-content\"><\/div>\n<\/div>","protected":false},"excerpt":{"rendered":"<p><strong>PowerMaster-10 Centralenhet &#8211; Teknisk Perfektion<\/strong><br \/>\nVisonic PowerMaster 10 \u00e4r en kompakt tr\u00e5dl\u00f6s centralenhet med st\u00f6d f\u00f6r 28 zoner, trippla rapportv\u00e4gar och inbyggd siren.<\/p>\n<p>S\u00e4ker och p\u00e5litlig med PowerG-teknik.<\/p>","protected":false},"featured_media":83055,"template":"","meta":{"_acf_changed":false},"product_brand":[],"product_cat":[1386,3592],"product_tag":[1851,1669],"class_list":{"0":"post-46457","1":"product","2":"type-product","3":"status-publish","4":"has-post-thumbnail","6":"product_cat-visonic-inbrottslarm-tradlost","7":"product_cat-visonic-centralenheter","8":"product_tag-sbsc-larmklassr","9":"product_tag-visonic-manoverpanel","10":"product_shipping_class-tunga-paket","11":"pa_brands-5visonic","12":"tm-no-options","14":"first","15":"onbackorder","16":"sale","17":"featured","18":"taxable","19":"shipping-taxable","20":"product-type-simple"},"acf":[],"_links":{"self":[{"href":"https:\/\/stonehouse.se\/en\/wp-json\/wp\/v2\/product\/46457","targetHints":{"allow":["GET"]}}],"collection":[{"href":"https:\/\/stonehouse.se\/en\/wp-json\/wp\/v2\/product"}],"about":[{"href":"https:\/\/stonehouse.se\/en\/wp-json\/wp\/v2\/types\/product"}],"wp:featuredmedia":[{"embeddable":true,"href":"https:\/\/stonehouse.se\/en\/wp-json\/wp\/v2\/media\/83055"}],"wp:attachment":[{"href":"https:\/\/stonehouse.se\/en\/wp-json\/wp\/v2\/media?parent=46457"}],"wp:term":[{"taxonomy":"product_brand","embeddable":true,"href":"https:\/\/stonehouse.se\/en\/wp-json\/wp\/v2\/product_brand?post=46457"},{"taxonomy":"product_cat","embeddable":true,"href":"https:\/\/stonehouse.se\/en\/wp-json\/wp\/v2\/product_cat?post=46457"},{"taxonomy":"product_tag","embeddable":true,"href":"https:\/\/stonehouse.se\/en\/wp-json\/wp\/v2\/product_tag?post=46457"}],"curies":[{"name":"wp","href":"https:\/\/api.w.org\/{rel}","templated":true}]}}