
{"id":46467,"date":"2022-11-21T17:13:32","date_gmt":"2022-11-21T16:13:32","guid":{"rendered":"https:\/\/stonehouse.se\/produkt\/visonic-mc-312-pg2-powerg-wireless-outdoor-magnetic-contact-with-auxiliary-input-black\/"},"modified":"2026-04-09T11:36:36","modified_gmt":"2026-04-09T09:36:36","slug":"magnetkontakt-mc-312-utomhus-visonic","status":"publish","type":"product","link":"https:\/\/stonehouse.se\/en\/product\/magnetkontakt-mc-312-utomhus-visonic\/","title":{"rendered":"Magnetkontakt MC-312  Utomhus PG2 PowerG Tr\u00e5dl\u00f6s &#8211; Visonic"},"content":{"rendered":"<div class=\"product-information u-m-b-06\">\n<h1 id=\"content-2\">Magnetkontakt MC-312 Utomhus &#8211; Teknisk Perfektion<\/h1>\n<\/div>\n<p>MC-312 \u00e4r en h\u00f6gpresterande, tr\u00e5dl\u00f6s magnetkontakt utrustad med PowerG-teknologi, utvecklad f\u00f6r att erbjuda maximal s\u00e4kerhet i utomhusmilj\u00f6er.<\/p>\n<h4>Tekniska funktioner:<\/h4>\n<ul>\n<li><strong>Kommunikation<\/strong>: Tv\u00e5v\u00e4gs AES 128-bitars krypterad kommunikation f\u00f6r maximal datas\u00e4kerhet.<\/li>\n<li><strong>Temperaturomr\u00e5de<\/strong>: -40\u00b0C till +66\u00b0C, vilket s\u00e4kerst\u00e4ller drifts\u00e4kerhet i alla klimat.<\/li>\n<li><strong>Installation<\/strong>: Monteras enkelt p\u00e5 b\u00e5de plana och b\u00f6jda ytor med en ultra-stark magnet och vid luckor p\u00e5 upp till 1,2 cm.<\/li>\n<\/ul>\n<h4>Anv\u00e4ndarv\u00e4nliga egenskaper:<\/h4>\n<ul>\n<li>Automatisk registrering via batteriflik.<\/li>\n<li>Underh\u00e5llsfri design med utbytbara batterier som h\u00e5ller upp till 5 \u00e5r.<\/li>\n<\/ul>\n<p>Magnetkontakt MC-312 \u00e4r kompatibel med PowerMaster-kontrollpaneler och passar perfekt f\u00f6r h\u00f6gvolymsanv\u00e4ndning i kommersiella fastigheter.<\/p>\n<p><iframe src=\"https:\/\/www.youtube.com\/embed\/k4AuKTJvg98\" width=\"505\" height=\"284\" frameborder=\"0\" allowfullscreen=\"allowfullscreen\"><\/iframe><\/p>","protected":false},"excerpt":{"rendered":"<p>Magnetkontakt MC-312 Utomhus \u00e4r en PowerG-enhet med IP66-certifiering, l\u00e5ng batteritid och enkel installation f\u00f6r s\u00e4kerhet i tuffa utomhusmilj\u00f6er.<\/p>","protected":false},"featured_media":82652,"template":"","meta":{"_acf_changed":false},"product_brand":[],"product_cat":[1386,3596,3602,3604],"product_tag":[1851,1668],"class_list":{"0":"post-46467","1":"product","2":"type-product","3":"status-publish","4":"has-post-thumbnail","6":"product_cat-visonic-inbrottslarm-tradlost","7":"product_cat-larmenheter","8":"product_cat-magnetkontakter-och-skalskydd","9":"product_cat-utomhussakerhet-larmenheter","10":"product_tag-sbsc-larmklassr","11":"product_tag-visonic-magnet","12":"product_shipping_class-tunga-paket","13":"pa_brands-5visonic","14":"tm-no-options","16":"first","17":"instock","18":"sale","19":"taxable","20":"shipping-taxable","21":"product-type-simple"},"acf":[],"_links":{"self":[{"href":"https:\/\/stonehouse.se\/en\/wp-json\/wp\/v2\/product\/46467","targetHints":{"allow":["GET"]}}],"collection":[{"href":"https:\/\/stonehouse.se\/en\/wp-json\/wp\/v2\/product"}],"about":[{"href":"https:\/\/stonehouse.se\/en\/wp-json\/wp\/v2\/types\/product"}],"wp:featuredmedia":[{"embeddable":true,"href":"https:\/\/stonehouse.se\/en\/wp-json\/wp\/v2\/media\/82652"}],"wp:attachment":[{"href":"https:\/\/stonehouse.se\/en\/wp-json\/wp\/v2\/media?parent=46467"}],"wp:term":[{"taxonomy":"product_brand","embeddable":true,"href":"https:\/\/stonehouse.se\/en\/wp-json\/wp\/v2\/product_brand?post=46467"},{"taxonomy":"product_cat","embeddable":true,"href":"https:\/\/stonehouse.se\/en\/wp-json\/wp\/v2\/product_cat?post=46467"},{"taxonomy":"product_tag","embeddable":true,"href":"https:\/\/stonehouse.se\/en\/wp-json\/wp\/v2\/product_tag?post=46467"}],"curies":[{"name":"wp","href":"https:\/\/api.w.org\/{rel}","templated":true}]}}