
{"id":46471,"date":"2022-11-21T17:13:20","date_gmt":"2022-11-21T16:13:20","guid":{"rendered":"https:\/\/stonehouse.se\/produkt\/visonic-mc-302e-pg2-powermaster-wireless-two-way-door-window-magnetic-contact-transmitter-with-wired-input\/"},"modified":"2026-04-09T11:38:57","modified_gmt":"2026-04-09T09:38:57","slug":"magnetkontakt-mc-302e-pg2-visonic","status":"publish","type":"product","link":"https:\/\/stonehouse.se\/en\/product\/magnetkontakt-mc-302e-pg2-visonic\/","title":{"rendered":"Magnetkontakt MC-302E PG2 &#8211; Visonic"},"content":{"rendered":"<div class=\"flex max-w-full flex-col flex-grow\">\n<div class=\"min-h-8 text-message flex w-full flex-col items-end gap-2 whitespace-normal break-words text-start [.text-message+&amp;]:mt-5\" dir=\"auto\" data-message-author-role=\"assistant\" data-message-id=\"799cae8d-089e-41a2-835a-217705ffc746\" data-message-model-slug=\"gpt-4o\">\n<div class=\"flex w-full flex-col gap-1 empty:hidden first:pt-[3px]\">\n<div class=\"markdown prose w-full break-words dark:prose-invert light\">\n<h1>Magnetkontakt MC-302E PG2 \u2013 Teknisk Precision f\u00f6r Larmsystem<\/h1>\n<p>MC-302E PG2 \u00e4r en tr\u00e5dl\u00f6s magnetkontakt med tv\u00e5v\u00e4gskommunikation, utvecklad f\u00f6r att skydda d\u00f6rrar och f\u00f6nster i b\u00e5de bost\u00e4der och kommersiella milj\u00f6er.<\/p>\n<p>Med PowerG-teknologi och flera avancerade funktioner erbjuder den en s\u00e4ker och stabil l\u00f6sning.<\/p>\n<h4>Tekniska Funktioner:<\/h4>\n<ul>\n<li><strong>Kommunikation<\/strong>: Tv\u00e5v\u00e4gs Frequency Hopping Spread Spectrum FHSS-TDMA-teknik.<\/li>\n<li><strong>Batterityp<\/strong>: 3V CR-123 litiumbatteri med upp till 8 \u00e5rs livsl\u00e4ngd.<\/li>\n<li><strong>Dimensioner<\/strong>: 81 x 34 x 25 mm.<\/li>\n<li><strong>Aux-ing\u00e5ng<\/strong>: Konfigurerbar som NC, NO eller EOL f\u00f6r extra sensorer.<\/li>\n<\/ul>\n<h3>Robust och M\u00e5ngsidig<\/h3>\n<p>Magnetkontakt MC-302E PG2 har sabotagebrytare och LED-indikator f\u00f6r systemstatus.<\/p>\n<p>Aux-ing\u00e5ngen g\u00f6r det m\u00f6jligt att ansluta ytterligare sensorer, vilket \u00f6kar funktionaliteten.<\/p>\n<p>Kompatibel med PowerMaster-system, erbjuder MC-302E PG2 p\u00e5litlig prestanda och l\u00e5ngsiktig s\u00e4kerhet.<\/p>\n<p>Detta g\u00f6r den till en idealisk l\u00f6sning f\u00f6r modern larminfrastruktur.<\/p>\n<\/div>\n<\/div>\n<\/div>\n<\/div>\n","protected":false},"excerpt":{"rendered":"<p>Magnetkontakt MC-302E PG2 \u00e4r en tr\u00e5dl\u00f6s magnetkontakt med tv\u00e5v\u00e4gskommunikation, l\u00e5ng r\u00e4ckvidd och st\u00f6d f\u00f6r extra sensorer via aux-ing\u00e5ng.<\/p>","protected":false},"featured_media":82657,"template":"","meta":{"_acf_changed":false},"product_brand":[],"product_cat":[1386,3596,3602],"product_tag":[1851,1668],"class_list":{"0":"post-46471","1":"product","2":"type-product","3":"status-publish","4":"has-post-thumbnail","6":"product_cat-visonic-inbrottslarm-tradlost","7":"product_cat-larmenheter","8":"product_cat-magnetkontakter-och-skalskydd","9":"product_tag-sbsc-larmklassr","10":"product_tag-visonic-magnet","11":"product_shipping_class-postnord-varubrev","12":"pa_brands-5visonic","13":"tm-no-options","15":"first","16":"outofstock","17":"sale","18":"taxable","19":"shipping-taxable","20":"product-type-simple"},"acf":[],"_links":{"self":[{"href":"https:\/\/stonehouse.se\/en\/wp-json\/wp\/v2\/product\/46471","targetHints":{"allow":["GET"]}}],"collection":[{"href":"https:\/\/stonehouse.se\/en\/wp-json\/wp\/v2\/product"}],"about":[{"href":"https:\/\/stonehouse.se\/en\/wp-json\/wp\/v2\/types\/product"}],"wp:featuredmedia":[{"embeddable":true,"href":"https:\/\/stonehouse.se\/en\/wp-json\/wp\/v2\/media\/82657"}],"wp:attachment":[{"href":"https:\/\/stonehouse.se\/en\/wp-json\/wp\/v2\/media?parent=46471"}],"wp:term":[{"taxonomy":"product_brand","embeddable":true,"href":"https:\/\/stonehouse.se\/en\/wp-json\/wp\/v2\/product_brand?post=46471"},{"taxonomy":"product_cat","embeddable":true,"href":"https:\/\/stonehouse.se\/en\/wp-json\/wp\/v2\/product_cat?post=46471"},{"taxonomy":"product_tag","embeddable":true,"href":"https:\/\/stonehouse.se\/en\/wp-json\/wp\/v2\/product_tag?post=46471"}],"curies":[{"name":"wp","href":"https:\/\/api.w.org\/{rel}","templated":true}]}}