
{"id":46493,"date":"2022-11-21T17:12:04","date_gmt":"2022-11-21T16:12:04","guid":{"rendered":"https:\/\/stonehouse.se\/produkt\/visonic-tower-cam-pg2-wireless-outdoor-pir-mirror-detector-and-integrated-camera\/"},"modified":"2026-04-09T11:40:03","modified_gmt":"2026-04-09T09:40:03","slug":"tower-cam-pg2-utomhus-kamera-visonic","status":"publish","type":"product","link":"https:\/\/stonehouse.se\/en\/product\/tower-cam-pg2-utomhus-kamera-visonic\/","title":{"rendered":"TOWER CAM PG2 &#8211; Utomhus PIR spegeldetektor + integrerad kamera &#8211; Visonic"},"content":{"rendered":"<div class=\"flex max-w-full flex-col flex-grow\">\n<div class=\"min-h-8 text-message flex w-full flex-col items-end gap-2 whitespace-normal break-words text-start [.text-message+&amp;]:mt-5\" dir=\"auto\" data-message-author-role=\"assistant\" data-message-id=\"2990ceed-92fd-445e-b359-b00bd4ed4adc\" data-message-model-slug=\"gpt-4o\">\n<div class=\"flex w-full flex-col gap-1 empty:hidden first:pt-[3px]\">\n<div class=\"markdown prose w-full break-words dark:prose-invert light\">\n<h1>TOWER CAM PG2 \u2013 Teknisk Utomhusdetektor f\u00f6r PowerMaster<\/h1>\n<p>TOWER CAM PG2 \u00e4r en tr\u00e5dl\u00f6s utomhus PIR-detektor med inbyggd kamera, designad f\u00f6r att m\u00f6ta de h\u00f6gsta s\u00e4kerhetskraven.<\/p>\n<p>Med avancerad teknologi som Octa-Quad och PowerG \u00e4r den b\u00e5de robust och p\u00e5litlig.<\/p>\n<h4>Tekniska Funktioner:<\/h4>\n<ul>\n<li><strong>T\u00e4ckning<\/strong>: 12&#215;12 m och 90\u00b0 vinkel.<\/li>\n<li><strong>Kamera<\/strong>: CMOS dag\/natt-kamera med IR-belysning f\u00f6r bilder i m\u00f6rker.<\/li>\n<li><strong>Batteri<\/strong>: Tv\u00e5 3V CR17450 litiumbatterier med upp till 3 \u00e5rs livsl\u00e4ngd.<\/li>\n<li><strong>Skydd<\/strong>: IP55-certifiering, anti-maskering och sabotageskydd f\u00f6r b\u00e5de lock och v\u00e4gg.<\/li>\n<li><strong>Kompatibilitet<\/strong>: PowerMaster-system version 18 och senare.<\/li>\n<\/ul>\n<h3>Optimal Funktionalitet<\/h3>\n<ul>\n<li>Anti-spray-perimetersp\u00e5r och True Motion Recognition (TMR) f\u00f6r korrekt detektion.<\/li>\n<li>V-Slot-teknologi f\u00f6r skydd mot vandalism.<\/li>\n<li>Inbyggd RF-l\u00e4nkstatus-LED f\u00f6r enkel installation och underh\u00e5ll.<\/li>\n<\/ul>\n<p>TOWER CAM PG2 \u00e4r en p\u00e5litlig och effektiv l\u00f6sning f\u00f6r att skydda utomhusomr\u00e5den.<\/p>\n<p>Med dess robusta design och avancerade funktioner \u00e4r den perfekt f\u00f6r s\u00e4kerhetsapplikationer d\u00e4r noggrannhet och tillf\u00f6rlitlighet \u00e4r avg\u00f6rande.<\/p>\n<\/div>\n<\/div>\n<\/div>\n<\/div>\n","protected":false},"excerpt":{"rendered":"<p>TOWER CAM PG2 \u00e4r en tr\u00e5dl\u00f6s utomhusdetektor med PowerG-teknologi, 12x12m t\u00e4ckning, och anti-maskeringsskydd.<\/p>\n<p>Perfekt f\u00f6r PowerMaster-system.<\/p>","protected":false},"featured_media":82750,"template":"","meta":{"_acf_changed":false},"product_brand":[],"product_cat":[1386,3596,3604],"product_tag":[1851,1665],"class_list":{"0":"post-46493","1":"product","2":"type-product","3":"status-publish","4":"has-post-thumbnail","6":"product_cat-visonic-inbrottslarm-tradlost","7":"product_cat-larmenheter","8":"product_cat-utomhussakerhet-larmenheter","9":"product_tag-sbsc-larmklassr","10":"product_tag-visonic-kamera","11":"product_shipping_class-tunga-paket","12":"pa_brands-5visonic","13":"tm-no-options","15":"first","16":"onbackorder","17":"sale","18":"taxable","19":"shipping-taxable","20":"product-type-simple"},"acf":[],"_links":{"self":[{"href":"https:\/\/stonehouse.se\/en\/wp-json\/wp\/v2\/product\/46493","targetHints":{"allow":["GET"]}}],"collection":[{"href":"https:\/\/stonehouse.se\/en\/wp-json\/wp\/v2\/product"}],"about":[{"href":"https:\/\/stonehouse.se\/en\/wp-json\/wp\/v2\/types\/product"}],"wp:featuredmedia":[{"embeddable":true,"href":"https:\/\/stonehouse.se\/en\/wp-json\/wp\/v2\/media\/82750"}],"wp:attachment":[{"href":"https:\/\/stonehouse.se\/en\/wp-json\/wp\/v2\/media?parent=46493"}],"wp:term":[{"taxonomy":"product_brand","embeddable":true,"href":"https:\/\/stonehouse.se\/en\/wp-json\/wp\/v2\/product_brand?post=46493"},{"taxonomy":"product_cat","embeddable":true,"href":"https:\/\/stonehouse.se\/en\/wp-json\/wp\/v2\/product_cat?post=46493"},{"taxonomy":"product_tag","embeddable":true,"href":"https:\/\/stonehouse.se\/en\/wp-json\/wp\/v2\/product_tag?post=46493"}],"curies":[{"name":"wp","href":"https:\/\/api.w.org\/{rel}","templated":true}]}}