
{"id":46509,"date":"2022-11-21T17:11:32","date_gmt":"2022-11-21T16:11:32","guid":{"rendered":"https:\/\/stonehouse.se\/produkt\/visonic-tower-32am-pg2-powerg-high-performance-wireless-mirror-dual-technology-detector-with-anti-masking\/"},"modified":"2026-04-09T11:41:00","modified_gmt":"2026-04-09T09:41:00","slug":"kombidetektor-tower-32-am-pg2-visonic","status":"publish","type":"product","link":"https:\/\/stonehouse.se\/en\/product\/kombidetektor-tower-32-am-pg2-visonic\/","title":{"rendered":"Kombidetektor TOWER-32 AM PG2 &#8211; Visonic"},"content":{"rendered":"<div class=\"flex max-w-full flex-col flex-grow\">\n<div class=\"min-h-8 text-message flex w-full flex-col items-end gap-2 whitespace-normal break-words text-start [.text-message+&amp;]:mt-5\" dir=\"auto\" data-message-author-role=\"assistant\" data-message-id=\"ecda0416-f841-44b8-ac53-94220ca723f9\" data-message-model-slug=\"gpt-4o\">\n<div class=\"flex w-full flex-col gap-1 empty:hidden first:pt-[3px]\">\n<div class=\"markdown prose w-full break-words dark:prose-invert light\">\n<h1>Kombidetektor TOWER-32AM PG2 \u2013 Teknisk och Tillf\u00f6rlitlig Kombidetektor<\/h1>\n<p>TOWER-32AM PG2 \u00e4r en tr\u00e5dl\u00f6s kombidetektor med dubbelteknologi som ger h\u00f6g precision och minimalt underh\u00e5ll.<\/p>\n<p>Med PowerG-teknologi och avancerade funktioner som antimaskering och temperaturkompensation \u00e4r detektorn idealisk f\u00f6r kr\u00e4vande milj\u00f6er.<\/p>\n<h4>Tekniska Funktioner:<\/h4>\n<ul>\n<li><strong>R\u00e4ckvidd<\/strong>: 15 m \/ 90\u00b0 t\u00e4ckning med krypzon.<\/li>\n<li><strong>Batteri<\/strong>: 3V CR-123A litiumbatteri med upp till 5 \u00e5rs livsl\u00e4ngd.<\/li>\n<li><strong>Monteringsh\u00f6jd<\/strong>: 1,8\u20133 m.<\/li>\n<li><strong>Arbetstemperatur<\/strong>: -10\u00b0C till 50\u00b0C.<\/li>\n<li><strong>Kompatibilitet<\/strong>: PowerMaster-system version 16 och senare.<\/li>\n<\/ul>\n<h3>S\u00e4kerhet och H\u00e5llbarhet<\/h3>\n<ul>\n<li><strong>Antimaskering<\/strong>: Skyddar b\u00e5de PIR och mikrov\u00e5gssensorer mot manipulation.<\/li>\n<li><strong>Sabotageskydd<\/strong>: Aktiverar larm vid f\u00f6rs\u00f6k att \u00f6ppna eller ta bort detektorn.<\/li>\n<li><strong>Frekvenshoppning<\/strong>: Robust mot radiofrekvensst\u00f6rningar f\u00f6r p\u00e5litlig kommunikation.<\/li>\n<\/ul>\n<h4>Extra Funktioner:<\/h4>\n<ul>\n<li><strong>Temperaturkompensation<\/strong>: Optimerar k\u00e4nsligheten f\u00f6r att uppt\u00e4cka r\u00f6relser i varierande temperaturer.<\/li>\n<li><strong>Fj\u00e4rrunderh\u00e5ll<\/strong>: M\u00f6jligg\u00f6r diagnostik och konfiguration utan att fysiskt n\u00e5 detektorn.<\/li>\n<\/ul>\n<p>Kombidetektor TOWER-32AM PG2 erbjuder marknadsledande prestanda och \u00e4r ett perfekt val f\u00f6r installationer som kr\u00e4ver h\u00f6g s\u00e4kerhet och p\u00e5litlighet.<\/p>\n<p>Investera i modern teknologi som ger trygghet och skydd i alla milj\u00f6er.<\/p>\n<\/div>\n<\/div>\n<\/div>\n<\/div>\n","protected":false},"excerpt":{"rendered":"<p>Kombidetektor TOWER-32AM PG2 \u2013 Teknisk och Tillf\u00f6rlitlig Kombidetektor TOWER-32AM PG2 \u00e4r en tr\u00e5dl\u00f6s kombidetektor med dubbelteknologi som ger h\u00f6g precision<\/p>","protected":false},"featured_media":83071,"template":"","meta":{"_acf_changed":false},"product_brand":[],"product_cat":[1386,3596,3603],"product_tag":[1851,1671],"class_list":{"0":"post-46509","1":"product","2":"type-product","3":"status-publish","4":"has-post-thumbnail","6":"product_cat-visonic-inbrottslarm-tradlost","7":"product_cat-larmenheter","8":"product_cat-rorelse-och-kamera-larmenheter","9":"product_tag-sbsc-larmklassr","10":"product_tag-visonic-rorelsedetektor","11":"product_shipping_class-tunga-paket","12":"pa_brands-5visonic","13":"tm-no-options","15":"first","16":"onbackorder","17":"sale","18":"taxable","19":"shipping-taxable","20":"product-type-simple"},"acf":[],"_links":{"self":[{"href":"https:\/\/stonehouse.se\/en\/wp-json\/wp\/v2\/product\/46509","targetHints":{"allow":["GET"]}}],"collection":[{"href":"https:\/\/stonehouse.se\/en\/wp-json\/wp\/v2\/product"}],"about":[{"href":"https:\/\/stonehouse.se\/en\/wp-json\/wp\/v2\/types\/product"}],"wp:featuredmedia":[{"embeddable":true,"href":"https:\/\/stonehouse.se\/en\/wp-json\/wp\/v2\/media\/83071"}],"wp:attachment":[{"href":"https:\/\/stonehouse.se\/en\/wp-json\/wp\/v2\/media?parent=46509"}],"wp:term":[{"taxonomy":"product_brand","embeddable":true,"href":"https:\/\/stonehouse.se\/en\/wp-json\/wp\/v2\/product_brand?post=46509"},{"taxonomy":"product_cat","embeddable":true,"href":"https:\/\/stonehouse.se\/en\/wp-json\/wp\/v2\/product_cat?post=46509"},{"taxonomy":"product_tag","embeddable":true,"href":"https:\/\/stonehouse.se\/en\/wp-json\/wp\/v2\/product_tag?post=46509"}],"curies":[{"name":"wp","href":"https:\/\/api.w.org\/{rel}","templated":true}]}}