
{"id":46529,"date":"2022-11-21T17:10:15","date_gmt":"2022-11-21T16:10:15","guid":{"rendered":"https:\/\/stonehouse.se\/produkt\/visonic-mp-902-pg2-powerg-wireless-advanced-outdoor-curtain-pir-detector\/"},"modified":"2026-04-09T11:37:29","modified_gmt":"2026-04-09T09:37:29","slug":"detektor-mp-902-utomhus-visonic","status":"publish","type":"product","link":"https:\/\/stonehouse.se\/en\/product\/detektor-mp-902-utomhus-visonic\/","title":{"rendered":"Detektor MP-902 Utomhus PG2 PowerG &#8211; Modell PIR &#8211; Visonic"},"content":{"rendered":"<div class=\"flex max-w-full flex-col flex-grow\">\n<div class=\"min-h-8 text-message flex w-full flex-col items-end gap-2 whitespace-normal break-words text-start [.text-message+&amp;]:mt-5\" dir=\"auto\" data-message-author-role=\"assistant\" data-message-id=\"26950feb-846f-41a2-bea4-0f4ab692920b\" data-message-model-slug=\"gpt-4o\">\n<div class=\"flex w-full flex-col gap-1 empty:hidden first:pt-[3px]\">\n<div class=\"markdown prose w-full break-words dark:prose-invert light\">\n<h1>Detektor MP-902 PG2 \u2013 Teknisk Precision f\u00f6r Utomhusmilj\u00f6er<\/h1>\n<p>MP-902 PG2 \u00e4r en avancerad tr\u00e5dl\u00f6s utomhus PIR-detektor med PowerG-teknologi.<\/p>\n<p>Med funktioner som True Motion Recognition\u2122 och djurimmunitet \u00e4r den perfekt f\u00f6r att skydda ing\u00e5ngar och fasader.<\/p>\n<h4>Tekniska Specifikationer:<\/h4>\n<ul>\n<li><strong>R\u00e4ckvidd<\/strong>: 8 m med smal skyddszon.<\/li>\n<li><strong>Batteri<\/strong>: Tv\u00e5 3V CR123A litiumbatterier med upp till 3 \u00e5rs livsl\u00e4ngd.<\/li>\n<li><strong>Temperaturomr\u00e5de<\/strong>: -35\u00b0C till 60\u00b0C.<\/li>\n<li><strong>Dimensioner<\/strong>: 145 x 71 x 62 mm.<\/li>\n<li><strong>Vikt<\/strong>: 283 g inklusive batterier.<\/li>\n<\/ul>\n<h3>Avancerade Funktioner<\/h3>\n<ul>\n<li><strong>Antimaskningsteknologi<\/strong>: F\u00f6rhindrar manipulering av sensorn.<\/li>\n<li><strong>IP55-certifiering<\/strong>: S\u00e4kerst\u00e4ller drift under sv\u00e5ra v\u00e4derf\u00f6rh\u00e5llanden.<\/li>\n<li><strong>Temperatursensor<\/strong>: Ger aktuella temperaturdata och varningar vid extrema f\u00f6rh\u00e5llanden.<\/li>\n<\/ul>\n<h4>F\u00f6rdelar f\u00f6r Installat\u00f6rer och Anv\u00e4ndare:<\/h4>\n<ul>\n<li>Enkel att installera med justerbart f\u00e4ste.<\/li>\n<li>Tr\u00e5dl\u00f6s kommunikation f\u00f6r snabb och smidig installation.<\/li>\n<li>Integrerad med PowerMaster-system f\u00f6r full kontroll via app.<\/li>\n<\/ul>\n<p>Deteketor MP-902 PG2 \u00e4r en p\u00e5litlig l\u00f6sning f\u00f6r att s\u00e4kra ditt hem eller f\u00f6retag.<\/p>\n<p>Med avancerad teknologi och robust design erbjuder den skydd och trygghet i alla milj\u00f6er.<\/p>\n<\/div>\n<\/div>\n<\/div>\n<\/div>\n<p>&nbsp;<\/p>\n<p><iframe src=\"https:\/\/www.youtube.com\/embed\/homlHlVajWA\" width=\"505\" height=\"284\" frameborder=\"0\" allowfullscreen=\"allowfullscreen\"><\/iframe>En<\/p>\n<p>&nbsp;<\/p>\n<p>&nbsp;<\/p>\n","protected":false},"excerpt":{"rendered":"<p>Detektor MP-902 PG2 \u00e4r en tr\u00e5dl\u00f6s utomhusdetektor med PowerG-teknologi, 8 m detektering, djurimmunitet och IP55-certifiering. Idealisk f\u00f6r f\u00f6nster och d\u00f6rrar.<\/p>","protected":false},"featured_media":82760,"template":"","meta":{"_acf_changed":false},"product_brand":[],"product_cat":[1386,3596,3604],"product_tag":[2638,1851,1671],"class_list":{"0":"post-46529","1":"product","2":"type-product","3":"status-publish","4":"has-post-thumbnail","6":"product_cat-visonic-inbrottslarm-tradlost","7":"product_cat-larmenheter","8":"product_cat-utomhussakerhet-larmenheter","9":"product_tag-cr123-tillbehor","10":"product_tag-sbsc-larmklassr","11":"product_tag-visonic-rorelsedetektor","12":"product_shipping_class-tunga-paket","13":"pa_brands-5visonic","14":"tm-no-options","16":"first","17":"onbackorder","18":"sale","19":"taxable","20":"shipping-taxable","21":"product-type-simple"},"acf":[],"_links":{"self":[{"href":"https:\/\/stonehouse.se\/en\/wp-json\/wp\/v2\/product\/46529","targetHints":{"allow":["GET"]}}],"collection":[{"href":"https:\/\/stonehouse.se\/en\/wp-json\/wp\/v2\/product"}],"about":[{"href":"https:\/\/stonehouse.se\/en\/wp-json\/wp\/v2\/types\/product"}],"wp:featuredmedia":[{"embeddable":true,"href":"https:\/\/stonehouse.se\/en\/wp-json\/wp\/v2\/media\/82760"}],"wp:attachment":[{"href":"https:\/\/stonehouse.se\/en\/wp-json\/wp\/v2\/media?parent=46529"}],"wp:term":[{"taxonomy":"product_brand","embeddable":true,"href":"https:\/\/stonehouse.se\/en\/wp-json\/wp\/v2\/product_brand?post=46529"},{"taxonomy":"product_cat","embeddable":true,"href":"https:\/\/stonehouse.se\/en\/wp-json\/wp\/v2\/product_cat?post=46529"},{"taxonomy":"product_tag","embeddable":true,"href":"https:\/\/stonehouse.se\/en\/wp-json\/wp\/v2\/product_tag?post=46529"}],"curies":[{"name":"wp","href":"https:\/\/api.w.org\/{rel}","templated":true}]}}