
{"id":46535,"date":"2022-11-21T17:09:53","date_gmt":"2022-11-21T16:09:53","guid":{"rendered":"https:\/\/stonehouse.se\/produkt\/visonic-pb-102-pg2-868-0030-powerg-2-button-supervised-handheld-wireless-panic-button-868mhz\/"},"modified":"2026-04-09T11:35:42","modified_gmt":"2026-04-09T09:35:42","slug":"overfallskontakt-pb-102-pg2-visonic","status":"publish","type":"product","link":"https:\/\/stonehouse.se\/en\/product\/overfallskontakt-pb-102-pg2-visonic\/","title":{"rendered":"\u00d6verfallskontakt PB-102  Panikknapp med 2-knappar 868MHz &#8211; Visonic"},"content":{"rendered":"<div class=\"flex max-w-full flex-col flex-grow\">\n<div class=\"min-h-8 text-message flex w-full flex-col items-end gap-2 whitespace-normal break-words text-start [.text-message+&amp;]:mt-5\" dir=\"auto\" data-message-author-role=\"assistant\" data-message-id=\"bdc0c38a-3916-4a6f-b1b8-e2bb5ee82b44\" data-message-model-slug=\"gpt-4o\">\n<div class=\"flex w-full flex-col gap-1 empty:hidden first:pt-[3px]\">\n<div class=\"markdown prose w-full break-words dark:prose-invert light\">\n<h1>\u00d6verfallskontakt PB-102 PG2 \u2013 Teknisk och Tillf\u00f6rlitlig Panikknapp<\/h1>\n<p>PB-102 PG2 \u00e4r en avancerad, tr\u00e5dl\u00f6s panikknapp med PowerG-teknologi, utvecklad f\u00f6r att ge p\u00e5litlig larmhantering i kritiska situationer.<\/p>\n<p>Den \u00e4r idealisk f\u00f6r b\u00e5de privata och kommersiella milj\u00f6er som kr\u00e4ver snabb respons.<\/p>\n<h4>Tekniska Specifikationer:<\/h4>\n<ul>\n<li><strong>Batteri<\/strong>: 3V CR2032 litiumbatteri med upp till 5 \u00e5rs livsl\u00e4ngd.<\/li>\n<li><strong>Dimensioner<\/strong>: 53 x 33 x 11 mm.<\/li>\n<li><strong>Temperaturt\u00e5lighet<\/strong>: 0\u00b0C till 50\u00b0C.<\/li>\n<li><strong>Frekvensband<\/strong>: 868-869 MHz (EU) och andra internationella standarder.<\/li>\n<\/ul>\n<h3>Avancerade Funktioner<\/h3>\n<ul>\n<li><strong>PowerG-teknologi<\/strong>: Tv\u00e5v\u00e4gskommunikation f\u00f6r robust och s\u00e4ker larm\u00f6verf\u00f6ring.<\/li>\n<li><strong>Ergonomisk design<\/strong>: Attraktiv och kompakt, perfekt f\u00f6r b\u00e4rbar eller v\u00e4ggmonterad anv\u00e4ndning.<\/li>\n<li><strong>L\u00e5gt batteri-varning<\/strong>: Indikation b\u00e5de p\u00e5 enheten och i kontrollpanelen.<\/li>\n<\/ul>\n<h4>Anv\u00e4ndningsomr\u00e5den:<\/h4>\n<ul>\n<li>Hem och f\u00f6retag som kr\u00e4ver snabb n\u00f6dlarmhantering.<\/li>\n<li>Milj\u00f6er d\u00e4r anv\u00e4ndare enkelt kan b\u00e4ra eller montera panikknappen.<\/li>\n<\/ul>\n<p>\u00d6verfallskontakt PB-102 PG2 erbjuder trygghet och snabbhet i ett kompakt format.<\/p>\n<p>Dess m\u00e5ngsidighet och p\u00e5litlighet g\u00f6r den till ett ov\u00e4rderligt tillskott i alla s\u00e4kerhetssystem.<\/p>\n<\/div>\n<\/div>\n<\/div>\n<\/div>\n","protected":false},"excerpt":{"rendered":"<p>Tr\u00e5dl\u00f6s panikknapp PB-102 PG2 med PowerG-teknologi.<\/p>\n<p>Dubbla knappar, l\u00e5ng batteritid och kompatibilitet med PowerMaster-system.<\/p>","protected":false},"featured_media":82764,"template":"","meta":{"_acf_changed":false},"product_brand":[],"product_cat":[1386,3606],"product_tag":[1666],"class_list":{"0":"post-46535","1":"product","2":"type-product","3":"status-publish","4":"has-post-thumbnail","6":"product_cat-visonic-inbrottslarm-tradlost","7":"product_cat-larmstyrning-knappsatser","8":"product_tag-visonic-fjarr-assistansknapp","9":"product_shipping_class-tunga-paket","10":"pa_brands-5visonic","11":"tm-no-options","13":"first","14":"onbackorder","15":"sale","16":"taxable","17":"shipping-taxable","18":"product-type-simple"},"acf":[],"_links":{"self":[{"href":"https:\/\/stonehouse.se\/en\/wp-json\/wp\/v2\/product\/46535","targetHints":{"allow":["GET"]}}],"collection":[{"href":"https:\/\/stonehouse.se\/en\/wp-json\/wp\/v2\/product"}],"about":[{"href":"https:\/\/stonehouse.se\/en\/wp-json\/wp\/v2\/types\/product"}],"wp:featuredmedia":[{"embeddable":true,"href":"https:\/\/stonehouse.se\/en\/wp-json\/wp\/v2\/media\/82764"}],"wp:attachment":[{"href":"https:\/\/stonehouse.se\/en\/wp-json\/wp\/v2\/media?parent=46535"}],"wp:term":[{"taxonomy":"product_brand","embeddable":true,"href":"https:\/\/stonehouse.se\/en\/wp-json\/wp\/v2\/product_brand?post=46535"},{"taxonomy":"product_cat","embeddable":true,"href":"https:\/\/stonehouse.se\/en\/wp-json\/wp\/v2\/product_cat?post=46535"},{"taxonomy":"product_tag","embeddable":true,"href":"https:\/\/stonehouse.se\/en\/wp-json\/wp\/v2\/product_tag?post=46535"}],"curies":[{"name":"wp","href":"https:\/\/api.w.org\/{rel}","templated":true}]}}