
{"id":46993,"date":"2022-11-21T12:56:02","date_gmt":"2022-11-21T11:56:02","guid":{"rendered":"https:\/\/stonehouse.se\/produkt\/poeswitch-4-port-battbackup\/"},"modified":"2026-04-08T16:47:31","modified_gmt":"2026-04-08T14:47:31","slug":"poeswitch-4-port-battbackup","status":"publish","type":"product","link":"https:\/\/stonehouse.se\/en\/product\/poeswitch-4-port-battbackup\/","title":{"rendered":"Poeswitch 4 Port Battery Backup"},"content":{"rendered":"<p>N\u00e4tsp\u00e4nning indikeras med gr\u00f6n lysdiod och fel med r\u00f6d lysdiod p\u00e5 fronten, larmrel\u00e4. Kan f\u00f6rses med larmkort f\u00f6r yttrligare fellarm och sabotagekontakt i f\u00f6rborrade h\u00e5l. Aggregatet \u00e4r skyddad mot \u00f6verbelastning, kortslutning och har inbyggt skydd mot djupurladdning av batterierna. N\u00e4t, last, batteri skyddas av s\u00e4kringar. Uppfyller b\u00e5de IEEE802.3af och IEEE802.3at. och kan leverera upp till 25W\/port<\/p>","protected":false},"excerpt":{"rendered":"<p>N\u00e4tsp\u00e4nning indikeras med gr\u00f6n lysdiod och fel med r\u00f6d lysdiod p\u00e5 fronten, larmrel\u00e4. Kan f\u00f6rses med larmkort f\u00f6r yttrligare fellarm<\/p>","protected":false},"featured_media":82804,"template":"","meta":{"_acf_changed":false},"product_brand":[],"product_cat":[1404],"product_tag":[],"class_list":{"0":"post-46993","1":"product","2":"type-product","3":"status-publish","4":"has-post-thumbnail","6":"product_cat-poe-switch-med-batteribackup","7":"product_shipping_class-tunga-paket","8":"pa_brands-swansons","9":"tm-no-options","11":"first","12":"instock","13":"sale","14":"taxable","15":"shipping-taxable","16":"product-type-simple"},"acf":[],"_links":{"self":[{"href":"https:\/\/stonehouse.se\/en\/wp-json\/wp\/v2\/product\/46993","targetHints":{"allow":["GET"]}}],"collection":[{"href":"https:\/\/stonehouse.se\/en\/wp-json\/wp\/v2\/product"}],"about":[{"href":"https:\/\/stonehouse.se\/en\/wp-json\/wp\/v2\/types\/product"}],"wp:featuredmedia":[{"embeddable":true,"href":"https:\/\/stonehouse.se\/en\/wp-json\/wp\/v2\/media\/82804"}],"wp:attachment":[{"href":"https:\/\/stonehouse.se\/en\/wp-json\/wp\/v2\/media?parent=46993"}],"wp:term":[{"taxonomy":"product_brand","embeddable":true,"href":"https:\/\/stonehouse.se\/en\/wp-json\/wp\/v2\/product_brand?post=46993"},{"taxonomy":"product_cat","embeddable":true,"href":"https:\/\/stonehouse.se\/en\/wp-json\/wp\/v2\/product_cat?post=46993"},{"taxonomy":"product_tag","embeddable":true,"href":"https:\/\/stonehouse.se\/en\/wp-json\/wp\/v2\/product_tag?post=46993"}],"curies":[{"name":"wp","href":"https:\/\/api.w.org\/{rel}","templated":true}]}}