
{"id":47358,"date":"2022-11-21T12:06:24","date_gmt":"2022-11-21T11:06:24","guid":{"rendered":"https:\/\/stonehouse.se\/produkt\/stromfors-agg-24v-50a\/"},"modified":"2026-04-08T16:47:39","modified_gmt":"2026-04-08T14:47:39","slug":"stromfors-agg-24v-50a","status":"publish","type":"product","link":"https:\/\/stonehouse.se\/en\/product\/stromfors-agg-24v-50a\/","title":{"rendered":"Str\u00f6mf\u00f6rs Agg 24V 5,0A"},"content":{"rendered":"<p>SM40 \u00e4r en prim\u00e4rswitchad batteribackup 24V 5A med h\u00f6g verkningsgrad, perfekt f\u00f6r drift av alla typer av svagstr\u00f6msanl\u00e4ggningar, larm, brand och passagesystem.Smidigt, v\u00e4lventilerat aggregat som k\u00e4nnetecknas av sm\u00e5 dimensioner och enkel och snabb installation som har batterihylla i botten och nyckelh\u00e5lsh\u00e4ngareh\u00e4ngare.L\u00e4mnar en v\u00e4l filtrerad och stabil utsp\u00e4nning som \u00e4r skyddad mot \u00f6verbelastning och kortslutning. F\u00f6rsedd med effektiv 2 stegs laddning som snabbt och s\u00e4kert laddar upp batterierna.Kan parallellkopplas f\u00f6r att f\u00e5 st\u00f6rre uteffekt eller kompensera sp\u00e4nningsfall i kablar.N\u00e4tsp\u00e4nning indikeras med gr\u00f6n lysdiod p\u00e5 fronten och fel med r\u00f6d lysdiod. \u00c4r f\u00f6rsedda med larmrel\u00e4 f\u00f6r n\u00e4tavbrottslarm. N\u00e4t, last och batteri skyddas av s\u00e4kringar. Kan enkelt ut\u00f6kas med larmkort SM102 eller kort fr\u00e5n SPM900 serien. Inbyggt skydd mot djupurladdning av batterierna. Batterier medf\u00f6ljer ej.<\/p>","protected":false},"excerpt":{"rendered":"<p>SM40 \u00e4r en prim\u00e4rswitchad batteribackup 24V 5A med h\u00f6g verkningsgrad, perfekt f\u00f6r drift av alla typer av svagstr\u00f6msanl\u00e4ggningar, larm, brand<\/p>","protected":false},"featured_media":83201,"template":"","meta":{"_acf_changed":false},"product_brand":[],"product_cat":[435],"product_tag":[1501,1775],"class_list":{"0":"post-47358","1":"product","2":"type-product","3":"status-publish","4":"has-post-thumbnail","6":"product_cat-batteribackuper","7":"product_tag-backup-0-6-a","8":"product_tag-backup-24v","9":"product_shipping_class-tunga-paket","10":"pa_brands-swansons","11":"tm-no-options","13":"first","14":"instock","15":"sale","16":"featured","17":"taxable","18":"shipping-taxable","19":"product-type-simple"},"acf":[],"_links":{"self":[{"href":"https:\/\/stonehouse.se\/en\/wp-json\/wp\/v2\/product\/47358","targetHints":{"allow":["GET"]}}],"collection":[{"href":"https:\/\/stonehouse.se\/en\/wp-json\/wp\/v2\/product"}],"about":[{"href":"https:\/\/stonehouse.se\/en\/wp-json\/wp\/v2\/types\/product"}],"wp:featuredmedia":[{"embeddable":true,"href":"https:\/\/stonehouse.se\/en\/wp-json\/wp\/v2\/media\/83201"}],"wp:attachment":[{"href":"https:\/\/stonehouse.se\/en\/wp-json\/wp\/v2\/media?parent=47358"}],"wp:term":[{"taxonomy":"product_brand","embeddable":true,"href":"https:\/\/stonehouse.se\/en\/wp-json\/wp\/v2\/product_brand?post=47358"},{"taxonomy":"product_cat","embeddable":true,"href":"https:\/\/stonehouse.se\/en\/wp-json\/wp\/v2\/product_cat?post=47358"},{"taxonomy":"product_tag","embeddable":true,"href":"https:\/\/stonehouse.se\/en\/wp-json\/wp\/v2\/product_tag?post=47358"}],"curies":[{"name":"wp","href":"https:\/\/api.w.org\/{rel}","templated":true}]}}