
{"id":47378,"date":"2022-11-21T12:05:34","date_gmt":"2022-11-21T11:05:34","guid":{"rendered":"https:\/\/stonehouse.se\/produkt\/nataggregat-agg-24v-5a-mini\/"},"modified":"2026-04-08T16:48:55","modified_gmt":"2026-04-08T14:48:55","slug":"nataggregat-agg-24v-5a-mini","status":"publish","type":"product","link":"https:\/\/stonehouse.se\/en\/product\/nataggregat-agg-24v-5a-mini\/","title":{"rendered":"N\u00e4taggregat Agg 24V 5A Mini"},"content":{"rendered":"","protected":false},"excerpt":{"rendered":"<p>Stabiliserad reglerad sp\u00e4nning.St\u00e4llbar utsp\u00e4nning +-10%.1 termiskt avs\u00e4krad utg\u00e5ng.L\u00e5sbar med g\u00e5ngj\u00e4rnsf\u00f6rsedd d\u00f6rr.2 st kabelgenomf\u00f6ringar.Dragavlastning.<\/p>","protected":false},"featured_media":82877,"template":"","meta":{"_acf_changed":false},"product_brand":[],"product_cat":[440],"product_tag":[],"class_list":{"0":"post-47378","1":"product","2":"type-product","3":"status-publish","4":"has-post-thumbnail","6":"product_cat-transformatorer","7":"product_shipping_class-tunga-paket","8":"pa_brands-milleteknik","9":"tm-no-options","11":"first","12":"outofstock","13":"sale","14":"taxable","15":"shipping-taxable","16":"product-type-simple"},"acf":[],"_links":{"self":[{"href":"https:\/\/stonehouse.se\/en\/wp-json\/wp\/v2\/product\/47378","targetHints":{"allow":["GET"]}}],"collection":[{"href":"https:\/\/stonehouse.se\/en\/wp-json\/wp\/v2\/product"}],"about":[{"href":"https:\/\/stonehouse.se\/en\/wp-json\/wp\/v2\/types\/product"}],"wp:featuredmedia":[{"embeddable":true,"href":"https:\/\/stonehouse.se\/en\/wp-json\/wp\/v2\/media\/82877"}],"wp:attachment":[{"href":"https:\/\/stonehouse.se\/en\/wp-json\/wp\/v2\/media?parent=47378"}],"wp:term":[{"taxonomy":"product_brand","embeddable":true,"href":"https:\/\/stonehouse.se\/en\/wp-json\/wp\/v2\/product_brand?post=47378"},{"taxonomy":"product_cat","embeddable":true,"href":"https:\/\/stonehouse.se\/en\/wp-json\/wp\/v2\/product_cat?post=47378"},{"taxonomy":"product_tag","embeddable":true,"href":"https:\/\/stonehouse.se\/en\/wp-json\/wp\/v2\/product_tag?post=47378"}],"curies":[{"name":"wp","href":"https:\/\/api.w.org\/{rel}","templated":true}]}}