
{"id":47380,"date":"2022-11-21T12:02:59","date_gmt":"2022-11-21T11:02:59","guid":{"rendered":"https:\/\/stonehouse.se\/produkt\/nataggregat-trafo-agg-24v-1a\/"},"modified":"2026-04-08T16:49:28","modified_gmt":"2026-04-08T14:49:28","slug":"nataggregat-trafo-agg-24v-1a","status":"publish","type":"product","link":"https:\/\/stonehouse.se\/en\/product\/nataggregat-trafo-agg-24v-1a\/","title":{"rendered":"N\u00e4taggregat\/Trafo Agg 24V\/1A"},"content":{"rendered":"<p>5269796<\/p>","protected":false},"excerpt":{"rendered":"<p>Stabiliserad reglerad sp\u00e4nning.St\u00e4llbar utsp\u00e4nning +-10%.1 termiskt avs\u00e4krad utg\u00e5ng.L\u00e5sbar med g\u00e5ngj\u00e4rnsf\u00f6rsedd d\u00f6rr.2 st kabelgenomf\u00f6ringar.Dragavlastning.<\/p>","protected":false},"featured_media":82884,"template":"","meta":{"_acf_changed":false},"product_brand":[],"product_cat":[440],"product_tag":[1748],"class_list":{"0":"post-47380","1":"product","2":"type-product","3":"status-publish","4":"has-post-thumbnail","6":"product_cat-transformatorer","7":"product_tag-rel-batteri","8":"product_shipping_class-tunga-paket","9":"pa_brands-milleteknik","10":"tm-no-options","12":"first","13":"instock","14":"sale","15":"featured","16":"taxable","17":"shipping-taxable","18":"product-type-simple"},"acf":[],"_links":{"self":[{"href":"https:\/\/stonehouse.se\/en\/wp-json\/wp\/v2\/product\/47380","targetHints":{"allow":["GET"]}}],"collection":[{"href":"https:\/\/stonehouse.se\/en\/wp-json\/wp\/v2\/product"}],"about":[{"href":"https:\/\/stonehouse.se\/en\/wp-json\/wp\/v2\/types\/product"}],"wp:featuredmedia":[{"embeddable":true,"href":"https:\/\/stonehouse.se\/en\/wp-json\/wp\/v2\/media\/82884"}],"wp:attachment":[{"href":"https:\/\/stonehouse.se\/en\/wp-json\/wp\/v2\/media?parent=47380"}],"wp:term":[{"taxonomy":"product_brand","embeddable":true,"href":"https:\/\/stonehouse.se\/en\/wp-json\/wp\/v2\/product_brand?post=47380"},{"taxonomy":"product_cat","embeddable":true,"href":"https:\/\/stonehouse.se\/en\/wp-json\/wp\/v2\/product_cat?post=47380"},{"taxonomy":"product_tag","embeddable":true,"href":"https:\/\/stonehouse.se\/en\/wp-json\/wp\/v2\/product_tag?post=47380"}],"curies":[{"name":"wp","href":"https:\/\/api.w.org\/{rel}","templated":true}]}}