
{"id":47755,"date":"2022-11-28T13:13:05","date_gmt":"2022-11-28T12:13:05","guid":{"rendered":"https:\/\/stonehouse.se\/produkt\/kombidetektor-husdjur-12m-tradlos-vit\/"},"modified":"2026-04-02T10:44:10","modified_gmt":"2026-04-02T08:44:10","slug":"ajax-motionprotect-plus-husdjur-vit","status":"publish","type":"product","link":"https:\/\/stonehouse.se\/en\/product\/ajax-motionprotect-plus-husdjur-vit\/","title":{"rendered":"Ajax MotionProtect Plus Kombidetektor husdjur 12m tr\u00e5dl\u00f6s Vit"},"content":{"rendered":"<div class=\"flex-1 overflow-hidden\">\n<div class=\"react-scroll-to-bottom--css-truyr-79elbk h-full\">\n<div class=\"react-scroll-to-bottom--css-truyr-1n7m0yu\">\n<div class=\"flex flex-col pb-9 text-sm\">\n<div class=\"w-full text-token-text-primary\" data-testid=\"conversation-turn-15\">\n<div class=\"px-4 py-2 justify-center text-base md:gap-6 m-auto\">\n<div class=\"flex flex-1 text-base mx-auto gap-3 md:px-5 lg:px-1 xl:px-5 md:max-w-3xl lg:max-w-[40rem] xl:max-w-[48rem] } group final-completion\">\n<div class=\"relative flex w-full flex-col lg:w-[calc(100%-115px)] agent-turn\">\n<div class=\"flex-col gap-1 md:gap-3\">\n<div class=\"flex flex-grow flex-col max-w-full\">\n<div class=\"min-h-[20px] text-message flex flex-col items-start gap-3 whitespace-pre-wrap break-words [.text-message+&amp;]:mt-5 overflow-x-auto\" data-message-author-role=\"assistant\" data-message-id=\"cda20a9f-30f0-4f89-bf93-00af4f7feb23\">\n<div class=\"markdown prose w-full break-words dark:prose-invert light\">\n<h3><strong>Ajax MotionProtect Plus \u2013 Den Perfekta R\u00f6relsedetektorn f\u00f6r Hem och Kontor<\/strong><\/h3>\n<p>Ajax MotionProtect Plus \u00e4r en innovativ och p\u00e5litlig tr\u00e5dl\u00f6s r\u00f6relsedetektor som erbjuder \u00f6verl\u00e4gsen s\u00e4kerhet f\u00f6r ditt hem eller f\u00f6retag.<\/p>\n<p>Utrustad med b\u00e5de PIR-sensor (passiv infrar\u00f6d sensor) och en mikrov\u00e5gssensor, kan MotionProtect Plus snabbt och effektivt identifiera r\u00f6relse, \u00e4ven i utmanande milj\u00f6er med st\u00f6rningar som luftkonditionering, \u00f6ppen eld eller ljusflimmer.<\/p>\n<p>Dess avancerade teknologi g\u00f6r den till det perfekta valet f\u00f6r att s\u00e4kerst\u00e4lla en p\u00e5litlig och exakt detektion utan att orsaka falsklarm.<\/p>\n<p><strong>Avancerad Teknik f\u00f6r \u00d6verl\u00e4gsen Detektion<\/strong><\/p>\n<p>MotionProtect Plus kombinerar tv\u00e5 detektionssystem \u2013 PIR-sensorer och mikrov\u00e5gssensorer \u2013 vilket m\u00f6jligg\u00f6r en mycket h\u00f6g noggrannhet n\u00e4r det g\u00e4ller att uppt\u00e4cka m\u00e4nsklig r\u00f6relse.<\/p>\n<p>PIR-sensorn reagerar p\u00e5 temperaturskillnader, medan mikrov\u00e5gssensorn filtrerar bort st\u00f6rningar orsakade av luftkonditionering, gardiner, bl\u00e4ndning eller reflektioner.<\/p>\n<p>Denna kombination g\u00f6r att enheten kan skilja p\u00e5 verkliga hot och potentiella st\u00f6rningar och p\u00e5 s\u00e5 s\u00e4tt minska risken f\u00f6r falska larm.<\/p>\n<p><strong>Husdjurss\u00e4ker Detektion<\/strong><\/p>\n<p>En av de mest anm\u00e4rkningsv\u00e4rda funktionerna i MotionProtect Plus \u00e4r dess husdjursimmunitet.<\/p>\n<p>Den \u00e4r designad f\u00f6r att ignorera r\u00f6relse fr\u00e5n husdjur som v\u00e4ger upp till 20 kg och \u00e4r upp till 50 cm h\u00f6ga, vilket g\u00f6r den perfekt f\u00f6r hush\u00e5ll med djur.<\/p>\n<p>Detta minskar risken f\u00f6r falsklarm orsakade av husdjur, och g\u00f6r det m\u00f6jligt att anv\u00e4nda detektorn i hem med b\u00e5de sm\u00e5 och stora husdjur.<\/p>\n<p><strong>P\u00e5litlig och L\u00e5ngvarig Prestanda<\/strong><\/p>\n<p>MotionProtect Plus har en l\u00e5ng batteritid p\u00e5 upp till 5 \u00e5r, vilket g\u00f6r att du kan installera den och gl\u00f6mma den utan att beh\u00f6va byta batterier ofta.<\/p>\n<p>Detektorn \u00e4r ocks\u00e5 utrustad med avancerad energihantering, vilket g\u00f6r den b\u00e5de h\u00e5llbar och p\u00e5litlig \u00f6ver l\u00e5ng tid.<\/p>\n<p>Den \u00e4r kompatibel med alla Ajax-hubbar och fungerar s\u00f6ml\u00f6st med resten av s\u00e4kerhetssystemet f\u00f6r att ge ett omfattande skydd.<\/p>\n<p><strong>S\u00e4ker Kommunikation och Sabotageskydd<\/strong><\/p>\n<p>F\u00f6r att s\u00e4kerst\u00e4lla att din s\u00e4kerhet inte \u00e4ventyras av st\u00f6rningar, anv\u00e4nder MotionProtect Plus Ajax\u2019s Jeweller-radioteknologi.<\/p>\n<p>Detta g\u00f6r att den kan kommunicera effektivt med Ajax-hubben och andra enheter, \u00e4ven p\u00e5 avst\u00e5nd.<\/p>\n<p>Den \u00e4r ocks\u00e5 utrustad med ett sabotage- och st\u00f6rningsdetekteringssystem som omedelbart larmar om n\u00e5gon f\u00f6rs\u00f6ker manipulera enheten.<\/p>\n<p>All kommunikation \u00e4r krypterad med AES-algoritmen, vilket g\u00f6r att systemet \u00e4r skyddat mot obeh\u00f6rig \u00e5tkomst och avlyssning.<\/p>\n<p><strong>Installation och Konfiguration<\/strong><\/p>\n<p>Ajax MotionProtect Plus \u00e4r enkel att installera och konfigurera. Den levereras med ett f\u00f6rinstallerat CR123A-batteri och kan snabbt anslutas till systemet via Ajax-applikationen genom att skanna QR-koden.<\/p>\n<p>Genom att anv\u00e4nda SmartBracket monteringspanel kan enheten f\u00e4stas p\u00e5 en vertikal yta eller i ett h\u00f6rn, vilket g\u00f6r installationen snabb och flexibel.<\/p>\n<p>F\u00f6r att s\u00e4kerst\u00e4lla b\u00e4sta m\u00f6jliga funktion, kan du ocks\u00e5 genomf\u00f6ra signalstyrketester och justera detektorns detektionszon.<\/p>\n<p><strong>Tekniska Specifikationer:<\/strong><\/p>\n<ul>\n<li><strong>Typ av Detektor:<\/strong> Tr\u00e5dl\u00f6s kombidetektor med PIR- och mikrov\u00e5gssensor<\/li>\n<li><strong>R\u00f6relsedetektionsavst\u00e5nd:<\/strong> Upp till 12 meter<\/li>\n<li><strong>Detektionsvinklar:<\/strong> Horisontell \u2013 88,5\u00b0, Vertikal \u2013 80\u00b0<\/li>\n<li><strong>Larmleveranstid:<\/strong> 0,15 sekunder<\/li>\n<li><strong>K\u00e4nslighet:<\/strong> Justerbar, 3 niv\u00e5er<\/li>\n<li><strong>Husdjurss\u00e4kerhet:<\/strong> Upp till 20 kg, h\u00f6jd upp till 50 cm<\/li>\n<li><strong>Str\u00f6mf\u00f6rs\u00f6rjning:<\/strong> CR123A-batteri (f\u00f6rinstallerat)<\/li>\n<li><strong>Batteritid:<\/strong> Upp till 5 \u00e5r<\/li>\n<li><strong>Kommunikationsprotokoll:<\/strong> Jeweller<\/li>\n<li><strong>Driftstemperatur:<\/strong> \u221210\u00b0C till +40\u00b0C<\/li>\n<li><strong>Fuktighet:<\/strong> Upp till 75%<\/li>\n<li><strong>Dimensioner:<\/strong> 110 \u00d7 65 \u00d7 50 mm<\/li>\n<li><strong>Vikt:<\/strong> 96 g<\/li>\n<\/ul>\n<p><strong>Inneh\u00e5ll i F\u00f6rpackningen:<\/strong><\/p>\n<ul>\n<li>MotionProtect Plus r\u00f6relsedetektor<\/li>\n<li>SmartBracket monteringspanel<\/li>\n<li>CR123A-batteri (f\u00f6rinstallerat)<\/li>\n<li>Installationskit<\/li>\n<li>Anv\u00e4ndarhandledning<\/li>\n<\/ul>\n<p><strong>Slutsats:<\/strong><\/p>\n<p>Ajax MotionProtect Plus \u00e4r en p\u00e5litlig och flexibel l\u00f6sning f\u00f6r att s\u00e4kerst\u00e4lla r\u00f6relsedetektering och husdjursimmunitet i ditt hem eller f\u00f6retag.<\/p>\n<p>Med sina avancerade funktioner, l\u00e5ng batteritid och robusta s\u00e4kerhetsprotokoll ger den ett effektivt och l\u00e5ngvarigt skydd mot inkr\u00e4ktare.<\/p>\n<p>Genom att filtrera bort st\u00f6rningar och ignorera husdjur, ger MotionProtect Plus en exakt och p\u00e5litlig detektion f\u00f6r alla typer av milj\u00f6er.<\/p>\n<\/div>\n<\/div>\n<\/div>\n<\/div>\n<\/div>\n<\/div>\n<\/div>\n<\/div>\n<\/div>\n<\/div>\n<\/div>\n<\/div>\n","protected":false},"excerpt":{"rendered":"<p>Ajax MotionProtect Plus \u00e4r en avancerad tr\u00e5dl\u00f6s kombidetektor med mikrov\u00e5gssensor och husdjursimmunitet.<\/p>\n<p>Den uppt\u00e4cker r\u00f6relse och filtrerar bort st\u00f6rningar fr\u00e5n luftkonditionering och ljusflimmer, med ett r\u00e4ckvidd p\u00e5 upp till 12 meter.<\/p>","protected":false},"featured_media":92929,"template":"","meta":{"_acf_changed":false},"product_brand":[],"product_cat":[349,2705],"product_tag":[2638,2621,1409,3726],"class_list":{"0":"post-47755","1":"product","2":"type-product","3":"status-publish","4":"has-post-thumbnail","6":"product_cat-ajax-tradlosa-larm","7":"product_cat-rorelse-och-kamera","8":"product_tag-cr123-tillbehor","9":"product_tag-kontrollprodukt","10":"product_tag-lager-ajax","11":"product_tag-pf","12":"product_shipping_class-postnord-varubrev","13":"pa_ajax-tradlosa-larm-detektorer","14":"pa_brands-ajax-systems","15":"pa_color-vit","16":"pa_farg-vit","17":"tm-no-options","19":"first","20":"instock","21":"sale","22":"featured","23":"taxable","24":"shipping-taxable","25":"product-type-simple"},"acf":[],"_links":{"self":[{"href":"https:\/\/stonehouse.se\/en\/wp-json\/wp\/v2\/product\/47755","targetHints":{"allow":["GET"]}}],"collection":[{"href":"https:\/\/stonehouse.se\/en\/wp-json\/wp\/v2\/product"}],"about":[{"href":"https:\/\/stonehouse.se\/en\/wp-json\/wp\/v2\/types\/product"}],"wp:featuredmedia":[{"embeddable":true,"href":"https:\/\/stonehouse.se\/en\/wp-json\/wp\/v2\/media\/92929"}],"wp:attachment":[{"href":"https:\/\/stonehouse.se\/en\/wp-json\/wp\/v2\/media?parent=47755"}],"wp:term":[{"taxonomy":"product_brand","embeddable":true,"href":"https:\/\/stonehouse.se\/en\/wp-json\/wp\/v2\/product_brand?post=47755"},{"taxonomy":"product_cat","embeddable":true,"href":"https:\/\/stonehouse.se\/en\/wp-json\/wp\/v2\/product_cat?post=47755"},{"taxonomy":"product_tag","embeddable":true,"href":"https:\/\/stonehouse.se\/en\/wp-json\/wp\/v2\/product_tag?post=47755"}],"curies":[{"name":"wp","href":"https:\/\/api.w.org\/{rel}","templated":true}]}}