
{"id":47862,"date":"2022-11-28T11:05:31","date_gmt":"2022-11-28T10:05:31","guid":{"rendered":"https:\/\/stonehouse.se\/produkt\/passerbricka-ajax-mifare-desfire-vit-2\/"},"modified":"2026-03-31T14:17:42","modified_gmt":"2026-03-31T12:17:42","slug":"ajax-tag-passerbricka-mifare-desfire-vit","status":"publish","type":"product","link":"https:\/\/stonehouse.se\/en\/product\/ajax-tag-passerbricka-mifare-desfire-vit\/","title":{"rendered":"Ajax Tag Passerbricka Tagg  Mifare DESFire vit"},"content":{"rendered":"<h3>Ajax Tag Passerbricka Mifare DESFire \u00e4r en avancerad s\u00e4kerhetsl\u00f6sning som ger snabb \u00e5tkomst till ditt Ajax s\u00e4kerhetssystem.<\/h3>\n<p>Den kontaktl\u00f6sa teknologin g\u00f6r det m\u00f6jligt att aktivera eller avaktivera larmet genom att helt enkelt h\u00e5lla nyckelbrickan n\u00e4ra KeyPad Plus eller KeyPad TouchScreen.<\/p>\n<p>Den \u00e4r ett utm\u00e4rkt val f\u00f6r b\u00e5de hem och f\u00f6retag, d\u00e4r s\u00e4kerhet och enkel anv\u00e4ndning \u00e4r avg\u00f6rande.<\/p>\n<p>Taggen anv\u00e4nder den h\u00f6gt krypterade och s\u00e4kra Mifare DESFire-teknologin, som baseras p\u00e5 ISO 14443 standarden, vilket inneb\u00e4r att endast auktoriserade anv\u00e4ndare kan komma \u00e5t systemet.<\/p>\n<p>Teknologin ger 128-bitars kryptering och kopieringsskydd, vilket g\u00f6r att du f\u00e5r en s\u00e4ker och p\u00e5litlig l\u00f6sning f\u00f6r att hantera ditt s\u00e4kerhetssystem utan att beh\u00f6va komma ih\u00e5g l\u00f6senord eller skapa anv\u00e4ndarkonton.<\/p>\n<p>Denna teknologi anv\u00e4nds \u00e4ven i transportsystem i europeiska huvudst\u00e4der och p\u00e5 \u00e5tkomstsystem f\u00f6r NASA.<\/p>\n<p>En av de st\u00f6rsta f\u00f6rdelarna med Ajax Tag \u00e4r enkelheten. F\u00f6r att l\u00e4gga till en ny nyckelbricka till systemet r\u00e4cker det med att \u00f6ppna Ajax-appen, g\u00e5 till inst\u00e4llningarna och h\u00e5lla brickan n\u00e4ra en kompatibel KeyPad-enhet.<\/p>\n<p>Du beh\u00f6ver inte skapa ett konto eller g\u00f6ra n\u00e5gra komplicerade installationer. Det g\u00f6r det s\u00e4rskilt l\u00e4tt att ge tempor\u00e4ra \u00e5tkomstr\u00e4ttigheter till andra personer, som till exempel g\u00e4ster eller anst\u00e4llda, genom att tilldela en specifik Tagg till dem utan att beh\u00f6va skapa anv\u00e4ndarkonton.<\/p>\n<p>Ajax Tag Passerbricka kan kopplas till upp till 13 hubbar, vilket ger dig flexibilitet att styra flera s\u00e4kerhetssystem fr\u00e5n samma nyckelbricka.<\/p>\n<p>Genom Ajax-appen kan systemadministrat\u00f6ren enkelt hantera alla tilldelade Taggar och \u00e4ven justera \u00e5tkomstbeh\u00f6righeter eller \u00e5terkalla \u00e5tkomst om det beh\u00f6vs.<\/p>\n<p>Alla \u00e4ndringar och \u00e5tkomst\u00e5tg\u00e4rder registreras i h\u00e4ndelselogen, vilket g\u00f6r att du alltid har full kontroll och insyn i n\u00e4r och av vem s\u00e4kerhetssystemet har aktiverats eller inaktiverats.<\/p>\n<p>Taggen fungerar inom ett temperaturomr\u00e5de fr\u00e5n -10\u00b0C till +40\u00b0C och har en l\u00e5ng livsl\u00e4ngd p\u00e5 upp till 10 \u00e5r, vilket g\u00f6r den till en h\u00e5llbar l\u00f6sning f\u00f6r l\u00e5ngvarig anv\u00e4ndning.<\/p>\n<p>Den har ocks\u00e5 en mycket l\u00e5g vikt, endast 7 gram, och en kompakt design, vilket g\u00f6r att den \u00e4r l\u00e4tt att b\u00e4ra med sig och bekv\u00e4m att anv\u00e4nda.<\/p>\n<p><strong>Tekniska Specifikationer:<\/strong><\/p>\n<ul>\n<li><strong>Kommunikationsteknologi:<\/strong> Mifare DESFire\u00ae<\/li>\n<li><strong>Operativ Standard:<\/strong> ISO 14443-A (13.56 MHz)<\/li>\n<li><strong>Kryptering:<\/strong> 128-bitars kryptering<\/li>\n<li><strong>Antal anslutna hubbar:<\/strong> Upp till 13 hubbar<\/li>\n<li><strong>Kompatibilitet:<\/strong> Fungerar med KeyPad Plus och KeyPad TouchScreen<\/li>\n<li><strong>Arbetstemperatur:<\/strong> Fr\u00e5n -10\u00b0C till +40\u00b0C<\/li>\n<li><strong>Luftfuktighet:<\/strong> Upp till 75%<\/li>\n<li><strong>Dimensioner:<\/strong> 45 \u00d7 32 \u00d7 6 mm<\/li>\n<li><strong>Weight:<\/strong> 7 g<\/li>\n<\/ul>","protected":false},"excerpt":{"rendered":"<p>Ajax Tag Passerbricka Mifare DESFire \u00e4r en krypterad, kontaktl\u00f6s nyckelbricka f\u00f6r snabb och s\u00e4ker \u00e5tkomst till ditt Ajax s\u00e4kerhetssystem.<\/p>\n<p>Designad f\u00f6r att fungera med KeyPad Plus och TouchScreen, g\u00f6r den det m\u00f6jligt att aktivera och inaktivera s\u00e4kerhetssystemet utan l\u00f6senord eller anv\u00e4ndarkonto.<\/p>","protected":false},"featured_media":93123,"template":"","meta":{"_acf_changed":false},"product_brand":[],"product_cat":[349,2710],"product_tag":[2621,1409,3726],"class_list":{"0":"post-47862","1":"product","2":"type-product","3":"status-publish","4":"has-post-thumbnail","6":"product_cat-ajax-tradlosa-larm","7":"product_cat-larmstyrning","8":"product_tag-kontrollprodukt","9":"product_tag-lager-ajax","10":"product_tag-pf","11":"product_shipping_class-postnord-varubrev","12":"pa_ajax-tradlosa-larm-ovriga-tillbehor-monteringsfaste","13":"pa_brands-ajax-systems","14":"pa_color-vit","15":"pa_farg-vit","16":"tm-no-options","18":"first","19":"instock","20":"sale","21":"featured","22":"taxable","23":"shipping-taxable","24":"product-type-simple"},"acf":[],"_links":{"self":[{"href":"https:\/\/stonehouse.se\/en\/wp-json\/wp\/v2\/product\/47862","targetHints":{"allow":["GET"]}}],"collection":[{"href":"https:\/\/stonehouse.se\/en\/wp-json\/wp\/v2\/product"}],"about":[{"href":"https:\/\/stonehouse.se\/en\/wp-json\/wp\/v2\/types\/product"}],"wp:featuredmedia":[{"embeddable":true,"href":"https:\/\/stonehouse.se\/en\/wp-json\/wp\/v2\/media\/93123"}],"wp:attachment":[{"href":"https:\/\/stonehouse.se\/en\/wp-json\/wp\/v2\/media?parent=47862"}],"wp:term":[{"taxonomy":"product_brand","embeddable":true,"href":"https:\/\/stonehouse.se\/en\/wp-json\/wp\/v2\/product_brand?post=47862"},{"taxonomy":"product_cat","embeddable":true,"href":"https:\/\/stonehouse.se\/en\/wp-json\/wp\/v2\/product_cat?post=47862"},{"taxonomy":"product_tag","embeddable":true,"href":"https:\/\/stonehouse.se\/en\/wp-json\/wp\/v2\/product_tag?post=47862"}],"curies":[{"name":"wp","href":"https:\/\/api.w.org\/{rel}","templated":true}]}}