
{"id":47871,"date":"2022-11-28T11:05:31","date_gmt":"2022-11-28T10:05:31","guid":{"rendered":"https:\/\/stonehouse.se\/produkt\/vattendetektor-tradlos-vit\/"},"modified":"2026-04-07T13:06:19","modified_gmt":"2026-04-07T11:06:19","slug":"ajax-leaksprotect-vattendetektor-vit","status":"publish","type":"product","link":"https:\/\/stonehouse.se\/en\/product\/ajax-leaksprotect-vattendetektor-vit\/","title":{"rendered":"Ajax LeaksProtect Vattendetektor tr\u00e5dl\u00f6s Vit"},"content":{"rendered":"<h3><strong>Ajax LeaksProtect \u2013 Tr\u00e5dl\u00f6s Vattendetektor f\u00f6r \u00d6versv\u00e4mning<\/strong><\/h3>\n<p>Ajax LeaksProtect \u00e4r en avancerad och p\u00e5litlig tr\u00e5dl\u00f6s vattendetektor som \u00e4r utformad f\u00f6r att skydda ditt hem eller f\u00f6retag mot de allvarliga skador som orsakas av vattenl\u00e4ckor.<\/p>\n<p>Med innovativ teknologi och h\u00f6gkvalitativa funktioner s\u00e4kerst\u00e4ller denna detektor att du snabbt f\u00e5r information om eventuella l\u00e4ckage innan de orsakar stora skador.<\/p>\n<p><strong>Snabb Detektion och Larm:<\/strong> LeaksProtect reagerar omedelbart vid f\u00f6rsta tecknen p\u00e5 l\u00e4ckage och aktiverar ett larm f\u00f6r att informera anv\u00e4ndaren och s\u00e4kerhetsf\u00f6retaget om problemet.<\/p>\n<p>Den snabba detektionen g\u00f6r det m\u00f6jligt f\u00f6r dig att vidta \u00e5tg\u00e4rder i r\u00e4tt tid och minimera eventuella skador p\u00e5 egendom.<\/p>\n<p><strong>Kompakt och Diskret Design:<\/strong> Med en h\u00f6jd p\u00e5 endast 14 mm \u00e4r LeaksProtect otroligt diskret och kan placeras p\u00e5 n\u00e4stan vilken yta som helst.<\/p>\n<p>Detta g\u00f6r att den kan installeras p\u00e5 sv\u00e5r\u00e5tkomliga platser som under vasken, n\u00e4ra f\u00f6nster, vid r\u00f6r eller under vitvaror d\u00e4r l\u00e4ckage kan intr\u00e4ffa.<\/p>\n<p><strong>Innovativ Teknologi f\u00f6r P\u00e5litlighet:<\/strong> Detektorn \u00e4r utrustad med fyra par vattenk\u00e4nsliga kontakter som t\u00e4cker hela enhetens yta.<\/p>\n<p>S\u00e5 snart en av kontaktparterna kommer i kontakt med vatten, larmar enheten och skickar en signal till Ajax hubben. Detta g\u00f6r det m\u00f6jligt f\u00f6r systemet att snabbt identifiera och \u00e5tg\u00e4rda l\u00e4ckor.<\/p>\n<p><strong>L\u00e5ng Batteritid och Enkel Installation:<\/strong> LeaksProtect \u00e4r designad f\u00f6r att vara b\u00e5de effektiv och l\u00e5ngvarig.<\/p>\n<p>Den anv\u00e4nder tv\u00e5 AAA-batterier och har en batteritid p\u00e5 upp till 5 \u00e5r.<\/p>\n<p>Installationen \u00e4r enkel och kr\u00e4ver ingen komplicerad monteringsprocess \u2013 placera den bara p\u00e5 en horisontell yta d\u00e4r risk f\u00f6r l\u00e4ckage kan uppst\u00e5 och den \u00e4r redo att anv\u00e4ndas.<\/p>\n<p><strong>IP65 Klassificering:<\/strong> Med sin IP65-skyddsklass \u00e4r LeaksProtect b\u00e5de damm- och vattent\u00e5lig, vilket g\u00f6r den l\u00e4mplig f\u00f6r anv\u00e4ndning b\u00e5de inomhus och utomhus.<\/p>\n<p><strong>Automatiserad Vattenavst\u00e4ngning:<\/strong> N\u00e4r LeaksProtect \u00e4r ansluten till en WaterStop-enhet, kan systemet automatiskt st\u00e4nga av vattentillf\u00f6rseln vid detekterade l\u00e4ckor.<\/p>\n<p>Detta f\u00f6rebygger potentiella \u00f6versv\u00e4mningar och vattenskador, vilket ger ett extra lager av s\u00e4kerhet och trygghet.<\/p>\n<p><strong>Fj\u00e4rr\u00f6vervakning via Ajax App:<\/strong> Liksom andra Ajax-enheter \u00e4r LeaksProtect fullt integrerad i Ajax-ekosystemet, vilket inneb\u00e4r att du kan \u00f6vervaka och kontrollera detektorn via Ajax-appen p\u00e5 din smartphone.<\/p>\n<p>Du f\u00e5r push-notifikationer vid larm och kan snabbt agera f\u00f6r att f\u00f6rhindra skador.<\/p>\n<p><strong>F\u00f6rdelar:<\/strong><\/p>\n<ul>\n<li><strong>Snabb och effektiv vattenl\u00e4ckagedetektering<\/strong> f\u00f6r att minimera skador.<\/li>\n<li><strong>L\u00e5ng batteritid<\/strong> p\u00e5 upp till 5 \u00e5r f\u00f6r p\u00e5litlig drift utan kontinuerligt underh\u00e5ll.<\/li>\n<li><strong>Kompakt design<\/strong> som g\u00f6r det enkelt att installera i sv\u00e5r\u00e5tkomliga omr\u00e5den.<\/li>\n<li><strong>IP65 skydd<\/strong> f\u00f6r anv\u00e4ndning b\u00e5de inomhus och utomhus.<\/li>\n<li><strong>Automatisk vattenavst\u00e4ngning<\/strong> genom integration med WaterStop f\u00f6r att f\u00f6rhindra ytterligare skador.<\/li>\n<li><strong>Fj\u00e4rrstyrning och \u00f6vervakning<\/strong> via Ajax app f\u00f6r konstant kontroll.<\/li>\n<\/ul>\n<p><strong>Tekniska specifikationer:<\/strong><\/p>\n<ul>\n<li><strong>Batteritid:<\/strong> Upp till 5 \u00e5r.<\/li>\n<li><strong>Kommunikationsomr\u00e5de:<\/strong> Upp till 1300 m (i fri terr\u00e4ng).<\/li>\n<li><strong>Skyddsklass:<\/strong> IP65 (dammt\u00e5lig och vattent\u00e5lig).<\/li>\n<li><strong>Installationss\u00e4tt:<\/strong> Placeras p\u00e5 en horisontell yta.<\/li>\n<li><strong>Str\u00f6mf\u00f6rs\u00f6rjning:<\/strong> 2 x AAA-batterier.<\/li>\n<li><strong>M\u00e5tt:<\/strong> 56 \u00d7 56 \u00d7 14 mm.<\/li>\n<li><strong>Vikt:<\/strong> 40 g.<\/li>\n<\/ul>\n<p>Skydda ditt hem eller f\u00f6retag mot vattenskador med Ajax LeaksProtect.<\/p>\n<p>Dess snabba detektion, p\u00e5litliga kommunikation och l\u00e5ngvariga batteritid g\u00f6r den till en oumb\u00e4rlig del av ditt s\u00e4kerhetssystem.<\/p>","protected":false},"excerpt":{"rendered":"<p>Ajax LeaksProtect \u00e4r en tr\u00e5dl\u00f6s \u00f6versv\u00e4mningsdetektor som snabbt uppt\u00e4cker vattenl\u00e4ckor och varnar anv\u00e4ndare genom larm.<\/p>\n<p>Den integreras med ditt Ajax-system och hj\u00e4lper till att skydda hem eller f\u00f6retag fr\u00e5n potentiella vattenskador.<\/p>","protected":false},"featured_media":92946,"template":"","meta":{"_acf_changed":false},"product_brand":[],"product_cat":[349,2707],"product_tag":[2621,1409,3726],"class_list":{"0":"post-47871","1":"product","2":"type-product","3":"status-publish","4":"has-post-thumbnail","6":"product_cat-ajax-tradlosa-larm","7":"product_cat-vattenlarm-och-fuktlarm","8":"product_tag-kontrollprodukt","9":"product_tag-lager-ajax","10":"product_tag-pf","11":"product_shipping_class-postnord-varubrev","12":"pa_ajax-tradlosa-larm-fuktlarm","13":"pa_brands-ajax-systems","14":"pa_color-vit","15":"pa_farg-vit","16":"tm-no-options","18":"first","19":"instock","20":"sale","21":"featured","22":"taxable","23":"shipping-taxable","24":"product-type-simple"},"acf":[],"_links":{"self":[{"href":"https:\/\/stonehouse.se\/en\/wp-json\/wp\/v2\/product\/47871","targetHints":{"allow":["GET"]}}],"collection":[{"href":"https:\/\/stonehouse.se\/en\/wp-json\/wp\/v2\/product"}],"about":[{"href":"https:\/\/stonehouse.se\/en\/wp-json\/wp\/v2\/types\/product"}],"wp:featuredmedia":[{"embeddable":true,"href":"https:\/\/stonehouse.se\/en\/wp-json\/wp\/v2\/media\/92946"}],"wp:attachment":[{"href":"https:\/\/stonehouse.se\/en\/wp-json\/wp\/v2\/media?parent=47871"}],"wp:term":[{"taxonomy":"product_brand","embeddable":true,"href":"https:\/\/stonehouse.se\/en\/wp-json\/wp\/v2\/product_brand?post=47871"},{"taxonomy":"product_cat","embeddable":true,"href":"https:\/\/stonehouse.se\/en\/wp-json\/wp\/v2\/product_cat?post=47871"},{"taxonomy":"product_tag","embeddable":true,"href":"https:\/\/stonehouse.se\/en\/wp-json\/wp\/v2\/product_tag?post=47871"}],"curies":[{"name":"wp","href":"https:\/\/api.w.org\/{rel}","templated":true}]}}