
{"id":47970,"date":"2022-11-28T11:05:23","date_gmt":"2022-11-28T10:05:23","guid":{"rendered":"https:\/\/stonehouse.se\/produkt\/repeater-rex-2-vit\/"},"modified":"2026-04-01T18:26:52","modified_gmt":"2026-04-01T16:26:52","slug":"ajax-rex-2-repeater-vit","status":"publish","type":"product","link":"https:\/\/stonehouse.se\/en\/product\/ajax-rex-2-repeater-vit\/","title":{"rendered":"Ajax ReX 2 Repeater Vit"},"content":{"rendered":"<div class=\"flex-1 overflow-hidden\">\n<div class=\"react-scroll-to-bottom--css-yguva-79elbk h-full\">\n<div class=\"react-scroll-to-bottom--css-yguva-1n7m0yu\">\n<div class=\"flex flex-col pb-9 text-sm\">\n<div class=\"w-full text-token-text-primary\" data-testid=\"conversation-turn-47\">\n<div class=\"px-4 py-2 justify-center text-base md:gap-6 m-auto\">\n<div class=\"flex flex-1 text-base mx-auto gap-3 md:px-5 lg:px-1 xl:px-5 md:max-w-3xl lg:max-w-[40rem] xl:max-w-[48rem] } group final-completion\">\n<div class=\"relative flex w-full flex-col lg:w-[calc(100%-115px)] agent-turn\">\n<div class=\"flex-col gap-1 md:gap-3\">\n<div class=\"flex flex-grow flex-col max-w-full\">\n<div class=\"min-h-[20px] text-message flex flex-col items-start gap-3 whitespace-pre-wrap break-words [.text-message+&amp;]:mt-5 overflow-x-auto\" data-message-author-role=\"assistant\" data-message-id=\"d8f09860-330f-4ae4-9c46-1a7b83dc4831\">\n<div class=\"markdown prose w-full break-words dark:prose-invert light\">\n<h3>Ajax ReX 2 \u00e4r en kraftfull radiosignal-f\u00f6rst\u00e4rkare som g\u00f6r det m\u00f6jligt att installera Ajax s\u00e4kerhetsenheter p\u00e5 avl\u00e4gsna platser, vilket g\u00f6r det m\u00f6jligt att skydda st\u00f6rre omr\u00e5den som lager, aff\u00e4rscentrum eller hela fastigheter.<\/h3>\n<p>Med ReX 2 kan du ut\u00f6ka kommunikationsr\u00e4ckvidden f\u00f6r ditt Ajax s\u00e4kerhetssystem och st\u00f6dja fotoverifiering, vilket ger snabb och exakt information om larmh\u00e4ndelser.<\/p>\n<p><strong>Funktioner:<\/strong><\/p>\n<ul>\n<li><strong>Ut\u00f6kad r\u00e4ckvidd:<\/strong> ReX 2 ger dig m\u00f6jlighet att installera s\u00e4kerhetsenheter upp till 1 700 meter fr\u00e5n hubben, och t\u00e4cka ett omr\u00e5de p\u00e5 upp till 35 km\u00b2. Detta g\u00f6r det till ett perfekt val f\u00f6r stora fastigheter och kommersiella anl\u00e4ggningar.<\/li>\n<li><strong>Fotoverifiering:<\/strong> Med st\u00f6d f\u00f6r fotoverifiering via MotionCam och MotionCam Outdoor detektorer, kan du snabbt f\u00e5 visuella bevis p\u00e5 intr\u00e5ngsh\u00e4ndelser, vilket minimerar risken f\u00f6r falsklarm och ger b\u00e4ttre f\u00f6rberedelse f\u00f6r s\u00e4kerhetspersonal.<\/li>\n<li><strong>Backup-batteri:<\/strong> ReX 2 har ett backup-batteri som ger upp till 38 timmars driftstid vid str\u00f6mavbrott, vilket s\u00e4kerst\u00e4ller att s\u00e4kerhetssystemet f\u00f6rblir aktivt \u00e4ven vid str\u00f6mavbrott.<\/li>\n<li><strong>Ethernet-anslutning:<\/strong> F\u00f6r att s\u00e4kerst\u00e4lla en stabil och p\u00e5litlig kommunikation, erbjuder ReX 2 m\u00f6jligheten att ansluta till hubben via Ethernet, vilket f\u00f6rb\u00e4ttrar p\u00e5litligheten f\u00f6r systemet i milj\u00f6er med l\u00e5g radiosignal.<\/li>\n<li><strong>Anti-sabotage skydd:<\/strong> ReX 2 \u00e4r utrustad med funktioner f\u00f6r att uppt\u00e4cka manipulation och sabotage. Om n\u00e5gon f\u00f6rs\u00f6ker manipulera enheten eller koppla bort den fr\u00e5n systemet, aktiveras ett sabotagealarm.<\/li>\n<li><strong>Snabb konfiguration:<\/strong> ReX 2 \u00e4r enkel att installera och konfigurera via Ajax-appen, och kr\u00e4ver bara att du skannar QR-koden och f\u00f6ljer instruktionerna f\u00f6r att l\u00e4gga till den i systemet.<\/li>\n<\/ul>\n<p><strong>Tekniska Specifikationer:<\/strong><\/p>\n<ul>\n<li><strong>Kompatibilitet:<\/strong> Hub 2, Hub 2 Plus, Hub Hybrid<\/li>\n<li><strong>Kommunikationsprotokoll:<\/strong> Jeweller (f\u00f6r \u00f6verf\u00f6ring av larm och h\u00e4ndelser), Wings (f\u00f6r foto\u00f6verf\u00f6ring)<\/li>\n<li><strong>Max r\u00e4ckvidd:<\/strong> Upp till 1 700 m (beroende p\u00e5 signalstyrka)<\/li>\n<li><strong>Backup batteri:<\/strong> Upp till 38 timmar<\/li>\n<li><strong>Ethernet-anslutning:<\/strong> Ja, f\u00f6r s\u00e4ker och stabil kommunikation<\/li>\n<li><strong>Temperaturintervall:<\/strong> -10\u00b0C till +40\u00b0C<\/li>\n<li><strong>Installation:<\/strong> Inomhus<\/li>\n<li><strong>M\u00e5tt:<\/strong> 163 x 163 x 36 mm<\/li>\n<li><strong>Vikt:<\/strong> 410 g<\/li>\n<\/ul>\n<p>ReX 2 erbjuder ocks\u00e5 tv\u00e5v\u00e4gskommunikation mellan hubben och de enheter som \u00e4r anslutna via f\u00f6rst\u00e4rkaren, vilket s\u00e4kerst\u00e4ller snabb och s\u00e4ker data\u00f6verf\u00f6ring.<\/p>\n<p>Om systemet upplever problem med kommunikation via radio, kan det automatiskt v\u00e4xla till Ethernet-anslutning f\u00f6r att s\u00e4kerst\u00e4lla att larm och h\u00e4ndelser alltid levereras snabbt och korrekt.<\/p>\n<\/div>\n<\/div>\n<\/div>\n<\/div>\n<\/div>\n<\/div>\n<\/div>\n<\/div>\n<\/div>\n<\/div>\n<\/div>\n<\/div>\n","protected":false},"excerpt":{"rendered":"<p>Ajax ReX 2 \u00e4r en avancerad radiosignal-f\u00f6rst\u00e4rkare som ut\u00f6kar r\u00e4ckvidden f\u00f6r ditt s\u00e4kerhetssystem och st\u00f6djer fotoverifiering.<\/p>\n<p>Kompatibel med Hub 2, Hub 2 Plus och Hub Hybrid, ReX 2 s\u00e4kerst\u00e4ller en p\u00e5litlig kommunikation mellan dina s\u00e4kerhetsenheter och huvudkontrollpanelen.<\/p>\n<p>Med backup-batteri, Ethernet-anslutning och skydd mot sabotage erbjuder den \u00f6kad flexibilitet och s\u00e4kerhet f\u00f6r ditt system.<\/p>","protected":false},"featured_media":91619,"template":"","meta":{"_acf_changed":false},"product_brand":[],"product_cat":[349,2716],"product_tag":[2621,1409,3726],"class_list":{"0":"post-47970","1":"product","2":"type-product","3":"status-publish","4":"has-post-thumbnail","6":"product_cat-ajax-tradlosa-larm","7":"product_cat-range-extender-repeater","8":"product_tag-kontrollprodukt","9":"product_tag-lager-ajax","10":"product_tag-pf","11":"product_shipping_class-postnord-varubrev","12":"pa_ajax-tradlosa-larm-reapeater","13":"pa_brands-ajax-systems","14":"pa_color-vit","15":"pa_farg-vit","16":"tm-no-options","18":"first","19":"instock","20":"sale","21":"featured","22":"taxable","23":"shipping-taxable","24":"product-type-simple"},"acf":[],"_links":{"self":[{"href":"https:\/\/stonehouse.se\/en\/wp-json\/wp\/v2\/product\/47970","targetHints":{"allow":["GET"]}}],"collection":[{"href":"https:\/\/stonehouse.se\/en\/wp-json\/wp\/v2\/product"}],"about":[{"href":"https:\/\/stonehouse.se\/en\/wp-json\/wp\/v2\/types\/product"}],"wp:featuredmedia":[{"embeddable":true,"href":"https:\/\/stonehouse.se\/en\/wp-json\/wp\/v2\/media\/91619"}],"wp:attachment":[{"href":"https:\/\/stonehouse.se\/en\/wp-json\/wp\/v2\/media?parent=47970"}],"wp:term":[{"taxonomy":"product_brand","embeddable":true,"href":"https:\/\/stonehouse.se\/en\/wp-json\/wp\/v2\/product_brand?post=47970"},{"taxonomy":"product_cat","embeddable":true,"href":"https:\/\/stonehouse.se\/en\/wp-json\/wp\/v2\/product_cat?post=47970"},{"taxonomy":"product_tag","embeddable":true,"href":"https:\/\/stonehouse.se\/en\/wp-json\/wp\/v2\/product_tag?post=47970"}],"curies":[{"name":"wp","href":"https:\/\/api.w.org\/{rel}","templated":true}]}}