
{"id":48147,"date":"2022-11-28T11:21:46","date_gmt":"2022-11-28T10:21:46","guid":{"rendered":"https:\/\/stonehouse.se\/produkt\/relamodul-230vac-tradlos\/"},"modified":"2026-04-01T11:12:25","modified_gmt":"2026-04-01T09:12:25","slug":"ajax-wallswitch-relamodul-230-v","status":"publish","type":"product","link":"https:\/\/stonehouse.se\/en\/product\/ajax-wallswitch-relamodul-230-v\/","title":{"rendered":"Ajax WallSwitch Rel\u00e4modul 230V AC tr\u00e5dl\u00f6s"},"content":{"rendered":"<h3>Ajax WallSwitch \u00e4r en kraftfull och smart rel\u00e4modul som m\u00f6jligg\u00f6r fj\u00e4rrstyrning av str\u00f6mf\u00f6rs\u00f6rjningen till anslutna enheter genom Ajax-larmsystemet.<\/h3>\n<p>WallSwitch kan kopplas direkt till en 230 V~ eller 110 V~ str\u00f6mk\u00e4lla och hantera en maximal belastning p\u00e5 3 kW (resistiv last) eller 1,5 kW (vid 110 V).<\/p>\n<p>Detta g\u00f6r det m\u00f6jligt f\u00f6r anv\u00e4ndare att enkelt sl\u00e5 p\u00e5 eller av elektriska apparater och \u00f6vervaka deras energif\u00f6rbrukning via Ajax-appen.<\/p>\n<p>En av de mest framst\u00e5ende funktionerna i WallSwitch \u00e4r dess \u00f6verl\u00e4gsna s\u00e4kerhet. Enheten \u00e4r utrustad med flera skydd, inklusive \u00f6versp\u00e4nnings-, str\u00f6mskydd och temperaturskydd.<\/p>\n<p>Detta garanterar att anslutna enheter \u00e4r skyddade mot potentiella skador orsakade av str\u00f6mvariationer eller \u00f6verbelastning.<\/p>\n<p>WallSwitch kan ocks\u00e5 anv\u00e4ndas f\u00f6r att \u00f6vervaka och kontrollera energif\u00f6rbrukningen, vilket g\u00f6r det l\u00e4ttare att h\u00e5lla koll p\u00e5 driftkostnader och effektivitet.<\/p>\n<p>WallSwitch \u00e4r ocks\u00e5 otroligt flexibel och anv\u00e4ndarv\u00e4nlig. Den har st\u00f6d f\u00f6r b\u00e5de impuls- och bistabilt l\u00e4ge, vilket ger anv\u00e4ndare m\u00f6jlighet att justera enhetens funktion beroende p\u00e5 deras specifika behov.<\/p>\n<p>Impulsl\u00e4get har en justerbar pulsduration mellan 1 och 255 sekunder, vilket g\u00f6r det m\u00f6jligt att anpassa enhetens reaktion vid olika scenarier. Anv\u00e4ndare kan ocks\u00e5 st\u00e4lla in enheten i normall\u00e4ge f\u00f6r att f\u00e5 exakt kontroll \u00f6ver n\u00e4r str\u00f6mmen ska sl\u00e5s p\u00e5 eller av.<\/p>\n<p>Installationen av WallSwitch \u00e4r snabb och enkel. Enheten ansluts till Ajax-larmsystemet genom att skanna en QR-kod via Ajax-appen, och alla inst\u00e4llningar kan justeras i realtid.<\/p>\n<p>En kompakt design och flexibel antenn s\u00e4kerst\u00e4ller stabil kommunikation, \u00e4ven i st\u00f6rre anl\u00e4ggningar. WallSwitch \u00e4r ocks\u00e5 kompatibel med alla Ajax-hubbar och r\u00e4ckviddsf\u00f6rl\u00e4ngare, vilket g\u00f6r det m\u00f6jligt att ut\u00f6ka r\u00e4ckvidden och t\u00e4cka st\u00f6rre omr\u00e5den.<\/p>\n<p>F\u00f6rutom att ge s\u00e4ker kontroll \u00f6ver elektriska apparater, ger WallSwitch anv\u00e4ndare m\u00f6jlighet att skapa automation-scenarier f\u00f6r att effektivisera vardagen.<\/p>\n<p>Exempelvis kan belysning sl\u00e5s p\u00e5 n\u00e4r ett inbrottslarm aktiveras eller ett elektriskt l\u00e5s st\u00e4ngas n\u00e4r systemet aktiveras. Denna niv\u00e5 av integration g\u00f6r det m\u00f6jligt att maximera b\u00e5de s\u00e4kerhet och bekv\u00e4mlighet i hemmet eller p\u00e5 arbetsplatsen.<\/p>\n<p>Med en batteritid p\u00e5 upp till 4,5 \u00e5r (beroende p\u00e5 anv\u00e4ndning) och ett kompakt m\u00e5tt p\u00e5 39 x 33 x 18 mm, \u00e4r WallSwitch den ultimata l\u00f6sningen f\u00f6r alla som s\u00f6ker en intelligent och effektiv l\u00f6sning f\u00f6r att fj\u00e4rrstyra och \u00f6vervaka elf\u00f6rbrukning.<\/p>","protected":false},"excerpt":{"rendered":"<p>Ajax WallSwitch \u00e4r en tr\u00e5dl\u00f6s rel\u00e4modul som ger anv\u00e4ndare m\u00f6jlighet att fj\u00e4rrstyra str\u00f6mf\u00f6rs\u00f6rjningen f\u00f6r elektriska apparater via Ajax-larmsystemet.<\/p>\n<p>Med kapacitet att hantera laster upp till 3 kW och skydd mot \u00f6versp\u00e4nning och \u00f6verstr\u00f6m, \u00e4r WallSwitch den perfekta l\u00f6sningen f\u00f6r att \u00f6vervaka och kontrollera elf\u00f6rbrukning och s\u00e4kerst\u00e4lla trygghet i ditt hem eller f\u00f6retag.<\/p>","protected":false},"featured_media":93006,"template":"","meta":{"_acf_changed":false},"product_brand":[],"product_cat":[349,2713],"product_tag":[2621,3726],"class_list":{"0":"post-48147","1":"product","2":"type-product","3":"status-publish","4":"has-post-thumbnail","6":"product_cat-ajax-tradlosa-larm","7":"product_cat-automation","8":"product_tag-kontrollprodukt","9":"product_tag-pf","10":"product_shipping_class-postnord-varubrev","11":"pa_ajax-tradlosa-larm-rela-multisandare","12":"pa_brands-ajax-systems","13":"pa_color-svart","14":"pa_farg-svart","15":"tm-no-options","17":"first","18":"instock","19":"sale","20":"featured","21":"taxable","22":"shipping-taxable","23":"product-type-simple"},"acf":[],"_links":{"self":[{"href":"https:\/\/stonehouse.se\/en\/wp-json\/wp\/v2\/product\/48147","targetHints":{"allow":["GET"]}}],"collection":[{"href":"https:\/\/stonehouse.se\/en\/wp-json\/wp\/v2\/product"}],"about":[{"href":"https:\/\/stonehouse.se\/en\/wp-json\/wp\/v2\/types\/product"}],"wp:featuredmedia":[{"embeddable":true,"href":"https:\/\/stonehouse.se\/en\/wp-json\/wp\/v2\/media\/93006"}],"wp:attachment":[{"href":"https:\/\/stonehouse.se\/en\/wp-json\/wp\/v2\/media?parent=48147"}],"wp:term":[{"taxonomy":"product_brand","embeddable":true,"href":"https:\/\/stonehouse.se\/en\/wp-json\/wp\/v2\/product_brand?post=48147"},{"taxonomy":"product_cat","embeddable":true,"href":"https:\/\/stonehouse.se\/en\/wp-json\/wp\/v2\/product_cat?post=48147"},{"taxonomy":"product_tag","embeddable":true,"href":"https:\/\/stonehouse.se\/en\/wp-json\/wp\/v2\/product_tag?post=48147"}],"curies":[{"name":"wp","href":"https:\/\/api.w.org\/{rel}","templated":true}]}}