
{"id":50984,"date":"2022-12-27T14:34:56","date_gmt":"2022-12-27T13:34:56","guid":{"rendered":"https:\/\/stonehouse.se\/produkt\/centralapparat-hub2-lan-4g-vit\/"},"modified":"2026-03-30T12:07:33","modified_gmt":"2026-03-30T10:07:33","slug":"ajax-hub-2-4g-vit","status":"publish","type":"product","link":"https:\/\/stonehouse.se\/en\/product\/ajax-hub-2-4g-vit\/","title":{"rendered":"Ajax HUB 2 IP + 4G vit"},"content":{"rendered":"<h3><strong>Ajax Hub 2 4G \u2013 Den Nya Standarden f\u00f6r S\u00e4kerhet<\/strong><\/h3>\n<p>Ajax Hub 2 4G \u00e4r den senaste innovationen fr\u00e5n Ajax Systems, och den representerar en ny standard f\u00f6r s\u00e4kerhet och p\u00e5litlighet. Den \u00e4r en central enhet f\u00f6r s\u00e4kerhetssystemet, som ansluter tr\u00e5dl\u00f6sa Ajax-enheter via LAN och 4G.<\/p>\n<p>Hubben \u00e4r designad f\u00f6r att passa b\u00e5de hem och sm\u00e5 f\u00f6retag, och erbjuder en kraftfull l\u00f6sning f\u00f6r att skydda egendom och v\u00e4rdesaker.<\/p>\n<p><strong>Kommunikation via LAN och 4G<\/strong><\/p>\n<p>Ajax Hub 2 4G erbjuder b\u00e5de LAN-anslutning och 4G LTE (FDD B1\/B3\/B5\/B7\/B8\/B20) f\u00f6r att s\u00e4kerst\u00e4lla en p\u00e5litlig och flexibel kommunikation.<\/p>\n<p>Genom att ansluta till din router eller internet via n\u00e4tverkskabel och aktivera 4G, f\u00e5r du s\u00e4ker och snabb larm\u00f6verf\u00f6ring, vilket g\u00f6r att systemet fungerar \u00e4ven om din internetanslutning skulle g\u00e5 ner.<\/p>\n<p>Den dubbelkopplade kommunikationsm\u00f6jligheten g\u00f6r att du f\u00e5r en h\u00f6g niv\u00e5 av s\u00e4kerhet och redundans.<\/p>\n<p><strong>Tr\u00e5dl\u00f6s R\u00e4ckvidd och Kompatibilitet<\/strong><\/p>\n<p>Med en tr\u00e5dl\u00f6s r\u00e4ckvidd p\u00e5 upp till 2000 meter i fri terr\u00e4ng, \u00e4r Ajax Hub 2 4G utrustad f\u00f6r att t\u00e4cka stora omr\u00e5den utan att beh\u00f6va ytterligare h\u00e5rdvara.<\/p>\n<p>Du kan ocks\u00e5 ansluta upp till fem repeaters, som ReX och ReX2, vilket g\u00f6r att du kan ut\u00f6ka r\u00e4ckvidden till upp till 35 km\u00b2.<\/p>\n<p>Detta g\u00f6r systemet perfekt f\u00f6r b\u00e5de sm\u00e5 och stora installationer, oavsett om det handlar om ett hem, ett f\u00f6retag eller en st\u00f6rre fastighet.<\/p>\n<p><strong>Kamerahantering och Streaming<\/strong><\/p>\n<p>Ajax Hub 2 4G har en inbyggd funktion f\u00f6r att hantera Ajax IR-kameror, och kan skicka en serie bilder vid ett larm.<\/p>\n<p>Dessa bilder levereras endast vid larm och ger anv\u00e4ndaren en visuell verifiering av h\u00e4ndelsen. Dessutom kan systemet streama upp till 25 kameror eller NVR-enheter fr\u00e5n popul\u00e4ra m\u00e4rken som Ezviz och Hikvision.<\/p>\n<p>Detta ger en komplett \u00f6vervakning och s\u00e4kerhet, samtidigt som det ger anv\u00e4ndaren en snabb och p\u00e5litlig metod att kontrollera situationen.<\/p>\n<p><strong>Scenarier och Automation<\/strong><\/p>\n<p>En av de mest anv\u00e4ndbara funktionerna i Ajax Hub 2 4G \u00e4r f\u00f6rm\u00e5gan att skapa automatiserade scenarier.<\/p>\n<p>Du kan exempelvis programmera systemet att t\u00e4nda belysningen vid larm eller enligt ett schema, eller st\u00e4nga av vattentillf\u00f6rseln f\u00f6r att f\u00f6rhindra \u00f6versv\u00e4mning.<\/p>\n<p>Det g\u00e5r \u00e4ven att anv\u00e4nda en \u00f6verfalls- eller smartknapp f\u00f6r att med en knapptryckning aktivera \u00e5tg\u00e4rder, s\u00e5som att t\u00e4nda belysningen eller \u00f6ppna garageporten.<\/p>\n<p><strong>Anv\u00e4ndare, Enheter och Grupper<\/strong><\/p>\n<p>Ajax Hub 2 4G kan hantera upp till 50 anv\u00e4ndare och ansluta upp till 100 enheter.<\/p>\n<p>Detta g\u00f6r den l\u00e4mplig f\u00f6r b\u00e5de privata och kommersiella anv\u00e4ndare.<\/p>\n<p>Du kan skapa upp till 9 omr\u00e5den eller grupper f\u00f6r att ge en b\u00e4ttre orientering och hantering av s\u00e4kerheten, till exempel genom att s\u00e4tta upp olika rum och grupper f\u00f6r att se var larm intr\u00e4ffar, s\u00e5som i &#8220;Badrum 2&#8221; eller &#8220;Andra v\u00e5ningen.&#8221;<\/p>\n<p><strong>Str\u00f6mf\u00f6rs\u00f6rjning och Batteribackup<\/strong><\/p>\n<p>Ajax Hub 2 4G levereras med en Li-Ion 2Ah batteripack som ger en batteribackup p\u00e5 upp till 16 timmar.<\/p>\n<p>Detta g\u00f6r att systemet forts\u00e4tter att fungera \u00e4ven vid str\u00f6mavbrott, vilket s\u00e4kerst\u00e4ller kontinuerlig s\u00e4kerhet.<\/p>\n<p>Str\u00f6mf\u00f6rs\u00f6rjningen \u00e4r kompatibel med 110-240 V, 50\/60 Hz, vilket g\u00f6r att den kan anv\u00e4ndas globalt.<\/p>\n<p><strong>Specifikationer:<\/strong><\/p>\n<ul>\n<li><strong>Tr\u00e5dl\u00f6s r\u00e4ckvidd:<\/strong> Upp till 2000 meter i fri terr\u00e4ng (beroende p\u00e5 ansluten produkt)<\/li>\n<li><strong>Kamerastreaming:<\/strong> Upp till 25 kameror eller NVR-enheter<\/li>\n<li><strong>Simkort:<\/strong> 2 \u00d7 Micro SIM (2G, 3G, 4G LTE)<\/li>\n<li><strong>Batteribackup:<\/strong> Upp till 16 timmar<\/li>\n<li><strong>Temperaturspann:<\/strong> -10\u00b0C till +40\u00b0C<\/li>\n<li><strong>IP-klass:<\/strong> IP50<\/li>\n<li><strong>Enheter:<\/strong> Upp till 100 enheter<\/li>\n<li><strong>Anv\u00e4ndare:<\/strong> Upp till 50 anv\u00e4ndare<\/li>\n<li><strong>Omr\u00e5den\/grupper:<\/strong> 9 omr\u00e5den<\/li>\n<li><strong>Str\u00f6mf\u00f6rs\u00f6rjning:<\/strong> 110-240 V, 50\/60 Hz<\/li>\n<li><strong>Storlek:<\/strong> 163 \u00d7 163 \u00d7 36 mm<\/li>\n<li><strong>Weight:<\/strong> 350 g<\/li>\n<\/ul>\n<p><strong>Inneh\u00e5ll i F\u00f6rpackningen:<\/strong><\/p>\n<ul>\n<li>Ajax Hub 2 4G<\/li>\n<li>Str\u00f6mkabel<\/li>\n<li>Network cable<\/li>\n<li>Backupbatteri<\/li>\n<li>Anv\u00e4ndarhandbok<\/li>\n<\/ul>\n<p><strong>Slutsats:<\/strong><\/p>\n<p>Ajax Hub 2 4G erbjuder en p\u00e5litlig och flexibel s\u00e4kerhetsl\u00f6sning f\u00f6r b\u00e5de hem och sm\u00e5 f\u00f6retag.<\/p>\n<p>Med sin tr\u00e5dl\u00f6sa r\u00e4ckvidd, kamerastreaming och m\u00f6jligheten att skapa anpassade scenarier, ger denna centralenhet b\u00e5de h\u00f6g prestanda och anv\u00e4ndarv\u00e4nlighet.<\/p>\n<p>Den \u00e4r en idealisk l\u00f6sning f\u00f6r den som s\u00f6ker ett avancerat s\u00e4kerhetssystem med redundans via b\u00e5de LAN och 4G.<\/p>","protected":false},"excerpt":{"rendered":"<p>Ajax Hub 2 4G \u00e4r en centralenhet f\u00f6r s\u00e4kerhetssystem som anv\u00e4nder b\u00e5de LAN och 4G f\u00f6r att ansluta till Ajax tr\u00e5dl\u00f6sa enheter.<\/p>\n<p>Den har en tr\u00e5dl\u00f6s r\u00e4ckvidd p\u00e5 upp till 2000 meter och kan hantera upp till 25 kameror f\u00f6r str\u00f6mning och bild\u00f6verf\u00f6ring vid larm.<\/p>","protected":false},"featured_media":91619,"template":"","meta":{"_acf_changed":false},"product_brand":[],"product_cat":[349,2700],"product_tag":[2621,1409,3726],"class_list":{"0":"post-50984","1":"product","2":"type-product","3":"status-publish","4":"has-post-thumbnail","6":"product_cat-ajax-tradlosa-larm","7":"product_cat-centralenheter-ajax-tradlosa-larm","8":"product_tag-kontrollprodukt","9":"product_tag-lager-ajax","10":"product_tag-pf","11":"product_shipping_class-tunga-paket","12":"pa_ajax-tradlosa-larm-hub-centralenhet","13":"pa_brands-ajax-systems","14":"pa_color-vit","15":"pa_farg-vit","16":"tm-no-options","18":"first","19":"instock","20":"sale","21":"featured","22":"taxable","23":"shipping-taxable","24":"product-type-simple"},"acf":[],"_links":{"self":[{"href":"https:\/\/stonehouse.se\/en\/wp-json\/wp\/v2\/product\/50984","targetHints":{"allow":["GET"]}}],"collection":[{"href":"https:\/\/stonehouse.se\/en\/wp-json\/wp\/v2\/product"}],"about":[{"href":"https:\/\/stonehouse.se\/en\/wp-json\/wp\/v2\/types\/product"}],"wp:featuredmedia":[{"embeddable":true,"href":"https:\/\/stonehouse.se\/en\/wp-json\/wp\/v2\/media\/91619"}],"wp:attachment":[{"href":"https:\/\/stonehouse.se\/en\/wp-json\/wp\/v2\/media?parent=50984"}],"wp:term":[{"taxonomy":"product_brand","embeddable":true,"href":"https:\/\/stonehouse.se\/en\/wp-json\/wp\/v2\/product_brand?post=50984"},{"taxonomy":"product_cat","embeddable":true,"href":"https:\/\/stonehouse.se\/en\/wp-json\/wp\/v2\/product_cat?post=50984"},{"taxonomy":"product_tag","embeddable":true,"href":"https:\/\/stonehouse.se\/en\/wp-json\/wp\/v2\/product_tag?post=50984"}],"curies":[{"name":"wp","href":"https:\/\/api.w.org\/{rel}","templated":true}]}}