
{"id":51569,"date":"2023-01-04T16:13:58","date_gmt":"2023-01-04T15:13:58","guid":{"rendered":"https:\/\/stonehouse.se\/produkt\/dosa-classic-jb720-12-skruvar-2-for-sabotage\/"},"modified":"2026-03-04T11:55:35","modified_gmt":"2026-03-04T10:55:35","slug":"dosa-classic-jb720-12-skruvar-2-for-sabotage","status":"publish","type":"product","link":"https:\/\/stonehouse.se\/en\/product\/dosa-classic-jb720-12-skruvar-2-for-sabotage\/","title":{"rendered":"Kopplingsdosa &#8211; Anslutningsplint JB720 &#8211; 12 skruvar + 2 f\u00f6r sabotage"},"content":{"rendered":"<p>Kopplingsdosa f\u00f6r larm. Knockouth\u00e5l f\u00f6r kabel.<\/p>\n<p>Tekniska Specifikationer<\/p>\n<p>Antal terminaler: 2 + 2 sabotage<\/p>\n<p>Installation: Utanp\u00e5liggande<\/p>\n<p>Material\/H\u00f6lje: Plast<\/p>\n<p>F\u00e4rg: Vit<\/p>\n<p>Dimensioner: 65x65x19mm<\/p>","protected":false},"excerpt":{"rendered":"<p>Larmbox &#8211; Larmdosa &#8211; Kopplingsdosa 12 skruvar + 2 f\u00f6r sabotage<\/p>","protected":false},"featured_media":82948,"template":"","meta":{"_acf_changed":false},"product_brand":[],"product_cat":[468],"product_tag":[1750,2304],"class_list":{"0":"post-51569","1":"product","2":"type-product","3":"status-publish","4":"has-post-thumbnail","6":"product_cat-larmdosor","7":"product_tag-rel-installationstillbehor","8":"product_tag-stonehouse-produkt","9":"product_shipping_class-postnord-varubrev","10":"pa_brands-stonehouse-security","11":"pa_farg-vit","12":"tm-no-options","14":"first","15":"instock","16":"sale","17":"featured","18":"taxable","19":"shipping-taxable","20":"product-type-simple"},"acf":[],"_links":{"self":[{"href":"https:\/\/stonehouse.se\/en\/wp-json\/wp\/v2\/product\/51569","targetHints":{"allow":["GET"]}}],"collection":[{"href":"https:\/\/stonehouse.se\/en\/wp-json\/wp\/v2\/product"}],"about":[{"href":"https:\/\/stonehouse.se\/en\/wp-json\/wp\/v2\/types\/product"}],"wp:featuredmedia":[{"embeddable":true,"href":"https:\/\/stonehouse.se\/en\/wp-json\/wp\/v2\/media\/82948"}],"wp:attachment":[{"href":"https:\/\/stonehouse.se\/en\/wp-json\/wp\/v2\/media?parent=51569"}],"wp:term":[{"taxonomy":"product_brand","embeddable":true,"href":"https:\/\/stonehouse.se\/en\/wp-json\/wp\/v2\/product_brand?post=51569"},{"taxonomy":"product_cat","embeddable":true,"href":"https:\/\/stonehouse.se\/en\/wp-json\/wp\/v2\/product_cat?post=51569"},{"taxonomy":"product_tag","embeddable":true,"href":"https:\/\/stonehouse.se\/en\/wp-json\/wp\/v2\/product_tag?post=51569"}],"curies":[{"name":"wp","href":"https:\/\/api.w.org\/{rel}","templated":true}]}}