
{"id":51580,"date":"2023-01-04T16:39:52","date_gmt":"2023-01-04T15:39:52","guid":{"rendered":"https:\/\/stonehouse.se\/produkt\/kombinationsdetektor-ir-mv-tritech-15x15-m-for-utomhusbruk\/"},"modified":"2026-04-01T14:39:00","modified_gmt":"2026-04-01T12:39:00","slug":"bosch-kombinationsdetektor-ir-mv-tritech-15x15-m-for-utomhusbruk","status":"publish","type":"product","link":"https:\/\/stonehouse.se\/en\/product\/bosch-kombinationsdetektor-ir-mv-tritech-15x15-m-for-utomhusbruk\/","title":{"rendered":"Bosch Kombinationsdetektor IR\/MV Tritech 15&#215;15 m f\u00f6r utomhusbruk"},"content":{"rendered":"<h1>Bosch Kombinationsdetektor IR\/MV Tritech 15&#215;15 m f\u00f6r utomhusbruk<\/h1>\n<p data-start=\"377\" data-end=\"1362\">Bosch Kombinationsdetektor IR\/MV Tritech OD850E \u00e4r en robust och p\u00e5litlig detektor designad f\u00f6r utomhusbruk och andra kr\u00e4vande milj\u00f6er.<\/p>\n<p data-start=\"377\" data-end=\"1362\">Den kombinerar passiv infrar\u00f6d (PIR) och mikrov\u00e5gsteknik f\u00f6r att ge exakt detektion.<\/p>\n<p data-start=\"377\" data-end=\"1362\">OD850E \u00e4r utrustad med avancerad LTD-signalbehandling (Linear Travel Distance), vilket g\u00f6r att den ignorerar sm\u00e5 r\u00f6relser i omgivningen, vilket minimerar falsklarm.<br data-start=\"792\" data-end=\"795\" \/>Med dubbla rel\u00e4er f\u00f6r mikrov\u00e5g och IR, kan larmutg\u00e5ngen v\u00e4ljas f\u00f6r olika detektionsmetoder: b\u00e5de IR och mikrov\u00e5g f\u00f6r larm, eller antingen IR eller mikrov\u00e5g.<\/p>\n<p data-start=\"377\" data-end=\"1362\">Detektorn har en t\u00e4ckning p\u00e5 15 x 15 m och fungerar i ett brett temperaturomr\u00e5de fr\u00e5n -35 till +60 grader Celsius.<br data-start=\"1066\" data-end=\"1069\" \/>OD850E har \u00e4ven tv\u00e5 k\u00e4nslighetsniv\u00e5er som kan justeras beroende p\u00e5 milj\u00f6n: Standard k\u00e4nslighet f\u00f6r att minimera falsklarm och mellanl\u00e4geniv\u00e5 f\u00f6r snabbare detektering av inkr\u00e4ktare.<\/p>\n<p data-start=\"377\" data-end=\"1362\">F\u00f6r att s\u00e4kerst\u00e4lla ytterligare anpassning erbjuder den en justerbar tidsrel\u00e4utg\u00e5ng f\u00f6r flexibel alarmhantering.<\/p>\n<p data-start=\"1364\" data-end=\"1394\"><strong data-start=\"1364\" data-end=\"1392\">Funktioner och f\u00f6rdelar:<\/strong><\/p>\n<ul data-start=\"1395\" data-end=\"1804\">\n<li data-start=\"1395\" data-end=\"1454\">\n<p data-start=\"1397\" data-end=\"1454\">Kombination av PIR och mikrov\u00e5gsteknik f\u00f6r h\u00f6g s\u00e4kerhet<\/p>\n<\/li>\n<li data-start=\"1455\" data-end=\"1503\">\n<p data-start=\"1457\" data-end=\"1503\">T\u00e4ckning: 15 x 15 m f\u00f6r stora utomhusomr\u00e5den<\/p>\n<\/li>\n<li data-start=\"1504\" data-end=\"1559\">\n<p data-start=\"1506\" data-end=\"1559\">LTD-signalbehandling f\u00f6r att eliminera sm\u00e5 r\u00f6relser<\/p>\n<\/li>\n<li data-start=\"1560\" data-end=\"1618\">\n<p data-start=\"1562\" data-end=\"1618\">Justerbara k\u00e4nslighetsniv\u00e5er (standard och mellanl\u00e4ge)<\/p>\n<\/li>\n<li data-start=\"1619\" data-end=\"1697\">\n<p data-start=\"1621\" data-end=\"1697\">Dubbla rel\u00e4er f\u00f6r anpassade larmutg\u00e5ngar: IR + MV eller enbart IR eller MV<\/p>\n<\/li>\n<li data-start=\"1698\" data-end=\"1747\">\n<p data-start=\"1700\" data-end=\"1747\">Temperaturomr\u00e5de: -35 till +60 grader Celsius<\/p>\n<\/li>\n<li data-start=\"1748\" data-end=\"1804\">\n<p data-start=\"1750\" data-end=\"1804\">Justerbar tidsrel\u00e4utg\u00e5ng f\u00f6r anpassad alarmhantering<\/p>\n<\/li>\n<\/ul>\n<p data-start=\"1806\" data-end=\"1837\"><strong data-start=\"1806\" data-end=\"1835\">Tekniska specifikationer:<\/strong><\/p>\n<ul data-start=\"1838\" data-end=\"2231\">\n<li data-start=\"1838\" data-end=\"1876\">\n<p data-start=\"1840\" data-end=\"1876\">Typ av detektion: PIR och Mikrov\u00e5g<\/p>\n<\/li>\n<li data-start=\"1877\" data-end=\"1900\">\n<p data-start=\"1879\" data-end=\"1900\">T\u00e4ckning: 15 x 15 m<\/p>\n<\/li>\n<li data-start=\"1901\" data-end=\"1939\">\n<p data-start=\"1903\" data-end=\"1939\">Rel\u00e4er: Dubbla f\u00f6r mikrov\u00e5g och IR<\/p>\n<\/li>\n<li data-start=\"1940\" data-end=\"1977\">\n<p data-start=\"1942\" data-end=\"1977\">Temperaturomr\u00e5de: -35 till +60 \u00b0C<\/p>\n<\/li>\n<li data-start=\"1978\" data-end=\"2012\">\n<p data-start=\"1980\" data-end=\"2012\">M\u00e5tt (HxBxD): 165 x 82 x 63 mm<\/p>\n<\/li>\n<li data-start=\"2013\" data-end=\"2046\">\n<p data-start=\"2015\" data-end=\"2046\">Str\u00f6mf\u00f6rs\u00f6rjning: 9 &#8211; 15 V DC<\/p>\n<\/li>\n<li data-start=\"2047\" data-end=\"2125\">\n<p data-start=\"2049\" data-end=\"2125\">Funktioner: Motion Analyzer II Processing, LTD Microwave Signal Processing<\/p>\n<\/li>\n<li data-start=\"2126\" data-end=\"2183\">\n<p data-start=\"2128\" data-end=\"2183\">Justerbara k\u00e4nslighetsniv\u00e5er: Standard och mellanl\u00e4ge<\/p>\n<\/li>\n<li data-start=\"2184\" data-end=\"2231\">\n<p data-start=\"2186\" data-end=\"2231\">Justerbar tidsrel\u00e4utg\u00e5ng f\u00f6r alarmhantering<\/p>\n<\/li>\n<\/ul>","protected":false},"excerpt":{"rendered":"<p>Kombinationsdetektor f\u00f6r utomhusbruk med IR och mikrov\u00e5gsteknik. 15 x 15 m t\u00e4ckning, LTD-signalbehandling och justerbara k\u00e4nslighetsniv\u00e5er f\u00f6r optimal detektering.<\/p>","protected":false},"featured_media":82698,"template":"","meta":{"_acf_changed":false},"product_brand":[],"product_cat":[2615],"product_tag":[1747],"class_list":{"0":"post-51580","1":"product","2":"type-product","3":"status-publish","4":"has-post-thumbnail","6":"product_cat-rorelse-detektorer","7":"product_tag-rel-larmgivare","8":"product_shipping_class-postnord-varubrev","9":"pa_brands-bosch","10":"tm-no-options","12":"first","13":"instock","14":"sale","15":"featured","16":"taxable","17":"shipping-taxable","18":"product-type-simple"},"acf":[],"_links":{"self":[{"href":"https:\/\/stonehouse.se\/en\/wp-json\/wp\/v2\/product\/51580","targetHints":{"allow":["GET"]}}],"collection":[{"href":"https:\/\/stonehouse.se\/en\/wp-json\/wp\/v2\/product"}],"about":[{"href":"https:\/\/stonehouse.se\/en\/wp-json\/wp\/v2\/types\/product"}],"wp:featuredmedia":[{"embeddable":true,"href":"https:\/\/stonehouse.se\/en\/wp-json\/wp\/v2\/media\/82698"}],"wp:attachment":[{"href":"https:\/\/stonehouse.se\/en\/wp-json\/wp\/v2\/media?parent=51580"}],"wp:term":[{"taxonomy":"product_brand","embeddable":true,"href":"https:\/\/stonehouse.se\/en\/wp-json\/wp\/v2\/product_brand?post=51580"},{"taxonomy":"product_cat","embeddable":true,"href":"https:\/\/stonehouse.se\/en\/wp-json\/wp\/v2\/product_cat?post=51580"},{"taxonomy":"product_tag","embeddable":true,"href":"https:\/\/stonehouse.se\/en\/wp-json\/wp\/v2\/product_tag?post=51580"}],"curies":[{"name":"wp","href":"https:\/\/api.w.org\/{rel}","templated":true}]}}