
{"id":51582,"date":"2024-12-02T15:08:13","date_gmt":"2024-12-02T14:08:13","guid":{"rendered":"https:\/\/stonehouse.se\/produkt\/karmoverforing-r-carm-10-mm\/"},"modified":"2026-04-08T16:51:42","modified_gmt":"2026-04-08T14:51:42","slug":"karmoverforing-r-carm-10-mm","status":"publish","type":"product","link":"https:\/\/stonehouse.se\/en\/product\/karmoverforing-r-carm-10-mm\/","title":{"rendered":"KARM\u00d6VERF\u00d6RING R-CARM 10 MM"},"content":{"rendered":"","protected":false},"excerpt":{"rendered":"<p>F\u00f6rzinkad och st\u00e5lomspunnen karm\u00f6verf\u00f6ring i kraftigt utf\u00f6rande. Innerdiameter 10 mm. L\u00e4ngd 50 cm. Levereras med kraftiga \u00e4ndstycken.<\/p>","protected":false},"featured_media":80007,"template":"","meta":{"_acf_changed":false},"product_brand":[],"product_cat":[469],"product_tag":[],"class_list":{"0":"post-51582","1":"product","2":"type-product","3":"status-publish","4":"has-post-thumbnail","6":"product_cat-kabeloverforing","7":"product_shipping_class-tunga-paket","8":"pa_brands-rco","9":"pa_farg-gra","10":"tm-no-options","12":"first","13":"instock","14":"sale","15":"taxable","16":"shipping-taxable","17":"product-type-simple"},"acf":[],"_links":{"self":[{"href":"https:\/\/stonehouse.se\/en\/wp-json\/wp\/v2\/product\/51582","targetHints":{"allow":["GET"]}}],"collection":[{"href":"https:\/\/stonehouse.se\/en\/wp-json\/wp\/v2\/product"}],"about":[{"href":"https:\/\/stonehouse.se\/en\/wp-json\/wp\/v2\/types\/product"}],"wp:featuredmedia":[{"embeddable":true,"href":"https:\/\/stonehouse.se\/en\/wp-json\/wp\/v2\/media\/80007"}],"wp:attachment":[{"href":"https:\/\/stonehouse.se\/en\/wp-json\/wp\/v2\/media?parent=51582"}],"wp:term":[{"taxonomy":"product_brand","embeddable":true,"href":"https:\/\/stonehouse.se\/en\/wp-json\/wp\/v2\/product_brand?post=51582"},{"taxonomy":"product_cat","embeddable":true,"href":"https:\/\/stonehouse.se\/en\/wp-json\/wp\/v2\/product_cat?post=51582"},{"taxonomy":"product_tag","embeddable":true,"href":"https:\/\/stonehouse.se\/en\/wp-json\/wp\/v2\/product_tag?post=51582"}],"curies":[{"name":"wp","href":"https:\/\/api.w.org\/{rel}","templated":true}]}}