
{"id":52349,"date":"2023-01-19T16:10:02","date_gmt":"2023-01-19T15:10:02","guid":{"rendered":"https:\/\/stonehouse.se\/produkt\/krokodil-id-kortklamma-med-nylonband-och-forstarkning-100-pack\/"},"modified":"2026-04-08T16:18:35","modified_gmt":"2026-04-08T14:18:35","slug":"krokodil-id-kortklamma-med-nylonband-och-forstarkning-100-pack","status":"publish","type":"product","link":"https:\/\/stonehouse.se\/en\/product\/krokodil-id-kortklamma-med-nylonband-och-forstarkning-100-pack\/","title":{"rendered":"Krokodil ID-kortkl\u00e4mma med nylonband och f\u00f6rst\u00e4rkning (100-pack)"},"content":{"rendered":"<p>Krokodilkl\u00e4mma med extra f\u00f6rst\u00e4rkning i \u00f6glan f\u00f6r b\u00e4ttre h\u00e5llbarhet.<\/p>","protected":false},"excerpt":{"rendered":"<p>Krokodilkl\u00e4mma med extra f\u00f6rst\u00e4rkning i \u00f6glan f\u00f6r b\u00e4ttre h\u00e5llbarhet.<\/p>","protected":false},"featured_media":82923,"template":"","meta":{"_acf_changed":false},"product_brand":[],"product_cat":[574],"product_tag":[2508],"class_list":{"0":"post-52349","1":"product","2":"type-product","3":"status-publish","4":"has-post-thumbnail","6":"product_cat-kortklamma-montering","7":"product_tag-trade-produkt","8":"product_shipping_class-postnord-varubrev","9":"tm-no-options","11":"first","12":"instock","13":"sale","14":"taxable","15":"shipping-taxable","16":"product-type-simple"},"acf":[],"_links":{"self":[{"href":"https:\/\/stonehouse.se\/en\/wp-json\/wp\/v2\/product\/52349","targetHints":{"allow":["GET"]}}],"collection":[{"href":"https:\/\/stonehouse.se\/en\/wp-json\/wp\/v2\/product"}],"about":[{"href":"https:\/\/stonehouse.se\/en\/wp-json\/wp\/v2\/types\/product"}],"wp:featuredmedia":[{"embeddable":true,"href":"https:\/\/stonehouse.se\/en\/wp-json\/wp\/v2\/media\/82923"}],"wp:attachment":[{"href":"https:\/\/stonehouse.se\/en\/wp-json\/wp\/v2\/media?parent=52349"}],"wp:term":[{"taxonomy":"product_brand","embeddable":true,"href":"https:\/\/stonehouse.se\/en\/wp-json\/wp\/v2\/product_brand?post=52349"},{"taxonomy":"product_cat","embeddable":true,"href":"https:\/\/stonehouse.se\/en\/wp-json\/wp\/v2\/product_cat?post=52349"},{"taxonomy":"product_tag","embeddable":true,"href":"https:\/\/stonehouse.se\/en\/wp-json\/wp\/v2\/product_tag?post=52349"}],"curies":[{"name":"wp","href":"https:\/\/api.w.org\/{rel}","templated":true}]}}