
{"id":52516,"date":"2023-01-23T09:55:41","date_gmt":"2023-01-23T08:55:41","guid":{"rendered":"https:\/\/stonehouse.se\/?post_type=product&#038;p=52516"},"modified":"2025-12-31T20:43:09","modified_gmt":"2025-12-31T19:43:09","slug":"dsc-tamper-switch-pc5003c","status":"publish","type":"product","link":"https:\/\/stonehouse.se\/en\/product\/dsc-tamper-switch-pc5003c\/","title":{"rendered":"DSC Tamper Switch \/ sabotagebrytare till kapsling PC5003C"},"content":{"rendered":"<p><b>DSC Tamper Switch PC5003C <\/b>\u00a0\u00e4r en h\u00f6gkvalitativ sabotageswitch som erbjuder ett effektivt s\u00e4tt att skydda dina s\u00e4kerhetssystem mot o\u00f6nskad manipulation.<\/p>\n<p>Designad f\u00f6r att anv\u00e4ndas med DSC NEO-system, kan denna universella switch installeras p\u00e5 kapslingar f\u00f6r att s\u00e4kerst\u00e4lla att de f\u00f6rblir intakta och skyddade.<\/p>\n<p>N\u00e4r en kapsling \u00f6ppnas eller manipuleras, aktiverar switchen ett larm, vilket s\u00e4kerst\u00e4ller snabb reaktion p\u00e5 potentiella intr\u00e5ng.<\/p>\n<p>Denna tamper switch \u00e4r l\u00e4tt att installera och fungerar effektivt i olika milj\u00f6er, vilket g\u00f6r den till ett utm\u00e4rkt val f\u00f6r b\u00e5de bost\u00e4der och kommersiella applikationer.<\/p>\n<p>Den integreras s\u00f6ml\u00f6st med PowerSeries Neo-systemet, vilket m\u00f6jligg\u00f6r \u00f6vervakning av upp till 128 zoner och anpassning av s\u00e4kerhetsl\u00f6sningar f\u00f6r olika sektioner av fastigheten.<\/p>\n<p>Med en robust konstruktion och enkel installation erbjuder DSC Tamper Switch PC5003C ett p\u00e5litligt skydd f\u00f6r dina s\u00e4kerhetssystem, vilket ger extra trygghet och sinnesro.<\/p>","protected":false},"excerpt":{"rendered":"<p>DSC Tamper Switch PC5003C \u00e4r en universell sabotageswitch designad f\u00f6r att larmskydda kapslingar till DSC NEO-system.<\/p>\n<p>Den \u00e4r idealisk f\u00f6r att f\u00f6rhindra obeh\u00f6rig \u00e5tkomst och s\u00e4kerst\u00e4lla att dina s\u00e4kerhetsanordningar alltid \u00e4r skyddade.<\/p>\n<p>Den \u00e4r enkel att installera och fungerar p\u00e5litligt i olika milj\u00f6er.<\/p>","protected":false},"featured_media":82437,"template":"","meta":{"_acf_changed":false},"product_brand":[],"product_cat":[2787,350,2786],"product_tag":[2781,1679,1682],"class_list":{"0":"post-52516","1":"product","2":"type-product","3":"status-publish","4":"has-post-thumbnail","6":"product_cat-dsc-neo-centralkit","7":"product_cat-dsc-larm-neo-power-hybridlarm","8":"product_cat-tillbehor","9":"product_tag-dsc-neo-svensk-manual","10":"product_tag-neo-central-kapslingar","11":"product_tag-neo-ovriga-tillbehor","12":"product_shipping_class-tunga-paket","13":"pa_brands-4dsc","14":"tm-no-options","16":"first","17":"onbackorder","18":"sale","19":"featured","20":"taxable","21":"shipping-taxable","22":"product-type-simple"},"acf":[],"_links":{"self":[{"href":"https:\/\/stonehouse.se\/en\/wp-json\/wp\/v2\/product\/52516","targetHints":{"allow":["GET"]}}],"collection":[{"href":"https:\/\/stonehouse.se\/en\/wp-json\/wp\/v2\/product"}],"about":[{"href":"https:\/\/stonehouse.se\/en\/wp-json\/wp\/v2\/types\/product"}],"wp:featuredmedia":[{"embeddable":true,"href":"https:\/\/stonehouse.se\/en\/wp-json\/wp\/v2\/media\/82437"}],"wp:attachment":[{"href":"https:\/\/stonehouse.se\/en\/wp-json\/wp\/v2\/media?parent=52516"}],"wp:term":[{"taxonomy":"product_brand","embeddable":true,"href":"https:\/\/stonehouse.se\/en\/wp-json\/wp\/v2\/product_brand?post=52516"},{"taxonomy":"product_cat","embeddable":true,"href":"https:\/\/stonehouse.se\/en\/wp-json\/wp\/v2\/product_cat?post=52516"},{"taxonomy":"product_tag","embeddable":true,"href":"https:\/\/stonehouse.se\/en\/wp-json\/wp\/v2\/product_tag?post=52516"}],"curies":[{"name":"wp","href":"https:\/\/api.w.org\/{rel}","templated":true}]}}