
{"id":52629,"date":"2023-01-23T09:55:52","date_gmt":"2023-01-23T08:55:52","guid":{"rendered":"https:\/\/stonehouse.se\/produkt\/dsc-neo-power-g-wireless-vattendetektor-pg8985-2\/"},"modified":"2025-12-31T20:38:05","modified_gmt":"2025-12-31T19:38:05","slug":"dsc-flood-detector-pg8985","status":"publish","type":"product","link":"https:\/\/stonehouse.se\/en\/product\/dsc-flood-detector-pg8985\/","title":{"rendered":"DSC Flood Detector tr\u00e5dl\u00f6s PG8985"},"content":{"rendered":"<p><strong>DSC Flood Detector PG8985<\/strong> \u00e4r en avancerad tr\u00e5dl\u00f6s vattendetektor designad f\u00f6r att skydda hem och kommersiella fastigheter fr\u00e5n vattenl\u00e4ckage.<\/p>\n<p>Den anv\u00e4nder PowerG-teknologi f\u00f6r att m\u00f6jligg\u00f6ra kommunikation \u00f6ver avst\u00e5nd upp till 2 km i fri luft, vilket s\u00e4kerst\u00e4ller p\u00e5litlig \u00f6vervakning \u00e4ven p\u00e5 stora ytor.<\/p>\n<p>Detektorn har en 1,8 meter l\u00e5ng sond som kan placeras vid markniv\u00e5 f\u00f6r att tidigt uppt\u00e4cka vatten.<\/p>\n<p>Om sonden kopplas bort ges en varning, och den synliga signalindikatorn g\u00f6r det l\u00e4tt att v\u00e4lja den optimala installationsplatsen utan att beh\u00f6va \u00e5terv\u00e4nda till knappsatsen.<\/p>\n<p>PG8985 \u00e4r ocks\u00e5 f\u00f6rsedd med l\u00e5gt batteri-indikator och har en batteritid p\u00e5 upp till 8 \u00e5r vid normal anv\u00e4ndning, vilket ger l\u00e5ngvarig drifts\u00e4kerhet.<\/p>\n<p>Detektorn \u00e4r kompatibel med PowerSeries Neo, PowerSeries Pro och Qolsys-paneler, vilket g\u00f6r den till en flexibel l\u00f6sning f\u00f6r b\u00e5de bost\u00e4der och f\u00f6retag.<\/p>\n<p>Med sin snabba installation och h\u00f6ga immunitet mot falsklarm ger PG8985 trygghet och s\u00e4kerhet mot vattenskador.<\/p>","protected":false},"excerpt":{"rendered":"<p>DSC Flood Detector PG8985 \u00e4r en tr\u00e5dl\u00f6s vattendetektor som effektivt uppt\u00e4cker vattenl\u00e4ckage.<\/p>\n<p>Den \u00e4r idealisk f\u00f6r installation i k\u00e4llare, b\u00e5tar och fritidshus.<\/p>\n<p>Med en 1,8 meter l\u00e5ng sond ger den tidig varning vid l\u00e4ckage och har en batteritid p\u00e5 upp till 8 \u00e5r.<\/p>\n<p>PG8985 \u00e4r kompatibel med PowerSeries Neo, PowerSeries Pro och Qolsys-paneler.<\/p>","protected":false},"featured_media":82609,"template":"","meta":{"_acf_changed":false},"product_brand":[],"product_cat":[350,2803],"product_tag":[2638,2781],"class_list":{"0":"post-52629","1":"product","2":"type-product","3":"status-publish","4":"has-post-thumbnail","6":"product_cat-dsc-larm-neo-power-hybridlarm","7":"product_cat-vatten-och-temperaturlarm","8":"product_tag-cr123-tillbehor","9":"product_tag-dsc-neo-svensk-manual","10":"product_shipping_class-postnord-varubrev","11":"pa_brands-4dsc","12":"pa_farg-vit","13":"tm-no-options","15":"first","16":"instock","17":"sale","18":"featured","19":"taxable","20":"shipping-taxable","21":"product-type-simple"},"acf":[],"_links":{"self":[{"href":"https:\/\/stonehouse.se\/en\/wp-json\/wp\/v2\/product\/52629","targetHints":{"allow":["GET"]}}],"collection":[{"href":"https:\/\/stonehouse.se\/en\/wp-json\/wp\/v2\/product"}],"about":[{"href":"https:\/\/stonehouse.se\/en\/wp-json\/wp\/v2\/types\/product"}],"wp:featuredmedia":[{"embeddable":true,"href":"https:\/\/stonehouse.se\/en\/wp-json\/wp\/v2\/media\/82609"}],"wp:attachment":[{"href":"https:\/\/stonehouse.se\/en\/wp-json\/wp\/v2\/media?parent=52629"}],"wp:term":[{"taxonomy":"product_brand","embeddable":true,"href":"https:\/\/stonehouse.se\/en\/wp-json\/wp\/v2\/product_brand?post=52629"},{"taxonomy":"product_cat","embeddable":true,"href":"https:\/\/stonehouse.se\/en\/wp-json\/wp\/v2\/product_cat?post=52629"},{"taxonomy":"product_tag","embeddable":true,"href":"https:\/\/stonehouse.se\/en\/wp-json\/wp\/v2\/product_tag?post=52629"}],"curies":[{"name":"wp","href":"https:\/\/api.w.org\/{rel}","templated":true}]}}