
{"id":52636,"date":"2023-01-23T09:55:51","date_gmt":"2023-01-23T08:55:51","guid":{"rendered":"https:\/\/stonehouse.se\/produkt\/dsc-neo-power-g-wireless-glaskrossdetektor-pg8922-2\/"},"modified":"2026-02-23T14:49:11","modified_gmt":"2026-02-23T13:49:11","slug":"dsc-glass-break-detector-pg8922","status":"publish","type":"product","link":"https:\/\/stonehouse.se\/en\/product\/dsc-glass-break-detector-pg8922\/","title":{"rendered":"DSC Glass Break Detector\u200b PowerG PG8922"},"content":{"rendered":"<div id=\"toggle-description-container\" class=\"toggle-content is-active\">\n<p><strong>DSC Glass Break Detector PG8922<\/strong> \u00e4r en h\u00f6gteknologisk akustisk detektor designad f\u00f6r att skydda dina f\u00f6nster och glasytor mot intr\u00e5ng.<\/p>\n<p>Med en detektionsradie p\u00e5 upp till 6 meter och st\u00f6d f\u00f6r olika glas, inklusive vanligt f\u00f6nsterglas, laminerat och h\u00e4rdat glas, erbjuder PG8922 en omfattande s\u00e4kerhetsl\u00f6sning f\u00f6r b\u00e5de bost\u00e4der och kommersiella fastigheter.<\/p>\n<p>Denna detektor anv\u00e4nder PowerG-teknologi f\u00f6r att s\u00e4kerst\u00e4lla p\u00e5litlig kommunikation och har en r\u00e4ckvidd p\u00e5 upp till 2 km i fria utrymmen.<\/p>\n<p>PG8922 \u00e4r ocks\u00e5 f\u00f6rsedd med en l\u00e5g batteriindikator och en l\u00e5ng batteritid p\u00e5 upp till 4 \u00e5r, vilket g\u00f6r den kostnadseffektiv och l\u00e4ttsk\u00f6tt.<\/p>\n<p>Enheten kan konfigureras direkt fr\u00e5n knappsatsen utan behov av att \u00f6ppna detektorn, vilket g\u00f6r installationen enkel och snabb.<\/p>\n<p>Dessutom \u00e4r PG8922 designad f\u00f6r att minimera falsklarm, vilket \u00f6kar anv\u00e4ndarens f\u00f6rtroende f\u00f6r s\u00e4kerhetssystemet.<\/p>\n<p>Den kan enkelt integreras med DSC PowerSeries Neo, PowerSeries Pro och Qolsys-paneler, vilket g\u00f6r den till ett flexibelt val f\u00f6r alla s\u00e4kerhetsl\u00f6sningar.<\/p>\n<\/div>","protected":false},"excerpt":{"rendered":"<p>DSC Glass Break Detector PG8922 \u00e4r en tr\u00e5dl\u00f6s akustisk glasskrossdetektor som \u00e4r kompatibel med DSC PowerSeries Neo och Pro.<\/p>\n<p>Den anv\u00e4nder avancerad PowerG-teknologi f\u00f6r att erbjuda en detektionsradie p\u00e5 upp till 6 meter.<\/p>\n<p>Med en batteritid p\u00e5 upp till 4 \u00e5r och f\u00f6rm\u00e5gan att uppt\u00e4cka olika typer av glas, \u00e4r PG8922 ett p\u00e5litligt val f\u00f6r att skydda hem och f\u00f6retag mot inbrott.<\/p>","protected":false},"featured_media":82629,"template":"","meta":{"_acf_changed":false},"product_brand":[],"product_cat":[350,2806],"product_tag":[2638,2781,1851],"class_list":{"0":"post-52636","1":"product","2":"type-product","3":"status-publish","4":"has-post-thumbnail","6":"product_cat-dsc-larm-neo-power-hybridlarm","7":"product_cat-glaskrossdetektor-powerg-tradlosa-givare-kategorier","8":"product_tag-cr123-tillbehor","9":"product_tag-dsc-neo-svensk-manual","10":"product_tag-sbsc-larmklassr","11":"product_shipping_class-postnord-varubrev","12":"pa_brands-4dsc","13":"tm-no-options","15":"first","16":"instock","17":"sale","18":"featured","19":"taxable","20":"shipping-taxable","21":"product-type-simple"},"acf":[],"_links":{"self":[{"href":"https:\/\/stonehouse.se\/en\/wp-json\/wp\/v2\/product\/52636","targetHints":{"allow":["GET"]}}],"collection":[{"href":"https:\/\/stonehouse.se\/en\/wp-json\/wp\/v2\/product"}],"about":[{"href":"https:\/\/stonehouse.se\/en\/wp-json\/wp\/v2\/types\/product"}],"wp:featuredmedia":[{"embeddable":true,"href":"https:\/\/stonehouse.se\/en\/wp-json\/wp\/v2\/media\/82629"}],"wp:attachment":[{"href":"https:\/\/stonehouse.se\/en\/wp-json\/wp\/v2\/media?parent=52636"}],"wp:term":[{"taxonomy":"product_brand","embeddable":true,"href":"https:\/\/stonehouse.se\/en\/wp-json\/wp\/v2\/product_brand?post=52636"},{"taxonomy":"product_cat","embeddable":true,"href":"https:\/\/stonehouse.se\/en\/wp-json\/wp\/v2\/product_cat?post=52636"},{"taxonomy":"product_tag","embeddable":true,"href":"https:\/\/stonehouse.se\/en\/wp-json\/wp\/v2\/product_tag?post=52636"}],"curies":[{"name":"wp","href":"https:\/\/api.w.org\/{rel}","templated":true}]}}