
{"id":52638,"date":"2023-01-23T09:55:50","date_gmt":"2023-01-23T08:55:50","guid":{"rendered":"https:\/\/stonehouse.se\/produkt\/dsc-neo-power-g-wireless-overfallsknapp-dubbel-tryck-pg8949-2\/"},"modified":"2026-03-02T11:38:22","modified_gmt":"2026-03-02T10:38:22","slug":"dsc-2-button-hand-transmitter-pg8949","status":"publish","type":"product","link":"https:\/\/stonehouse.se\/en\/product\/dsc-2-button-hand-transmitter-pg8949\/","title":{"rendered":"DSC 2-button hand transmitter PowerG PG8949"},"content":{"rendered":"<p><strong>DSC 2-button hand transmitter PG8949<\/strong> \u00e4r en tr\u00e5dl\u00f6s kontrollenhet f\u00f6r s\u00e4kerhetssystem som erbjuder en smidig och effektiv l\u00f6sning f\u00f6r att hantera larm.<\/p>\n<p>Med tv\u00e5 stora knappar \u00e4r den l\u00e4tt att anv\u00e4nda och ger anv\u00e4ndaren m\u00f6jlighet att aktivera larm, s\u00e5v\u00e4l som att st\u00e4nga av det, med ett enkelt knapptryck.<\/p>\n<p>Indikatorer f\u00f6r statusbekr\u00e4ftelse g\u00f6r att anv\u00e4ndaren f\u00e5r visuell och ljudlig feedback efter varje kommando, vilket s\u00e4kerst\u00e4ller att \u00e5tg\u00e4rder utf\u00f6rs korrekt.<\/p>\n<p>Transmittern \u00e4r designad med en 2 sekunders f\u00f6rdr\u00f6jning f\u00f6r \u00f6verfallslarm, vilket minimerar risken f\u00f6r oavsiktliga aktiveringar.<\/p>\n<p>Den har en imponerande batteritid p\u00e5 upp till 5 \u00e5r och anv\u00e4nder ett CR2032 litiumbatteri, vilket g\u00f6r den till en p\u00e5litlig f\u00f6ljeslagare i alla s\u00e4kerhetssystem.<\/p>\n<p>Med m\u00f6jlighet att koppla upp till 16 knappar till HS2016 centralapparat och 32 knappar till andra modeller, tar den inte upp sektionsplatser, vilket ger en flexibel installation.<\/p>\n<p>B\u00e4ltesclips och halsband ing\u00e5r, vilket g\u00f6r det enkelt att ha med sig transmittern.<\/p>\n<p>Denna enhet \u00e4r perfekt f\u00f6r b\u00e5de kommersiella och privata milj\u00f6er, och erbjuder en trygg l\u00f6sning f\u00f6r snabb larmhantering.<\/p>","protected":false},"excerpt":{"rendered":"<p>DSC 2-button hand transmitter PG8949 \u00e4r en tr\u00e5dl\u00f6s \u00f6verfallsknapp designad f\u00f6r att anv\u00e4ndas med DSC NEO-larmsystem.<\/p>\n<p>Den har tv\u00e5 knappar f\u00f6r enkel aktivering av larm och f\u00f6r att styra systemet.<\/p>\n<p>Med en batteritid p\u00e5 upp till 5 \u00e5r och en robust design \u00e4r den perfekt f\u00f6r s\u00e4kerhetsl\u00f6sningar b\u00e5de i hemmet och p\u00e5 arbetsplatsen.<\/p>","protected":false},"featured_media":82831,"template":"","meta":{"_acf_changed":false},"product_brand":[],"product_cat":[350,2800],"product_tag":[2781],"class_list":{"0":"post-52638","1":"product","2":"type-product","3":"status-publish","4":"has-post-thumbnail","6":"product_cat-dsc-larm-neo-power-hybridlarm","7":"product_cat-overfall-fjarrkontrol","8":"product_tag-dsc-neo-svensk-manual","9":"product_shipping_class-postnord-varubrev","10":"pa_brands-4dsc","11":"tm-no-options","13":"first","14":"instock","15":"sale","16":"featured","17":"taxable","18":"shipping-taxable","19":"product-type-simple"},"acf":[],"_links":{"self":[{"href":"https:\/\/stonehouse.se\/en\/wp-json\/wp\/v2\/product\/52638","targetHints":{"allow":["GET"]}}],"collection":[{"href":"https:\/\/stonehouse.se\/en\/wp-json\/wp\/v2\/product"}],"about":[{"href":"https:\/\/stonehouse.se\/en\/wp-json\/wp\/v2\/types\/product"}],"wp:featuredmedia":[{"embeddable":true,"href":"https:\/\/stonehouse.se\/en\/wp-json\/wp\/v2\/media\/82831"}],"wp:attachment":[{"href":"https:\/\/stonehouse.se\/en\/wp-json\/wp\/v2\/media?parent=52638"}],"wp:term":[{"taxonomy":"product_brand","embeddable":true,"href":"https:\/\/stonehouse.se\/en\/wp-json\/wp\/v2\/product_brand?post=52638"},{"taxonomy":"product_cat","embeddable":true,"href":"https:\/\/stonehouse.se\/en\/wp-json\/wp\/v2\/product_cat?post=52638"},{"taxonomy":"product_tag","embeddable":true,"href":"https:\/\/stonehouse.se\/en\/wp-json\/wp\/v2\/product_tag?post=52638"}],"curies":[{"name":"wp","href":"https:\/\/api.w.org\/{rel}","templated":true}]}}