
{"id":52639,"date":"2023-01-23T09:55:50","date_gmt":"2023-01-23T08:55:50","guid":{"rendered":"https:\/\/stonehouse.se\/produkt\/power-g-wireless-pir-utomhus-kamera-pg8944-2\/"},"modified":"2025-12-31T20:37:51","modified_gmt":"2025-12-31T19:37:51","slug":"dsc-detector-with-camera-utomhus-pg8944","status":"publish","type":"product","link":"https:\/\/stonehouse.se\/en\/product\/dsc-detector-with-camera-utomhus-pg8944\/","title":{"rendered":"DSC Detector with Camera Wireless Outdoor PIR  PG8944R\u00f6relsedetektor"},"content":{"rendered":"<p><strong>DSC Detector with Camera Utomhus PG8944<\/strong> \u00e4r en h\u00f6gteknologisk tr\u00e5dl\u00f6s detektor som kombinerar r\u00f6relsedetektion med visuell bekr\u00e4ftelse.<\/p>\n<p>Utrustad med en kraftfull kamera som omedelbart tar bilder vid larm, ger PG8944 s\u00e4kerhetsansvariga m\u00f6jlighet att se vad som h\u00e4nder i realtid.<\/p>\n<p>Genom att anv\u00e4nda PowerG-teknologi, s\u00e4kerst\u00e4lls en kommunikationsr\u00e4ckvidd p\u00e5 upp till 2 km i fri luft.<\/p>\n<p>Detektorn har en bevakningsomr\u00e5de p\u00e5 12 meter med en 90\u00b0 synvinkel och \u00e4r designad f\u00f6r att hantera utomhusf\u00f6rh\u00e5llanden med temperaturintervall fr\u00e5n -35\u00b0C till +60\u00b0C.<\/p>\n<p>Med sin innovativa Octa-Quad-teknik och \u00e5tta IR-sensorer kan den p\u00e5 ett tillf\u00f6rlitligt s\u00e4tt s\u00e4rskilja mellan m\u00e4nniskor, r\u00f6rande tr\u00e4d och mindre djur, vilket minimerar falsklarm.<\/p>\n<p>Den \u00e4r l\u00e4tt att installera och kan konfigureras via kontrollpanelen utan behov av justeringar p\u00e5 plats.<\/p>\n<p>Med l\u00e5ng batteritid, upp till 3 \u00e5r, \u00e4r PG8944 en kostnadseffektiv l\u00f6sning f\u00f6r s\u00e4kerhets\u00f6vervakning av hem och f\u00f6retag.<\/p>","protected":false},"excerpt":{"rendered":"<p>DSC Detector with Camera PG8944 \u00e4r en tr\u00e5dl\u00f6s utomhusdetektor med kamera som erbjuder realtids\u00f6vervakning och larmverifiering.<\/p>\n<p>Med en bevakningsomr\u00e5de p\u00e5 12 meter och avancerad Octa-Quad-teknik, minimerar den falska larm och m\u00f6jligg\u00f6r p\u00e5litlig detektering av obeh\u00f6riga intr\u00e5ng.<\/p>\n<p>Utrustad med IR-kamera och l\u00e5ng batteritid, \u00e4r den idealisk f\u00f6r b\u00e5de bost\u00e4der och kommersiella applikationer.<\/p>","protected":false},"featured_media":82465,"template":"","meta":{"_acf_changed":false},"product_brand":[],"product_cat":[350,2802],"product_tag":[2781,1680,1851],"class_list":{"0":"post-52639","1":"product","2":"type-product","3":"status-publish","4":"has-post-thumbnail","6":"product_cat-dsc-larm-neo-power-hybridlarm","7":"product_cat-kameradetektor","8":"product_tag-dsc-neo-svensk-manual","9":"product_tag-neo-detektorer","10":"product_tag-sbsc-larmklassr","11":"product_shipping_class-postnord-varubrev","12":"pa_brands-4dsc","13":"tm-no-options","15":"first","16":"onbackorder","17":"sale","18":"featured","19":"taxable","20":"shipping-taxable","21":"product-type-simple"},"acf":[],"_links":{"self":[{"href":"https:\/\/stonehouse.se\/en\/wp-json\/wp\/v2\/product\/52639","targetHints":{"allow":["GET"]}}],"collection":[{"href":"https:\/\/stonehouse.se\/en\/wp-json\/wp\/v2\/product"}],"about":[{"href":"https:\/\/stonehouse.se\/en\/wp-json\/wp\/v2\/types\/product"}],"wp:featuredmedia":[{"embeddable":true,"href":"https:\/\/stonehouse.se\/en\/wp-json\/wp\/v2\/media\/82465"}],"wp:attachment":[{"href":"https:\/\/stonehouse.se\/en\/wp-json\/wp\/v2\/media?parent=52639"}],"wp:term":[{"taxonomy":"product_brand","embeddable":true,"href":"https:\/\/stonehouse.se\/en\/wp-json\/wp\/v2\/product_brand?post=52639"},{"taxonomy":"product_cat","embeddable":true,"href":"https:\/\/stonehouse.se\/en\/wp-json\/wp\/v2\/product_cat?post=52639"},{"taxonomy":"product_tag","embeddable":true,"href":"https:\/\/stonehouse.se\/en\/wp-json\/wp\/v2\/product_tag?post=52639"}],"curies":[{"name":"wp","href":"https:\/\/api.w.org\/{rel}","templated":true}]}}