
{"id":52647,"date":"2023-01-23T09:55:50","date_gmt":"2023-01-23T08:55:50","guid":{"rendered":"https:\/\/stonehouse.se\/produkt\/dsc-neo-power-g-wireless-magnet-kontakt-pg8945-2\/"},"modified":"2026-04-01T14:39:40","modified_gmt":"2026-04-01T12:39:40","slug":"dsc-powerg-door-window-pg8945","status":"publish","type":"product","link":"https:\/\/stonehouse.se\/en\/product\/dsc-powerg-door-window-pg8945\/","title":{"rendered":"DSC PowerG Door Window Security Contact With Auxiliary Input PG8945"},"content":{"rendered":"<p><strong>DSC PowerG Door Window PG8945<\/strong> \u00e4r en avancerad tr\u00e5dl\u00f6s d\u00f6rr- och f\u00f6nsterkontakt som s\u00e4kerst\u00e4ller p\u00e5litlig \u00f6vervakning av intr\u00e5ng.<\/p>\n<p>Utrustad med PowerG-teknologi erbjuder den en imponerande r\u00e4ckvidd p\u00e5 upp till 2 km i fri luft, vilket g\u00f6r den idealisk f\u00f6r b\u00e5de bost\u00e4der och l\u00e4tta kommersiella till\u00e4mpningar.<\/p>\n<p>Denna kontakt kan konfigureras f\u00f6r att hantera olika larmfunktioner genom en auxil\u00e4r ing\u00e5ng, som kan anslutas till externa tr\u00e5dbundna sensorer, vilket \u00f6kar dess flexibilitet och anpassningsbarhet.<\/p>\n<p>Installationen \u00e4r snabb och enkel, utan behov av att \u00e5ter\u00f6ppna enheten, vilket sparar tid och arbete f\u00f6r installat\u00f6ren.<\/p>\n<p>Kontakten \u00e4r ocks\u00e5 utrustad med en LED-indikator f\u00f6r signalstyrka som hj\u00e4lper installat\u00f6ren att hitta den optimala installationsplatsen.<\/p>\n<p>Med en batteritid p\u00e5 upp till 8 \u00e5r (normalt bruk) \u00e4r PG8945 b\u00e5de kostnadseffektiv och p\u00e5litlig.<\/p>\n<p>Kompatibel med PowerSeries Neo och andra s\u00e4kerhetssystem, g\u00f6r den till en perfekt l\u00f6sning f\u00f6r b\u00e5de hem och f\u00f6retag som s\u00f6ker robust och flexibel s\u00e4kerhet.<\/p>\n<p>&nbsp;<\/p>","protected":false},"excerpt":{"rendered":"<p>DSC PowerG Door Window PG8945 \u00e4r en tr\u00e5dl\u00f6s d\u00f6rr- och f\u00f6nsterkontakt som erbjuder flexibel s\u00e4kerhet f\u00f6r bost\u00e4der och l\u00e4tta kommersiella milj\u00f6er.<\/p>\n<p>Med en r\u00e4ckvidd p\u00e5 upp till 2 km anv\u00e4nder den PowerG-teknologi f\u00f6r p\u00e5litlig kommunikation.<\/p>\n<p>Kontakten har en auxil\u00e4r ing\u00e5ng f\u00f6r anslutning av tr\u00e5dbundna enheter, vilket g\u00f6r den m\u00e5ngsidig och enkel att installera.<\/p>","protected":false},"featured_media":82377,"template":"","meta":{"_acf_changed":false},"product_brand":[],"product_cat":[350,2805],"product_tag":[2638,2781,1851],"class_list":{"0":"post-52647","1":"product","2":"type-product","3":"status-publish","4":"has-post-thumbnail","6":"product_cat-dsc-larm-neo-power-hybridlarm","7":"product_cat-magnetkontakt","8":"product_tag-cr123-tillbehor","9":"product_tag-dsc-neo-svensk-manual","10":"product_tag-sbsc-larmklassr","11":"product_shipping_class-postnord-varubrev","12":"pa_brands-4dsc","13":"tm-no-options","15":"first","16":"instock","17":"sale","18":"featured","19":"taxable","20":"shipping-taxable","21":"product-type-simple"},"acf":[],"_links":{"self":[{"href":"https:\/\/stonehouse.se\/en\/wp-json\/wp\/v2\/product\/52647","targetHints":{"allow":["GET"]}}],"collection":[{"href":"https:\/\/stonehouse.se\/en\/wp-json\/wp\/v2\/product"}],"about":[{"href":"https:\/\/stonehouse.se\/en\/wp-json\/wp\/v2\/types\/product"}],"wp:featuredmedia":[{"embeddable":true,"href":"https:\/\/stonehouse.se\/en\/wp-json\/wp\/v2\/media\/82377"}],"wp:attachment":[{"href":"https:\/\/stonehouse.se\/en\/wp-json\/wp\/v2\/media?parent=52647"}],"wp:term":[{"taxonomy":"product_brand","embeddable":true,"href":"https:\/\/stonehouse.se\/en\/wp-json\/wp\/v2\/product_brand?post=52647"},{"taxonomy":"product_cat","embeddable":true,"href":"https:\/\/stonehouse.se\/en\/wp-json\/wp\/v2\/product_cat?post=52647"},{"taxonomy":"product_tag","embeddable":true,"href":"https:\/\/stonehouse.se\/en\/wp-json\/wp\/v2\/product_tag?post=52647"}],"curies":[{"name":"wp","href":"https:\/\/api.w.org\/{rel}","templated":true}]}}