
{"id":52651,"date":"2023-01-23T09:55:49","date_gmt":"2023-01-23T08:55:49","guid":{"rendered":"https:\/\/stonehouse.se\/produkt\/dsc-neo-power-g-wireless-ir-detektor-kamera-detektor-husdjur-pg8934p-2\/"},"modified":"2026-04-01T14:39:21","modified_gmt":"2026-04-01T12:39:21","slug":"dsc-pir-camera-detector-wireless-pg8934p","status":"publish","type":"product","link":"https:\/\/stonehouse.se\/en\/product\/dsc-pir-camera-detector-wireless-pg8934p\/","title":{"rendered":"DSC PIR Camera Detector Wireless PG8934P"},"content":{"rendered":"<p><strong>DSC PIR Camera Detector Wireless PG8934P<\/strong> kombinerar h\u00f6gkvalitativ r\u00f6relsedetektering med kamerateknologi f\u00f6r att s\u00e4kerst\u00e4lla en effektiv s\u00e4kerhetsl\u00f6sning.<\/p>\n<p>Med en bevakningsomr\u00e5de p\u00e5 12 meter och ett synf\u00e4lt p\u00e5 90\u00b0, \u00e4r denna detektor perfekt f\u00f6r b\u00e5de hem och f\u00f6retag.<\/p>\n<p>Den anv\u00e4nder PowerG teknologi som erbjuder en r\u00e4ckvidd p\u00e5 upp till 2 km i fria luft.<\/p>\n<p>Vid detektering av r\u00f6relse aktiverar PG8934P kameran, som snabbt tar bilder som skickas till larmcentralen f\u00f6r omedelbar granskning.<\/p>\n<p>Detektorn \u00e4r ocks\u00e5 utrustad med True Motion Recognition\u2122 f\u00f6r att minimera falsklarm och har en husdjursfunktion som till\u00e5ter djur upp till 38 kg.<\/p>\n<p><strong>Funktioner och F\u00f6rdelar:<\/strong><\/p>\n<ul>\n<li>CMOS-kamera med IR-belysning f\u00f6r dag- och natt\u00f6vervakning.<\/li>\n<li>Realtids visuell larmverifiering f\u00f6r \u00f6kad s\u00e4kerhet.<\/li>\n<li>L\u00e5ng batteritid p\u00e5 upp till 3 \u00e5r.<\/li>\n<li>Kompatibel med PowerSeries Neo-system.<\/li>\n<li>L\u00e4ttinstallerad design som minimerar installationskostnader.<\/li>\n<\/ul>\n<p><strong>Teknisk Specifikation:<\/strong><\/p>\n<ul>\n<li>Bevakningsomr\u00e5de: 12 meter, 90\u00b0.<\/li>\n<li>Batteritid: 3 \u00e5r (normalt).<\/li>\n<li>Batterityp: 2 x 3V CR-123A Litiumbatteri.<\/li>\n<li>Husdjursfunktion: Upp till 38 kg.<\/li>\n<li>Dimensioner: 125 x 63 x 60 mm.<\/li>\n<li>Driftstemperatur: -10\u00b0 till 50\u00b0C.<\/li>\n<\/ul>","protected":false},"excerpt":{"rendered":"<p>DSC PIR Camera Detector Wireless PG8934P \u00e4r en tr\u00e5dl\u00f6s IR-detektor med kamera, anpassad f\u00f6r husdjur och designad f\u00f6r Iotega, PowerSeries NEO och PRO.<\/p>\n<p>Vid larm aktiverar detektorn kameran som omedelbart tar bilder och skickar dem till larmcentralen, vilket m\u00f6jligg\u00f6r realtids\u00f6vervakning.<\/p>\n<p>Den har en bevakningsomr\u00e5de p\u00e5 12 meter och en batteritid p\u00e5 upp till 3 \u00e5r.<\/p>","protected":false},"featured_media":82856,"template":"","meta":{"_acf_changed":false},"product_brand":[],"product_cat":[350,2802],"product_tag":[2781,1680,1851],"class_list":{"0":"post-52651","1":"product","2":"type-product","3":"status-publish","4":"has-post-thumbnail","6":"product_cat-dsc-larm-neo-power-hybridlarm","7":"product_cat-kameradetektor","8":"product_tag-dsc-neo-svensk-manual","9":"product_tag-neo-detektorer","10":"product_tag-sbsc-larmklassr","11":"product_shipping_class-postnord-varubrev","12":"pa_brands-4dsc","13":"tm-no-options","15":"first","16":"instock","17":"sale","18":"featured","19":"taxable","20":"shipping-taxable","21":"product-type-simple"},"acf":[],"_links":{"self":[{"href":"https:\/\/stonehouse.se\/en\/wp-json\/wp\/v2\/product\/52651","targetHints":{"allow":["GET"]}}],"collection":[{"href":"https:\/\/stonehouse.se\/en\/wp-json\/wp\/v2\/product"}],"about":[{"href":"https:\/\/stonehouse.se\/en\/wp-json\/wp\/v2\/types\/product"}],"wp:featuredmedia":[{"embeddable":true,"href":"https:\/\/stonehouse.se\/en\/wp-json\/wp\/v2\/media\/82856"}],"wp:attachment":[{"href":"https:\/\/stonehouse.se\/en\/wp-json\/wp\/v2\/media?parent=52651"}],"wp:term":[{"taxonomy":"product_brand","embeddable":true,"href":"https:\/\/stonehouse.se\/en\/wp-json\/wp\/v2\/product_brand?post=52651"},{"taxonomy":"product_cat","embeddable":true,"href":"https:\/\/stonehouse.se\/en\/wp-json\/wp\/v2\/product_cat?post=52651"},{"taxonomy":"product_tag","embeddable":true,"href":"https:\/\/stonehouse.se\/en\/wp-json\/wp\/v2\/product_tag?post=52651"}],"curies":[{"name":"wp","href":"https:\/\/api.w.org\/{rel}","templated":true}]}}