
{"id":52655,"date":"2023-01-23T09:55:48","date_gmt":"2023-01-23T08:55:48","guid":{"rendered":"https:\/\/stonehouse.se\/produkt\/powerg-fjarrkontroll-wireless-key-slim-pg8929\/"},"modified":"2025-12-31T20:35:12","modified_gmt":"2025-12-31T19:35:12","slug":"dsc-pg8929-fjarrkontrol","status":"publish","type":"product","link":"https:\/\/stonehouse.se\/en\/product\/dsc-pg8929-fjarrkontrol\/","title":{"rendered":"DSC PG8929 4-button hand transmitter PowerG Fj\u00e4rrkontroll Wireless Key Slim"},"content":{"rendered":"<p><strong>DSC PG8929<\/strong> \u00e4r en 4-knappsfj\u00e4rrkontroll designad f\u00f6r att ge anv\u00e4ndare en smidig och effektiv l\u00f6sning f\u00f6r att styra deras Iotega och Neo-larmsystem.<\/p>\n<p>Med sin kompakta och slimmade design \u00e4r PG8929 perfekt f\u00f6r b\u00e5de bost\u00e4der och kommersiella milj\u00f6er.<\/p>\n<p>Fj\u00e4rrkontrollen kan aktivera larm och styra systemets utg\u00e5ngar med enkelhet, och har \u00e4ven en specifik knapp f\u00f6r n\u00f6dsituationer.<\/p>\n<p>En viktig funktion \u00e4r bekr\u00e4ftelsen f\u00f6r varje genomf\u00f6rt kommando, som ges via lysdiod och ljudindikering, vilket s\u00e4kerst\u00e4ller att anv\u00e4ndaren alltid vet att \u00e5tg\u00e4rden har registrerats.<\/p>\n<p>PG8929 har en 1-sekunds f\u00f6rdr\u00f6jning f\u00f6r att aktivera alla funktioner, och en 3-sekunders f\u00f6rdr\u00f6jning f\u00f6r n\u00f6dlarm, vilket f\u00f6rhindrar oavsiktliga aktiveringar.<\/p>\n<p>Med en imponerande batteritid p\u00e5 upp till 5 \u00e5r och en batterityp av CR2032, erbjuder den p\u00e5litlighet och l\u00e5ngvarig prestanda.<\/p>\n<p>Den \u00e4r en ov\u00e4rderlig del av varje s\u00e4kerhetssystem, vilket ger anv\u00e4ndarna trygghet och kontroll.<\/p>","protected":false},"excerpt":{"rendered":"<p>DSC PG8929 \u00e4r en slimmad fj\u00e4rrkontroll med fyra knappar f\u00f6r DSC Iotega och Neo-larmsystem.<\/p>\n<p>Med m\u00f6jligheter att till- och fr\u00e5nkoppla samt aktivera n\u00f6d- och br\u00e5klarm, erbjuder den enkel anv\u00e4ndning och snabb statusbekr\u00e4ftelse.<\/p>\n<p>Den har en batteritid p\u00e5 upp till 5 \u00e5r och \u00e4r perfekt f\u00f6r att s\u00e4kerst\u00e4lla en smidig s\u00e4kerhetsupplevelse.<\/p>\n<p>&nbsp;<\/p>","protected":false},"featured_media":82871,"template":"","meta":{"_acf_changed":false},"product_brand":[],"product_cat":[350,2800],"product_tag":[2781,1682],"class_list":{"0":"post-52655","1":"product","2":"type-product","3":"status-publish","4":"has-post-thumbnail","6":"product_cat-dsc-larm-neo-power-hybridlarm","7":"product_cat-overfall-fjarrkontrol","8":"product_tag-dsc-neo-svensk-manual","9":"product_tag-neo-ovriga-tillbehor","10":"product_shipping_class-postnord-varubrev","11":"pa_brands-4dsc","12":"tm-no-options","14":"first","15":"instock","16":"sale","17":"featured","18":"taxable","19":"shipping-taxable","20":"product-type-simple"},"acf":[],"_links":{"self":[{"href":"https:\/\/stonehouse.se\/en\/wp-json\/wp\/v2\/product\/52655","targetHints":{"allow":["GET"]}}],"collection":[{"href":"https:\/\/stonehouse.se\/en\/wp-json\/wp\/v2\/product"}],"about":[{"href":"https:\/\/stonehouse.se\/en\/wp-json\/wp\/v2\/types\/product"}],"wp:featuredmedia":[{"embeddable":true,"href":"https:\/\/stonehouse.se\/en\/wp-json\/wp\/v2\/media\/82871"}],"wp:attachment":[{"href":"https:\/\/stonehouse.se\/en\/wp-json\/wp\/v2\/media?parent=52655"}],"wp:term":[{"taxonomy":"product_brand","embeddable":true,"href":"https:\/\/stonehouse.se\/en\/wp-json\/wp\/v2\/product_brand?post=52655"},{"taxonomy":"product_cat","embeddable":true,"href":"https:\/\/stonehouse.se\/en\/wp-json\/wp\/v2\/product_cat?post=52655"},{"taxonomy":"product_tag","embeddable":true,"href":"https:\/\/stonehouse.se\/en\/wp-json\/wp\/v2\/product_tag?post=52655"}],"curies":[{"name":"wp","href":"https:\/\/api.w.org\/{rel}","templated":true}]}}