
{"id":52657,"date":"2023-01-23T09:55:48","date_gmt":"2023-01-23T08:55:48","guid":{"rendered":"https:\/\/stonehouse.se\/produkt\/dsc-neo-power-g-wireless-fjarrkontroll-pg8939-2\/"},"modified":"2026-01-06T20:44:41","modified_gmt":"2026-01-06T19:44:41","slug":"dsc-pg8939-fjarrkontroll","status":"publish","type":"product","link":"https:\/\/stonehouse.se\/en\/product\/dsc-pg8939-fjarrkontroll\/","title":{"rendered":"DSC PG8939 4-button hand transmitter Radios\u00e4ndare med 4 knappar PowerG &#8211; NEO System 868 Mhz"},"content":{"rendered":"<p><strong>DSC PG8939<\/strong> \u00e4r en avancerad tr\u00e5dl\u00f6s fj\u00e4rrkontroll designad f\u00f6r att ge anv\u00e4ndare smidig och s\u00e4ker kontroll \u00f6ver Iotega, PowerSeries NEO och PRO-larmsystem.<\/p>\n<p>Med sina fyra l\u00e4ttanv\u00e4nda knappar kan anv\u00e4ndare enkelt styra olika funktioner, inklusive att till- och fr\u00e5nkoppla larmet samt aktivera n\u00f6d- och br\u00e5klarm.<\/p>\n<p>Fj\u00e4rrkontrollen \u00e4r utrustad med en unik f\u00f6rdr\u00f6jning p\u00e5 en sekund f\u00f6r varje knapptryck, vilket f\u00f6rhindrar oavsiktliga larmutl\u00f6sningar.<\/p>\n<p>Den har ocks\u00e5 en statusbekr\u00e4ftelse med b\u00e5de lysdiod och ljudindikation, s\u00e5 att anv\u00e4ndare alltid vet att deras kommandon har utf\u00f6rts korrekt.<\/p>\n<p>Med en imponerande batteritid p\u00e5 upp till 8 \u00e5r med normal anv\u00e4ndning, \u00e4r DSC PG8939 b\u00e5de praktisk och l\u00e5ngvarig.<\/p>\n<p>PG8939 har en kompakt design och levereras med ett b\u00e4ltesclips och halsband, vilket g\u00f6r det enkelt att ha den n\u00e4ra till hands n\u00e4r den beh\u00f6vs som mest.<\/p>\n<p>Genom att integrera DSC PG8939 med ditt s\u00e4kerhetssystem f\u00e5r du en p\u00e5litlig och effektiv l\u00f6sning f\u00f6r att skydda ditt hem eller f\u00f6retag.<\/p>\n<p>Detta g\u00f6r DSC PG8939 till en idealisk komponent i vilket s\u00e4kerhetssystem som helst, och kombinerar bekv\u00e4mlighet, p\u00e5litlighet och anv\u00e4ndarv\u00e4nlighet p\u00e5 b\u00e4sta m\u00f6jliga s\u00e4tt.<\/p>","protected":false},"excerpt":{"rendered":"<p>DSC PG8939 \u00e4r en tr\u00e5dl\u00f6s fj\u00e4rrkontroll med fyra knappar som g\u00f6r det enkelt att styra larmet i Iotega, PowerSeries NEO och PRO-system.<\/p>\n<p>Med enkeltryck kan anv\u00e4ndare aktivera n\u00f6dlarm och styra utg\u00e5ngar.<\/p>\n<p>Fj\u00e4rrkontrollen har en l\u00e5ng batteritid p\u00e5 upp till 8 \u00e5r och kommer med en lysdiod f\u00f6r statusbekr\u00e4ftelse.<\/p>\n<p>B\u00e4ltesclips och halsband ing\u00e5r f\u00f6r \u00f6kad bekv\u00e4mlighet.<\/p>","protected":false},"featured_media":82864,"template":"","meta":{"_acf_changed":false},"product_brand":[],"product_cat":[350,2800],"product_tag":[2781,1682],"class_list":{"0":"post-52657","1":"product","2":"type-product","3":"status-publish","4":"has-post-thumbnail","6":"product_cat-dsc-larm-neo-power-hybridlarm","7":"product_cat-overfall-fjarrkontrol","8":"product_tag-dsc-neo-svensk-manual","9":"product_tag-neo-ovriga-tillbehor","10":"product_shipping_class-postnord-varubrev","11":"pa_brands-4dsc","12":"tm-no-options","14":"first","15":"onbackorder","16":"sale","17":"featured","18":"taxable","19":"shipping-taxable","20":"product-type-simple"},"acf":[],"_links":{"self":[{"href":"https:\/\/stonehouse.se\/en\/wp-json\/wp\/v2\/product\/52657","targetHints":{"allow":["GET"]}}],"collection":[{"href":"https:\/\/stonehouse.se\/en\/wp-json\/wp\/v2\/product"}],"about":[{"href":"https:\/\/stonehouse.se\/en\/wp-json\/wp\/v2\/types\/product"}],"wp:featuredmedia":[{"embeddable":true,"href":"https:\/\/stonehouse.se\/en\/wp-json\/wp\/v2\/media\/82864"}],"wp:attachment":[{"href":"https:\/\/stonehouse.se\/en\/wp-json\/wp\/v2\/media?parent=52657"}],"wp:term":[{"taxonomy":"product_brand","embeddable":true,"href":"https:\/\/stonehouse.se\/en\/wp-json\/wp\/v2\/product_brand?post=52657"},{"taxonomy":"product_cat","embeddable":true,"href":"https:\/\/stonehouse.se\/en\/wp-json\/wp\/v2\/product_cat?post=52657"},{"taxonomy":"product_tag","embeddable":true,"href":"https:\/\/stonehouse.se\/en\/wp-json\/wp\/v2\/product_tag?post=52657"}],"curies":[{"name":"wp","href":"https:\/\/api.w.org\/{rel}","templated":true}]}}