
{"id":52658,"date":"2023-01-23T09:55:48","date_gmt":"2023-01-23T08:55:48","guid":{"rendered":"https:\/\/stonehouse.se\/produkt\/utgangskort-hsm2208-med-8-pgm-2\/"},"modified":"2025-12-31T20:40:20","modified_gmt":"2025-12-31T19:40:20","slug":"dsc-hsm2300-power-supply-module","status":"publish","type":"product","link":"https:\/\/stonehouse.se\/en\/product\/dsc-hsm2300-power-supply-module\/","title":{"rendered":"DSC HSM2300 monitored Power Supply module"},"content":{"rendered":"<p><strong>DSC HSM2300<\/strong> \u00e4r en kraftfull och p\u00e5litlig str\u00f6mf\u00f6rs\u00f6rjningsmodul som \u00e4r utformad f\u00f6r att m\u00f6ta behoven hos DSC Neo larmsystem.<\/p>\n<p>Med en utg\u00e5ng p\u00e5 12VDC och 1 Ampere \u00e4r den idealisk f\u00f6r installationer d\u00e4r extra kraft kr\u00e4vs, s\u00e4rskilt vid utbyggnad av systemet.<\/p>\n<p>HSM2300 \u00e4r konstruerad f\u00f6r att kopplas till en 40VA transformator och ett eget reservkraftsbatteri (7Ah) f\u00f6r att s\u00e4kerst\u00e4lla att systemet forts\u00e4tter att fungera \u00e4ven vid str\u00f6mavbrott.<\/p>\n<p>Denna modul \u00e4r fullt \u00f6vervakad f\u00f6r att uppt\u00e4cka eventuella AC-fel, l\u00e5gt batteri och AUX-fel, vilket ger en extra s\u00e4kerhetsniv\u00e5.<\/p>\n<p>Med dess 1 Amp-utg\u00e5ng kan den anv\u00e4ndas f\u00f6r att driva olika s\u00e4kerhetskomponenter, inklusive sirener och andra enheter, vilket g\u00f6r den till en m\u00e5ngsidig l\u00f6sning f\u00f6r b\u00e5de bost\u00e4der och kommersiella installationer.<\/p>\n<p>PowerSeries Neo \u00e4r exceptionell med sin f\u00f6rm\u00e5ga att \u00f6vervaka upp till 128 zoner tr\u00e5dl\u00f6st och h\u00e5rdvarum\u00e4ssigt, vilket m\u00f6jligg\u00f6r en skr\u00e4ddarsydd s\u00e4kerhetsl\u00f6sning med 8 partitioner f\u00f6r olika omr\u00e5den i en byggnad.<\/p>\n<p>Med HSM2300 som en del av systemet kan anv\u00e4ndare lita p\u00e5 att deras s\u00e4kerhet \u00e4r garanterad och att de har en robust str\u00f6mf\u00f6rs\u00f6rjning som st\u00f6djer hela systemet.<\/p>","protected":false},"excerpt":{"rendered":"<p>DSC HSM2300 \u00e4r en 12VDC str\u00f6mf\u00f6rs\u00f6rjning med en utg\u00e5ng p\u00e5 1 Amp, speciellt designad f\u00f6r Neo larmsystem.<\/p>\n<p>Den st\u00f6der maximal installation med upp till 4 str\u00f6mf\u00f6rs\u00f6rjningskort f\u00f6r HS2128 och 3 f\u00f6r andra system.<\/p>\n<p>Genom att s\u00e4kerst\u00e4lla p\u00e5litlig str\u00f6mf\u00f6rs\u00f6rjning skyddar HSM2300 mot sp\u00e4nningsfall och \u00f6verbelastning, vilket g\u00f6r den till en viktig komponent f\u00f6r att uppr\u00e4tth\u00e5lla s\u00e4kerheten.<\/p>","protected":false},"featured_media":82388,"template":"","meta":{"_acf_changed":false},"product_brand":[],"product_cat":[350,2792],"product_tag":[2781,1685],"class_list":{"0":"post-52658","1":"product","2":"type-product","3":"status-publish","4":"has-post-thumbnail","6":"product_cat-dsc-larm-neo-power-hybridlarm","7":"product_cat-kort-utbyggnad","8":"product_tag-dsc-neo-svensk-manual","9":"product_tag-neo-matnings-utgangskort","10":"product_shipping_class-postnord-varubrev","11":"pa_brands-4dsc","12":"tm-no-options","14":"first","15":"onbackorder","16":"sale","17":"featured","18":"taxable","19":"shipping-taxable","20":"product-type-simple"},"acf":[],"_links":{"self":[{"href":"https:\/\/stonehouse.se\/en\/wp-json\/wp\/v2\/product\/52658","targetHints":{"allow":["GET"]}}],"collection":[{"href":"https:\/\/stonehouse.se\/en\/wp-json\/wp\/v2\/product"}],"about":[{"href":"https:\/\/stonehouse.se\/en\/wp-json\/wp\/v2\/types\/product"}],"wp:featuredmedia":[{"embeddable":true,"href":"https:\/\/stonehouse.se\/en\/wp-json\/wp\/v2\/media\/82388"}],"wp:attachment":[{"href":"https:\/\/stonehouse.se\/en\/wp-json\/wp\/v2\/media?parent=52658"}],"wp:term":[{"taxonomy":"product_brand","embeddable":true,"href":"https:\/\/stonehouse.se\/en\/wp-json\/wp\/v2\/product_brand?post=52658"},{"taxonomy":"product_cat","embeddable":true,"href":"https:\/\/stonehouse.se\/en\/wp-json\/wp\/v2\/product_cat?post=52658"},{"taxonomy":"product_tag","embeddable":true,"href":"https:\/\/stonehouse.se\/en\/wp-json\/wp\/v2\/product_tag?post=52658"}],"curies":[{"name":"wp","href":"https:\/\/api.w.org\/{rel}","templated":true}]}}