
{"id":52669,"date":"2023-01-23T09:55:47","date_gmt":"2023-01-23T08:55:47","guid":{"rendered":"https:\/\/stonehouse.se\/produkt\/zone-expander-hsm2108-8-sektioner-neo\/"},"modified":"2026-04-01T13:18:17","modified_gmt":"2026-04-01T11:18:17","slug":"dsc-hsm2108-sektionskort","status":"publish","type":"product","link":"https:\/\/stonehouse.se\/en\/product\/dsc-hsm2108-sektionskort\/","title":{"rendered":"DSC HSM2108 Hardwired Security Expansion &#8211; 8 sektioner"},"content":{"rendered":"<p><strong>DSC HSM2108<\/strong> \u00e4r en viktig komponent f\u00f6r att ut\u00f6ka kapaciteten hos DSC Neo larmsystem.<\/p>\n<p>Detta sektionskort m\u00f6jligg\u00f6r till\u00e4gg av upp till 8 tr\u00e5dbundna sektioner per kort, vilket g\u00f6r det m\u00f6jligt att anpassa s\u00e4kerhetsl\u00f6sningen efter specifika behov.<\/p>\n<p>HSM2108 erbjuder fullt programmerbara dubbelbalanserade sektioner, vilket ger anv\u00e4ndaren flexibilitet och kontroll \u00f6ver s\u00e4kerhetssystemets konfiguration.<\/p>\n<p>Med maximal kapacitet kan upp till 15 sektionskort anslutas till HS2128, 7 till HS2064, 3 till HS2032 och 1 till HS2016, vilket ger omfattande m\u00f6jligheter f\u00f6r b\u00e5de bost\u00e4der och kommersiella installationer.<\/p>\n<p>Kortet levereras utan kapsling och kan monteras i en separat kapsling eller integreras i centralapparatens huvudkapsling, vilket ger enkel installation och hantering.<\/p>\n<p>HSM2108 har en str\u00f6mf\u00f6rbrukning p\u00e5 30 mA och ger tillf\u00f6rlitlig \u00f6vervakning och s\u00e4kerhet f\u00f6r systemet.<\/p>\n<p>Genom att anv\u00e4nda detta modul\u00e4ra tillv\u00e4gag\u00e5ngss\u00e4tt kan anv\u00e4ndare skala och anpassa sina s\u00e4kerhetssystem f\u00f6r att m\u00f6ta b\u00e5de nuvarande och framtida krav.<\/p>\n<p><b>\u00a0<\/b>\u00e4r en viktig komponent f\u00f6r att ut\u00f6ka kapaciteten hos DSC Neo larmsystem.<\/p>\n<p>Detta sektionskort m\u00f6jligg\u00f6r till\u00e4gg av upp till 8 tr\u00e5dbundna sektioner per kort, vilket g\u00f6r det m\u00f6jligt att anpassa s\u00e4kerhetsl\u00f6sningen efter specifika behov. HSM2108 erbjuder fullt programmerbara dubbelbalanserade sektioner, vilket ger anv\u00e4ndaren flexibilitet och kontroll \u00f6ver s\u00e4kerhetssystemets konfiguration.<\/p>\n<p>Med maximal kapacitet kan upp till 15 sektionskort anslutas till HS2128, 7 till HS2064, 3 till HS2032 och 1 till HS2016, vilket ger omfattande m\u00f6jligheter f\u00f6r b\u00e5de bost\u00e4der och kommersiella installationer.<\/p>\n<p>Kortet levereras utan kapsling och kan monteras i en separat kapsling eller integreras i centralapparatens huvudkapsling, vilket ger enkel installation och hantering.<\/p>\n<p>HSM2108 har en str\u00f6mf\u00f6rbrukning p\u00e5 30 mA och ger tillf\u00f6rlitlig \u00f6vervakning och s\u00e4kerhet f\u00f6r systemet.<\/p>\n<p>Genom att anv\u00e4nda detta modul\u00e4ra tillv\u00e4gag\u00e5ngss\u00e4tt kan anv\u00e4ndare skala och anpassa sina s\u00e4kerhetssystem f\u00f6r att m\u00f6ta b\u00e5de nuvarande och framtida krav.<\/p>","protected":false},"excerpt":{"rendered":"<p>DSC HSM2108 \u00e4r ett sektionskort som ut\u00f6kar Neo larmsystemet med 8 tr\u00e5dbundna sektioner per kort.<\/p>\n<p>Med fullt programmerbara dubbelbalanserade sektioner erbjuder detta modul\u00e4r s\u00e4kerhet och flexibilitet f\u00f6r anpassade installationer.<\/p>\n<p>HSM2108 kr\u00e4ver anslutning till en kapsling och har en str\u00f6mf\u00f6rbrukning p\u00e5 30 mA.<\/p>","protected":false},"featured_media":82503,"template":"","meta":{"_acf_changed":false},"product_brand":[],"product_cat":[350,2618,2792],"product_tag":[2781,1685],"class_list":{"0":"post-52669","1":"product","2":"type-product","3":"status-publish","4":"has-post-thumbnail","6":"product_cat-dsc-larm-neo-power-hybridlarm","7":"product_cat-kampanjer","8":"product_cat-kort-utbyggnad","9":"product_tag-dsc-neo-svensk-manual","10":"product_tag-neo-matnings-utgangskort","11":"product_shipping_class-postnord-varubrev","12":"pa_brands-4dsc","13":"tm-no-options","15":"first","16":"instock","17":"sale","18":"featured","19":"taxable","20":"shipping-taxable","21":"product-type-simple"},"acf":[],"_links":{"self":[{"href":"https:\/\/stonehouse.se\/en\/wp-json\/wp\/v2\/product\/52669","targetHints":{"allow":["GET"]}}],"collection":[{"href":"https:\/\/stonehouse.se\/en\/wp-json\/wp\/v2\/product"}],"about":[{"href":"https:\/\/stonehouse.se\/en\/wp-json\/wp\/v2\/types\/product"}],"wp:featuredmedia":[{"embeddable":true,"href":"https:\/\/stonehouse.se\/en\/wp-json\/wp\/v2\/media\/82503"}],"wp:attachment":[{"href":"https:\/\/stonehouse.se\/en\/wp-json\/wp\/v2\/media?parent=52669"}],"wp:term":[{"taxonomy":"product_brand","embeddable":true,"href":"https:\/\/stonehouse.se\/en\/wp-json\/wp\/v2\/product_brand?post=52669"},{"taxonomy":"product_cat","embeddable":true,"href":"https:\/\/stonehouse.se\/en\/wp-json\/wp\/v2\/product_cat?post=52669"},{"taxonomy":"product_tag","embeddable":true,"href":"https:\/\/stonehouse.se\/en\/wp-json\/wp\/v2\/product_tag?post=52669"}],"curies":[{"name":"wp","href":"https:\/\/api.w.org\/{rel}","templated":true}]}}