
{"id":52673,"date":"2023-01-23T09:55:46","date_gmt":"2023-01-23T08:55:46","guid":{"rendered":"https:\/\/stonehouse.se\/produkt\/dsc-neo-power-g-wireless-ir-detektor-husdjur-pg8914-2\/"},"modified":"2026-04-01T13:38:09","modified_gmt":"2026-04-01T11:38:09","slug":"dsc-pir-pg8914-wireless-digital-pet","status":"publish","type":"product","link":"https:\/\/stonehouse.se\/en\/product\/dsc-pir-pg8914-wireless-digital-pet\/","title":{"rendered":"DSC PIR PG8914 Wireless Digital Pet (38Kg) PowerG"},"content":{"rendered":"<p><strong>DSC PIR PG8914<\/strong> \u00e4r den senaste tr\u00e5dl\u00f6sa IR-detektorn i PowerG-serien, designad f\u00f6r att ge \u00f6verl\u00e4gsen r\u00f6relsedetektering och s\u00e4kerhet.<\/p>\n<p>Med en integrerad husdjursfunktion som kan aktiveras eller inaktiveras, \u00e4r denna detektor idealisk f\u00f6r hem med djur, d\u00e5 den kan ignorera r\u00f6relser fr\u00e5n husdjur som v\u00e4ger upp till 38 kg.<\/p>\n<p>Den anv\u00e4nder avancerad PowerG-teknologi som s\u00e4kerst\u00e4ller p\u00e5litlig kommunikation p\u00e5 avst\u00e5nd upp till 2 km i \u00f6ppet f\u00e4lt.<\/p>\n<p>Detektorn har en maximal detektionsr\u00e4ckvidd p\u00e5 12 meter och \u00e4r utrustad med True Motion Recognition\u2122, vilket g\u00f6r att den kan s\u00e4rskilja mellan riktiga hot och andra r\u00f6relser som kan orsaka falsklarm.<\/p>\n<p>Med sin moderna design och kompakta storlek passar PG8914 in i alla typer av milj\u00f6er och \u00e4r enkel att installera utan behov av vertikala justeringar.<\/p>\n<p>Batteritiden \u00e4r imponerande och str\u00e4cker sig upp till 6-8 \u00e5r, vilket ger en l\u00e5ngvarig och underh\u00e5llsfri drift.<\/p>\n<p>DSC PIR PG8914 \u00e4r en perfekt l\u00f6sning f\u00f6r b\u00e5de bostads- och kommersiella s\u00e4kerhetssystem och kan enkelt integreras med DSC PowerSeries Neo-system.<\/p>","protected":false},"excerpt":{"rendered":"<p>DSC PIR PG8914 \u00e4r en tr\u00e5dl\u00f6s IR-detektor som erbjuder avancerad r\u00f6relsedetektering med en husdjursanpassad funktion f\u00f6r husdjur upp till 38 kg.<\/p>\n<p>Utrustad med PowerG-teknologi, har den en r\u00e4ckvidd p\u00e5 upp till 12 meter och True Motion Recognition\u2122 f\u00f6r att minimera falsklarm.<\/p>\n<p>L\u00e5ng batteritid p\u00e5 6-8 \u00e5r g\u00f6r den till en p\u00e5litlig s\u00e4kerhetsl\u00f6sning f\u00f6r ditt hem eller f\u00f6retag.<\/p>","protected":false},"featured_media":82512,"template":"","meta":{"_acf_changed":false},"product_brand":[],"product_cat":[3407,2615,2801],"product_tag":[2638,2781,1680,1851],"class_list":{"0":"post-52673","1":"product","2":"type-product","3":"status-publish","4":"has-post-thumbnail","6":"product_cat-dsc-neo","7":"product_cat-rorelse-detektorer","8":"product_cat-rorelsedetektor","9":"product_tag-cr123-tillbehor","10":"product_tag-dsc-neo-svensk-manual","11":"product_tag-neo-detektorer","12":"product_tag-sbsc-larmklassr","13":"product_shipping_class-postnord-varubrev","14":"pa_brands-4dsc","15":"tm-no-options","17":"first","18":"instock","19":"sale","20":"featured","21":"taxable","22":"shipping-taxable","23":"product-type-simple"},"acf":[],"_links":{"self":[{"href":"https:\/\/stonehouse.se\/en\/wp-json\/wp\/v2\/product\/52673","targetHints":{"allow":["GET"]}}],"collection":[{"href":"https:\/\/stonehouse.se\/en\/wp-json\/wp\/v2\/product"}],"about":[{"href":"https:\/\/stonehouse.se\/en\/wp-json\/wp\/v2\/types\/product"}],"wp:featuredmedia":[{"embeddable":true,"href":"https:\/\/stonehouse.se\/en\/wp-json\/wp\/v2\/media\/82512"}],"wp:attachment":[{"href":"https:\/\/stonehouse.se\/en\/wp-json\/wp\/v2\/media?parent=52673"}],"wp:term":[{"taxonomy":"product_brand","embeddable":true,"href":"https:\/\/stonehouse.se\/en\/wp-json\/wp\/v2\/product_brand?post=52673"},{"taxonomy":"product_cat","embeddable":true,"href":"https:\/\/stonehouse.se\/en\/wp-json\/wp\/v2\/product_cat?post=52673"},{"taxonomy":"product_tag","embeddable":true,"href":"https:\/\/stonehouse.se\/en\/wp-json\/wp\/v2\/product_tag?post=52673"}],"curies":[{"name":"wp","href":"https:\/\/api.w.org\/{rel}","templated":true}]}}