
{"id":52678,"date":"2023-01-23T09:55:45","date_gmt":"2023-01-23T08:55:45","guid":{"rendered":"https:\/\/stonehouse.se\/produkt\/dsc-neo-power-g-wireless-repeater-pg8920-2\/"},"modified":"2026-02-23T14:45:36","modified_gmt":"2026-02-23T13:45:36","slug":"dsc-repeater-pg8920-powerg-wireless","status":"publish","type":"product","link":"https:\/\/stonehouse.se\/en\/product\/dsc-repeater-pg8920-powerg-wireless\/","title":{"rendered":"DSC Repeater PG8920 PowerG Wireless"},"content":{"rendered":"<div id=\"toggle-description-container\" class=\"toggle-content is-active\">\n<p><strong>DSC Repeater PG8920<\/strong> \u00e4r en tr\u00e5dl\u00f6s l\u00e4nkstation som \u00e4r avg\u00f6rande f\u00f6r att ut\u00f6ka kommunikationsr\u00e4ckvidden i PowerSeries Neo-larmsystem.<\/p>\n<p>Genom att fungera som en repeater, f\u00f6rl\u00e4nger den den tr\u00e5dl\u00f6sa signalen mellan larmsystemet och andra PowerG-enheter, vilket s\u00e4kerst\u00e4ller att alla delar av systemet kommunicerar effektivt, oavsett byggnadens storlek eller material.<\/p>\n<p>Med en r\u00e4ckvidd p\u00e5 upp till 2 km i fri sikt och automatisk justering av s\u00e4ndningsstyrkan, bidrar PG8920 till att f\u00f6rb\u00e4ttra batteritiden hos anslutna enheter genom att minimera den n\u00f6dv\u00e4ndiga s\u00e4ndningseffekten.<\/p>\n<p>Den \u00e4r \u00e4ven utrustad med en LED-indikator f\u00f6r signalstyrka, vilket g\u00f6r installationen enklare och mer effektiv genom att hj\u00e4lpa installat\u00f6ren att v\u00e4lja den optimala installationsplatsen.<\/p>\n<p>PG8920 levereras med en n\u00e4tadapter och har en inbyggd laddningsbar Ni-MH-batteri som ger 48 timmars backup vid str\u00f6mavbrott.<\/p>\n<p>Med robusta s\u00e4kerhetsfunktioner och en modern design \u00e4r PG8920 det perfekta komplementet f\u00f6r att s\u00e4kerst\u00e4lla p\u00e5litlig kommunikation och maximal s\u00e4kerhet i ditt PowerG-larmsystem.<\/p>\n<\/div>","protected":false},"excerpt":{"rendered":"<p>DSC Repeater PG8920 \u00e4r en kraftfull l\u00e4nkstation f\u00f6r PowerG-system, designad f\u00f6r att ut\u00f6ka den tr\u00e5dl\u00f6sa r\u00e4ckvidden mellan larmsystemet och andra enheter.<\/p>\n<p>Med st\u00f6d f\u00f6r automatisk justering av s\u00e4ndningsstyrka och en batteribackup p\u00e5 48 timmar, s\u00e4kerst\u00e4ller den stabil och p\u00e5litlig kommunikation i \u00e4ven de mest utmanande milj\u00f6erna.<\/p>","protected":false},"featured_media":82656,"template":"","meta":{"_acf_changed":false},"product_brand":[],"product_cat":[350,2804],"product_tag":[2781],"class_list":{"0":"post-52678","1":"product","2":"type-product","3":"status-publish","4":"has-post-thumbnail","6":"product_cat-dsc-larm-neo-power-hybridlarm","7":"product_cat-repeater","8":"product_tag-dsc-neo-svensk-manual","9":"product_shipping_class-postnord-varubrev","10":"pa_brands-4dsc","11":"tm-no-options","13":"first","14":"instock","15":"sale","16":"featured","17":"taxable","18":"shipping-taxable","19":"product-type-simple"},"acf":[],"_links":{"self":[{"href":"https:\/\/stonehouse.se\/en\/wp-json\/wp\/v2\/product\/52678","targetHints":{"allow":["GET"]}}],"collection":[{"href":"https:\/\/stonehouse.se\/en\/wp-json\/wp\/v2\/product"}],"about":[{"href":"https:\/\/stonehouse.se\/en\/wp-json\/wp\/v2\/types\/product"}],"wp:featuredmedia":[{"embeddable":true,"href":"https:\/\/stonehouse.se\/en\/wp-json\/wp\/v2\/media\/82656"}],"wp:attachment":[{"href":"https:\/\/stonehouse.se\/en\/wp-json\/wp\/v2\/media?parent=52678"}],"wp:term":[{"taxonomy":"product_brand","embeddable":true,"href":"https:\/\/stonehouse.se\/en\/wp-json\/wp\/v2\/product_brand?post=52678"},{"taxonomy":"product_cat","embeddable":true,"href":"https:\/\/stonehouse.se\/en\/wp-json\/wp\/v2\/product_cat?post=52678"},{"taxonomy":"product_tag","embeddable":true,"href":"https:\/\/stonehouse.se\/en\/wp-json\/wp\/v2\/product_tag?post=52678"}],"curies":[{"name":"wp","href":"https:\/\/api.w.org\/{rel}","templated":true}]}}