
{"id":52681,"date":"2023-01-23T09:55:44","date_gmt":"2023-01-23T08:55:44","guid":{"rendered":"https:\/\/stonehouse.se\/produkt\/dsc-neo-power-g-transceiver-hsm2host-2\/"},"modified":"2025-12-31T20:36:49","modified_gmt":"2025-12-31T19:36:49","slug":"dsc-hsm2host-transceiver-module","status":"publish","type":"product","link":"https:\/\/stonehouse.se\/en\/product\/dsc-hsm2host-transceiver-module\/","title":{"rendered":"DSC HSM2HOST Transceiver Module"},"content":{"rendered":"<p><strong>DSC HSM2HOST<\/strong> \u00e4r en kraftfull radiotransceiver designad f\u00f6r att optimera tr\u00e5dl\u00f6sa installationer av PowerSeries NEO och PEO-larmsystem.<\/p>\n<p>Genom att erbjuda en imponerande r\u00e4ckvidd p\u00e5 upp till 2 km, \u00e4r HSM2HOST ett utm\u00e4rkt val f\u00f6r b\u00e5de bost\u00e4der och f\u00f6retag som kr\u00e4ver p\u00e5litlig s\u00e4kerhet och flexibilitet.<\/p>\n<p>Denna modul ger 128 bit AES-kryptering, vilket skyddar kommunikationen mellan enheterna och s\u00e4kerst\u00e4ller att alla data\u00f6verf\u00f6ringar \u00e4r trygga.<\/p>\n<p>Med HSM2HOST kan varje tr\u00e5dl\u00f6s detektor tilldelas ett sektionsnummer, vilket m\u00f6jligg\u00f6r en effektiv och enkel hantering av upp till 128 zoner.<\/p>\n<p>Enheten kan anslutas till systemet utan begr\u00e4nsningar och kan arbeta med l\u00e4nkstationer f\u00f6r att \u00f6ka r\u00e4ckvidden vid behov.<\/p>\n<p>Observera att endast en radiotransceiver kan anslutas per system och att den inte kan kombineras med knappsatser med inbyggd radiotransceiver.<\/p>\n<p>HSM2HOST \u00e4r en oumb\u00e4rlig komponent f\u00f6r dem som vill maximera s\u00e4kerheten i sina installationer och dra nytta av PowerG-teknologins f\u00f6rdelar.<\/p>\n<p>Med en str\u00f6mf\u00f6rbrukning p\u00e5 endast 60 mA, \u00e4r den ocks\u00e5 energieffektiv, vilket g\u00f6r den idealisk f\u00f6r kontinuerlig anv\u00e4ndning.<\/p>","protected":false},"excerpt":{"rendered":"<p>DSC HSM2HOST \u00e4r en avancerad radiotransceiver som m\u00f6jligg\u00f6r tv\u00e5v\u00e4gs tr\u00e5dl\u00f6s kommunikation f\u00f6r PowerSeries NEO-larmsystem.<\/p>\n<p>Med en r\u00e4ckvidd p\u00e5 upp till 2 km och 128 bit AES-kryptering s\u00e4kerst\u00e4ller den p\u00e5litlig och s\u00e4ker \u00f6verf\u00f6ring av data.<\/p>\n<p>Den \u00e4r idealisk f\u00f6r att effektivt ut\u00f6ka det tr\u00e5dl\u00f6sa n\u00e4tverket och skapa en robust s\u00e4kerhetsl\u00f6sning.<\/p>","protected":false},"featured_media":82407,"template":"","meta":{"_acf_changed":false},"product_brand":[],"product_cat":[350,2804],"product_tag":[2781],"class_list":{"0":"post-52681","1":"product","2":"type-product","3":"status-publish","4":"has-post-thumbnail","6":"product_cat-dsc-larm-neo-power-hybridlarm","7":"product_cat-repeater","8":"product_tag-dsc-neo-svensk-manual","9":"product_shipping_class-postnord-varubrev","10":"pa_brands-4dsc","11":"tm-no-options","13":"first","14":"instock","15":"sale","16":"featured","17":"taxable","18":"shipping-taxable","19":"product-type-simple"},"acf":[],"_links":{"self":[{"href":"https:\/\/stonehouse.se\/en\/wp-json\/wp\/v2\/product\/52681","targetHints":{"allow":["GET"]}}],"collection":[{"href":"https:\/\/stonehouse.se\/en\/wp-json\/wp\/v2\/product"}],"about":[{"href":"https:\/\/stonehouse.se\/en\/wp-json\/wp\/v2\/types\/product"}],"wp:featuredmedia":[{"embeddable":true,"href":"https:\/\/stonehouse.se\/en\/wp-json\/wp\/v2\/media\/82407"}],"wp:attachment":[{"href":"https:\/\/stonehouse.se\/en\/wp-json\/wp\/v2\/media?parent=52681"}],"wp:term":[{"taxonomy":"product_brand","embeddable":true,"href":"https:\/\/stonehouse.se\/en\/wp-json\/wp\/v2\/product_brand?post=52681"},{"taxonomy":"product_cat","embeddable":true,"href":"https:\/\/stonehouse.se\/en\/wp-json\/wp\/v2\/product_cat?post=52681"},{"taxonomy":"product_tag","embeddable":true,"href":"https:\/\/stonehouse.se\/en\/wp-json\/wp\/v2\/product_tag?post=52681"}],"curies":[{"name":"wp","href":"https:\/\/api.w.org\/{rel}","templated":true}]}}