
{"id":52682,"date":"2023-01-23T09:55:44","date_gmt":"2023-01-23T08:55:44","guid":{"rendered":"https:\/\/stonehouse.se\/produkt\/dsc-neo-power-g-wireless-magnetkontakt-small-pg8303-2\/"},"modified":"2026-04-01T14:39:09","modified_gmt":"2026-04-01T12:39:09","slug":"dsc-door-sensor-slim-pg8303","status":"publish","type":"product","link":"https:\/\/stonehouse.se\/en\/product\/dsc-door-sensor-slim-pg8303\/","title":{"rendered":"DSC Door Sensor \/ Window Sensor Slim PG8303"},"content":{"rendered":"<p><strong>DSC Door Sensor Slim PG8303<\/strong> \u00e4r en avancerad tr\u00e5dl\u00f6s sensor designad f\u00f6r att skydda d\u00f6rrar, f\u00f6nster och andra ing\u00e5ngar med stil och effektivitet. Den kompakta storleken g\u00f6r att sensorn \u00e4r diskret och l\u00e4tt att installera, vilket \u00e4r perfekt f\u00f6r b\u00e5de hem och f\u00f6retag.<\/p>\n<p>Utrustad med den senaste PowerG-teknologin, erbjuder PG8303 en s\u00e4ker och p\u00e5litlig \u00f6vervakning med en r\u00e4ckvidd p\u00e5 upp till 2 kilometer i fri luft.<\/p>\n<p>Denna sensor \u00e4r idealisk f\u00f6r installation p\u00e5 medelstora d\u00f6rrar och f\u00f6nster och ger en batteritid p\u00e5 upp till 6 \u00e5r, vilket minimerar behovet av frekvent underh\u00e5ll.<\/p>\n<p>En inbyggd indikatorsignal ger dig m\u00f6jlighet att kontrollera signalens kvalitet och s\u00e4kerst\u00e4lla att sensorn fungerar optimalt.<\/p>\n<p>DSC Door Sensor Slim PG8303 \u00e4r kompatibel med PowerSeries NEO och PRO-system, vilket g\u00f6r den till en utm\u00e4rkt komponent i ett omfattande s\u00e4kerhetssystem.<\/p>\n<p>Med sin p\u00e5litliga prestanda och eleganta design bidrar PG8303 till att skapa ett tryggt och s\u00e4kert hem utan att kompromissa med estetik.<\/p>","protected":false},"excerpt":{"rendered":"<p>DSC Door Sensor Slim PG8303 \u00e4r en tr\u00e5dl\u00f6s sensor som erbjuder diskret och effektiv \u00f6vervakning av d\u00f6rrar och f\u00f6nster.<\/p>\n<p>Med en kompakt design och PowerG-teknologi ger den tillf\u00f6rlitlig detektion och kan enkelt monteras.<\/p>\n<p>Den har en batteritid p\u00e5 upp till 6 \u00e5r och \u00e4r kompatibel med PowerSeries NEO och PRO-system, vilket g\u00f6r den idealisk f\u00f6r att s\u00e4kerst\u00e4lla s\u00e4kerheten i ditt hem eller f\u00f6retag.<\/p>","protected":false},"featured_media":82316,"template":"","meta":{"_acf_changed":false},"product_brand":[],"product_cat":[350,2805],"product_tag":[2781,1851],"class_list":{"0":"post-52682","1":"product","2":"type-product","3":"status-publish","4":"has-post-thumbnail","6":"product_cat-dsc-larm-neo-power-hybridlarm","7":"product_cat-magnetkontakt","8":"product_tag-dsc-neo-svensk-manual","9":"product_tag-sbsc-larmklassr","10":"product_shipping_class-postnord-varubrev","11":"pa_brands-4dsc","12":"tm-no-options","14":"first","15":"instock","16":"sale","17":"featured","18":"taxable","19":"shipping-taxable","20":"product-type-simple"},"acf":[],"_links":{"self":[{"href":"https:\/\/stonehouse.se\/en\/wp-json\/wp\/v2\/product\/52682","targetHints":{"allow":["GET"]}}],"collection":[{"href":"https:\/\/stonehouse.se\/en\/wp-json\/wp\/v2\/product"}],"about":[{"href":"https:\/\/stonehouse.se\/en\/wp-json\/wp\/v2\/types\/product"}],"wp:featuredmedia":[{"embeddable":true,"href":"https:\/\/stonehouse.se\/en\/wp-json\/wp\/v2\/media\/82316"}],"wp:attachment":[{"href":"https:\/\/stonehouse.se\/en\/wp-json\/wp\/v2\/media?parent=52682"}],"wp:term":[{"taxonomy":"product_brand","embeddable":true,"href":"https:\/\/stonehouse.se\/en\/wp-json\/wp\/v2\/product_brand?post=52682"},{"taxonomy":"product_cat","embeddable":true,"href":"https:\/\/stonehouse.se\/en\/wp-json\/wp\/v2\/product_cat?post=52682"},{"taxonomy":"product_tag","embeddable":true,"href":"https:\/\/stonehouse.se\/en\/wp-json\/wp\/v2\/product_tag?post=52682"}],"curies":[{"name":"wp","href":"https:\/\/api.w.org\/{rel}","templated":true}]}}