
{"id":52683,"date":"2023-01-23T09:55:43","date_gmt":"2023-01-23T08:55:43","guid":{"rendered":"https:\/\/stonehouse.se\/produkt\/neo-communicator-ip-4g-cell-eth-tl280le\/"},"modified":"2026-04-07T09:16:40","modified_gmt":"2026-04-07T07:16:40","slug":"dsc-dual-path-tl280le","status":"publish","type":"product","link":"https:\/\/stonehouse.se\/en\/product\/dsc-dual-path-tl280le\/","title":{"rendered":"DSC Dual Path TL280LE (Ethernet 4G IP)"},"content":{"rendered":"<p><strong>DSC Dual Path TL280LE<\/strong> \u00e4r en avancerad radiotransceiver designad f\u00f6r att f\u00f6rb\u00e4ttra s\u00e4kerheten och kommunikationskapaciteten hos PowerSeries NEO-larmsystem.<\/p>\n<p>Med st\u00f6d f\u00f6r b\u00e5de IP- och 4G-anslutningar erbjuder TL280LE en dubblerad kommunikationsv\u00e4g, vilket s\u00e4kerst\u00e4ller att larmmeddelanden \u00f6verf\u00f6rs snabbt och p\u00e5litligt.<\/p>\n<p>Den \u00e4r konstruerad f\u00f6r att anv\u00e4nda 2G, 3G och 4G n\u00e4tverk f\u00f6r maximal drifts\u00e4kerhet och flexibilitet.<\/p>\n<p>Enheten \u00e4r l\u00e4tt att installera och placeras i centralapparatens huvudkapsling med hj\u00e4lp av medf\u00f6ljande monteringspl\u00e5t.<\/p>\n<p>TL280LE st\u00f6der DLS-fj\u00e4rrprogrammering och kan hantera larmformat som SIA och Contact ID.<\/p>\n<p>Den \u00e4r ocks\u00e5 utrustad med en LED-statusindikator f\u00f6r signalstyrka och felhantering.<\/p>\n<p>Med en str\u00f6mf\u00f6rbrukning p\u00e5 120 mA min och 400 mA max, kan TL280LE enkelt integreras i olika s\u00e4kerhetsl\u00f6sningar.<\/p>\n<p>Den levererar 128-bit AES-krypterad kommunikation f\u00f6r att skydda data under \u00f6verf\u00f6ring, vilket ytterligare \u00f6kar s\u00e4kerheten.<\/p>\n<p>TL280LE \u00e4r kompatibel med Sur-Gard System I-IP \/ II \/ III \/ IV \/ 5 larmmottagare och erbjuder en smidig l\u00f6sning f\u00f6r b\u00e5de hem och f\u00f6retag.<\/p>","protected":false},"excerpt":{"rendered":"<p>DSC Dual Path TL280LE \u00e4r en radiotransceiver som ger b\u00e5de IP- och 4G-anslutning f\u00f6r PowerSeries NEO-larmsystem.<\/p>\n<p>Den erbjuder h\u00f6g drifts\u00e4kerhet med st\u00f6d f\u00f6r 2G, 3G och 4G n\u00e4tverk och kan anv\u00e4ndas som prim\u00e4r eller sekund\u00e4r larms\u00e4ndare.<\/p>\n<p>TL280LE \u00e4r enkel att installera och programmera, vilket g\u00f6r den till en optimal l\u00f6sning f\u00f6r p\u00e5litlig larm\u00f6verf\u00f6ring.<\/p>","protected":false},"featured_media":82328,"template":"","meta":{"_acf_changed":false},"product_brand":[],"product_cat":[2618,350,2794],"product_tag":[2781,1683],"class_list":{"0":"post-52683","1":"product","2":"type-product","3":"status-publish","4":"has-post-thumbnail","6":"product_cat-kampanjer","7":"product_cat-dsc-larm-neo-power-hybridlarm","8":"product_cat-larmsandare-4g-ip","9":"product_tag-dsc-neo-svensk-manual","10":"product_tag-neo-gsm-ip-4g-larmsandare","11":"product_shipping_class-postnord-varubrev","12":"pa_brands-4dsc","13":"tm-no-options","15":"first","16":"instock","17":"sale","18":"featured","19":"taxable","20":"shipping-taxable","21":"product-type-simple"},"acf":[],"_links":{"self":[{"href":"https:\/\/stonehouse.se\/en\/wp-json\/wp\/v2\/product\/52683","targetHints":{"allow":["GET"]}}],"collection":[{"href":"https:\/\/stonehouse.se\/en\/wp-json\/wp\/v2\/product"}],"about":[{"href":"https:\/\/stonehouse.se\/en\/wp-json\/wp\/v2\/types\/product"}],"wp:featuredmedia":[{"embeddable":true,"href":"https:\/\/stonehouse.se\/en\/wp-json\/wp\/v2\/media\/82328"}],"wp:attachment":[{"href":"https:\/\/stonehouse.se\/en\/wp-json\/wp\/v2\/media?parent=52683"}],"wp:term":[{"taxonomy":"product_brand","embeddable":true,"href":"https:\/\/stonehouse.se\/en\/wp-json\/wp\/v2\/product_brand?post=52683"},{"taxonomy":"product_cat","embeddable":true,"href":"https:\/\/stonehouse.se\/en\/wp-json\/wp\/v2\/product_cat?post=52683"},{"taxonomy":"product_tag","embeddable":true,"href":"https:\/\/stonehouse.se\/en\/wp-json\/wp\/v2\/product_tag?post=52683"}],"curies":[{"name":"wp","href":"https:\/\/api.w.org\/{rel}","templated":true}]}}