
{"id":52690,"date":"2023-01-23T09:55:42","date_gmt":"2023-01-23T08:55:42","guid":{"rendered":"https:\/\/stonehouse.se\/produkt\/powerg-wireless-pir-360-20m-pg8872\/"},"modified":"2025-12-31T20:36:27","modified_gmt":"2025-12-31T19:36:27","slug":"dsc-ceiling-pir-pg8872","status":"publish","type":"product","link":"https:\/\/stonehouse.se\/en\/product\/dsc-ceiling-pir-pg8872\/","title":{"rendered":"DSC Ceiling PIR PG8872  Wireless Long Range (20m) 360\u00b0 PowerG PG8872"},"content":{"rendered":"<p><strong>DSC Ceiling PIR PG8872<\/strong> \u00e4r en h\u00f6gpresterande tr\u00e5dl\u00f6s r\u00f6relsedetektor utformad f\u00f6r att ge 360\u00b0 t\u00e4ckning, vilket g\u00f6r den perfekt f\u00f6r s\u00e4kerhet i stora rum och kommersiella anl\u00e4ggningar.<\/p>\n<p>Med en detekteringsradie p\u00e5 upp till 20 meter s\u00e4kerst\u00e4ller PG8872 att varje h\u00f6rn av rummet \u00f6vervakas effektivt.<\/p>\n<p>Den diskreta designen g\u00f6r att den sm\u00e4lter in i alla milj\u00f6er, vilket g\u00f6r den till ett utm\u00e4rkt val f\u00f6r b\u00e5de f\u00f6retag och hem.<\/p>\n<p>Denna detektor \u00e4r inte bara l\u00e4tt att installera, utan den erbjuder ocks\u00e5 en uppskattad batteritid p\u00e5 5 \u00e5r vid normal anv\u00e4ndning, vilket minimerar behovet av frekventa batteribyten.<\/p>\n<p>PG8872 anv\u00e4nder den senaste PowerG-teknologin, vilket ger l\u00e5ng r\u00e4ckvidd och tillf\u00f6rlitlighet i kommunikation.<\/p>\n<p>Med PowerSeries Neo-systemet kan du \u00f6vervaka upp till 128 zoner och konfigurera upp till 8 partitioner, vilket ger en anpassad s\u00e4kerhetsl\u00f6sning f\u00f6r varje specifik situation.<\/p>\n<p>DSC Ceiling PIR PG8872 \u00e4r den perfekta l\u00f6sningen f\u00f6r dem som s\u00f6ker en robust och effektiv r\u00f6relsedetektor som kombinerar innovation med anv\u00e4ndarv\u00e4nlighet.<\/p>","protected":false},"excerpt":{"rendered":"<p>DSC Ceiling PIR PG8872 \u00e4r en tr\u00e5dl\u00f6s 360\u00b0 PIR-detektor som erbjuder en t\u00e4ckning p\u00e5 upp till 20 meter.<\/p>\n<p>Speciellt designad f\u00f6r PowerSeries Neo och Pro system, \u00e4r den robust och idealisk f\u00f6r kommersiella milj\u00f6er.<\/p>\n<p>Den moderna, diskreta designen g\u00f6r installationen enkel, och den uppskattade batteritiden p\u00e5 5 \u00e5r garanterar l\u00e5ngvarig anv\u00e4ndning.<\/p>\n<p>&nbsp;<\/p>","protected":false},"featured_media":82887,"template":"","meta":{"_acf_changed":false},"product_brand":[],"product_cat":[2615],"product_tag":[2781,1851],"class_list":{"0":"post-52690","1":"product","2":"type-product","3":"status-publish","4":"has-post-thumbnail","6":"product_cat-rorelse-detektorer","7":"product_tag-dsc-neo-svensk-manual","8":"product_tag-sbsc-larmklassr","9":"product_shipping_class-postnord-varubrev","10":"pa_brands-4dsc","11":"tm-no-options","13":"first","14":"instock","15":"sale","16":"featured","17":"taxable","18":"shipping-taxable","19":"product-type-simple"},"acf":[],"_links":{"self":[{"href":"https:\/\/stonehouse.se\/en\/wp-json\/wp\/v2\/product\/52690","targetHints":{"allow":["GET"]}}],"collection":[{"href":"https:\/\/stonehouse.se\/en\/wp-json\/wp\/v2\/product"}],"about":[{"href":"https:\/\/stonehouse.se\/en\/wp-json\/wp\/v2\/types\/product"}],"wp:featuredmedia":[{"embeddable":true,"href":"https:\/\/stonehouse.se\/en\/wp-json\/wp\/v2\/media\/82887"}],"wp:attachment":[{"href":"https:\/\/stonehouse.se\/en\/wp-json\/wp\/v2\/media?parent=52690"}],"wp:term":[{"taxonomy":"product_brand","embeddable":true,"href":"https:\/\/stonehouse.se\/en\/wp-json\/wp\/v2\/product_brand?post=52690"},{"taxonomy":"product_cat","embeddable":true,"href":"https:\/\/stonehouse.se\/en\/wp-json\/wp\/v2\/product_cat?post=52690"},{"taxonomy":"product_tag","embeddable":true,"href":"https:\/\/stonehouse.se\/en\/wp-json\/wp\/v2\/product_tag?post=52690"}],"curies":[{"name":"wp","href":"https:\/\/api.w.org\/{rel}","templated":true}]}}