
{"id":52692,"date":"2023-01-23T09:55:42","date_gmt":"2023-01-23T08:55:42","guid":{"rendered":"https:\/\/stonehouse.se\/produkt\/neo-communicator-4g-cellular-le2080\/"},"modified":"2026-03-19T11:38:15","modified_gmt":"2026-03-19T10:38:15","slug":"dsc-le2080-4g-alarm-communicator","status":"publish","type":"product","link":"https:\/\/stonehouse.se\/en\/product\/dsc-le2080-4g-alarm-communicator\/","title":{"rendered":"DSC LE2080 4G Larms\u00e4ndare LTE\/HSPA NEO"},"content":{"rendered":"<p><b>DSC LE2080 4G <\/b>\u00a0\u00e4r en avancerad larms\u00e4ndare utformad f\u00f6r att ge p\u00e5litlig och snabb kommunikation mellan ditt DSC NEO-larmsystem och en larmcentral.<\/p>\n<p>Med st\u00f6d f\u00f6r b\u00e5de IP- och 4G-n\u00e4tverk kan den s\u00e4kerst\u00e4lla att dina larmmeddelanden n\u00e5r destinationen, oavsett vilket n\u00e4tverk som \u00e4r tillg\u00e4ngligt.<\/p>\n<p>Den kan anv\u00e4ndas som antingen prim\u00e4r eller sekund\u00e4r larms\u00e4ndare och ger h\u00f6g drifts\u00e4kerhet tack vare m\u00f6jligheten att v\u00e4xla mellan 2G, 3G och 4G.<\/p>\n<p>LE2080 \u00e4r kompatibel med fj\u00e4rrprogrammering via DLS, vilket g\u00f6r det enkelt att hantera systeminst\u00e4llningar och uppdateringar.<\/p>\n<p>Den st\u00f6djer larmformaten SIA och Contact ID och har ocks\u00e5 SMS-funktioner samt m\u00f6jlighet till bild\u00f6verf\u00f6ring fr\u00e5n Neo-kameradetektorer.<\/p>\n<p>Installationen \u00e4r enkel och utf\u00f6rs med en medf\u00f6ljande monteringspl\u00e5t och anslutningskabel, samt en antenn f\u00f6r optimal signalstyrka.<\/p>\n<p>Dessutom \u00e4r LE2080 godk\u00e4nd i larmklass 2 av SBSC, vilket garanterar att den uppfyller str\u00e4nga s\u00e4kerhetsstandarder.<\/p>\n<p>Med en str\u00f6mf\u00f6rbrukning p\u00e5 mellan 100 mA och 400 mA och ett temperaturomr\u00e5de p\u00e5 -10 till +55 \u00b0C \u00e4r denna larms\u00e4ndare en robust l\u00f6sning f\u00f6r b\u00e5de bost\u00e4der och f\u00f6retag.<\/p>","protected":false},"excerpt":{"rendered":"<p>DSC LE2080 4G \u00e4r en integrerad larms\u00e4ndare f\u00f6r PowerSeries NEO-system, som m\u00f6jligg\u00f6r IP-kommunikation via 4G.<\/p>\n<p>Med h\u00f6g drifts\u00e4kerhet genom st\u00f6d f\u00f6r 2G, 3G och 4G n\u00e4tverk kan den fungera som prim\u00e4r eller sekund\u00e4r larms\u00e4ndare.<\/p>\n<p>LE2080 st\u00f6der fj\u00e4rrprogrammering och hanterar olika larmformat, inklusive SMS-funktioner och bild\u00f6verf\u00f6ring fr\u00e5n kameradetektorer.<\/p>","protected":false},"featured_media":82424,"template":"","meta":{"_acf_changed":false},"product_brand":[],"product_cat":[350,2794],"product_tag":[2781,1683],"class_list":{"0":"post-52692","1":"product","2":"type-product","3":"status-publish","4":"has-post-thumbnail","6":"product_cat-dsc-larm-neo-power-hybridlarm","7":"product_cat-larmsandare-4g-ip","8":"product_tag-dsc-neo-svensk-manual","9":"product_tag-neo-gsm-ip-4g-larmsandare","10":"product_shipping_class-tunga-paket","11":"pa_brands-4dsc","12":"tm-no-options","14":"first","15":"instock","16":"sale","17":"featured","18":"taxable","19":"shipping-taxable","20":"product-type-simple"},"acf":[],"_links":{"self":[{"href":"https:\/\/stonehouse.se\/en\/wp-json\/wp\/v2\/product\/52692","targetHints":{"allow":["GET"]}}],"collection":[{"href":"https:\/\/stonehouse.se\/en\/wp-json\/wp\/v2\/product"}],"about":[{"href":"https:\/\/stonehouse.se\/en\/wp-json\/wp\/v2\/types\/product"}],"wp:featuredmedia":[{"embeddable":true,"href":"https:\/\/stonehouse.se\/en\/wp-json\/wp\/v2\/media\/82424"}],"wp:attachment":[{"href":"https:\/\/stonehouse.se\/en\/wp-json\/wp\/v2\/media?parent=52692"}],"wp:term":[{"taxonomy":"product_brand","embeddable":true,"href":"https:\/\/stonehouse.se\/en\/wp-json\/wp\/v2\/product_brand?post=52692"},{"taxonomy":"product_cat","embeddable":true,"href":"https:\/\/stonehouse.se\/en\/wp-json\/wp\/v2\/product_cat?post=52692"},{"taxonomy":"product_tag","embeddable":true,"href":"https:\/\/stonehouse.se\/en\/wp-json\/wp\/v2\/product_tag?post=52692"}],"curies":[{"name":"wp","href":"https:\/\/api.w.org\/{rel}","templated":true}]}}