
{"id":52706,"date":"2023-01-23T09:55:40","date_gmt":"2023-01-23T08:55:40","guid":{"rendered":"https:\/\/stonehouse.se\/produkt\/neo-keypad-lcd-w-transceiver-hs2lcdrf-svensk-text\/"},"modified":"2026-01-06T20:52:08","modified_gmt":"2026-01-06T19:52:08","slug":"dsc-keypad-hs2lcdrf","status":"publish","type":"product","link":"https:\/\/stonehouse.se\/en\/product\/dsc-keypad-hs2lcdrf\/","title":{"rendered":"DSC Keypad HS2LCDRF &#8211; Wireless\/Transceiver Radio Svensk text"},"content":{"rendered":"<p><strong>DSC Keypad HS2LCDRF<\/strong> \u00e4r en avancerad tr\u00e5dl\u00f6s knappsats designad f\u00f6r att fungera med DSC Neo-larmsystem.<\/p>\n<p>Den har en tydlig LCD-display med st\u00f6d f\u00f6r svenska och flera andra spr\u00e5k, vilket g\u00f6r den l\u00e4ttanv\u00e4nd f\u00f6r alla anv\u00e4ndare.<\/p>\n<p>Den inbyggda radio-mottagaren till\u00e5ter enkel integration med tr\u00e5dl\u00f6sa givare och andra Neo-produkter, vilket ger en flexibel och anpassningsbar s\u00e4kerhetsl\u00f6sning.<\/p>\n<p>Knappsatsen \u00e4r utrustad med fritt programmerbara texter f\u00f6r sektioner och larmomr\u00e5den, vilket g\u00f6r det enkelt att anpassa meddelanden f\u00f6r olika s\u00e4kerhetszoner.<\/p>\n<p>Den har fem funktionsknappar f\u00f6r snabba kommandon, tre n\u00f6dknappar och en skruvanslutning som kan anv\u00e4ndas som tr\u00e5dbunden sektionsing\u00e5ng eller PGM-utg\u00e5ng.<\/p>\n<p>Med en str\u00f6mf\u00f6rbrukning p\u00e5 endast 55-105 mA \u00e4r HS2LCDRF b\u00e5de energieffektiv och p\u00e5litlig.<\/p>\n<p>PowerSeries Neo-systemet \u00e4r exceptionellt f\u00f6r stora installationer, eftersom det kan \u00f6vervaka upp till 128 zoner och m\u00f6jligg\u00f6r anpassade s\u00e4kerhetsl\u00f6sningar med \u00e5tta partitioner.<\/p>\n<p>DSC Keypad HS2LCDRF kombinerar den stabilitet som tr\u00e5dbundna system erbjuder med den flexibilitet som tr\u00e5dl\u00f6sa enheter ger, vilket g\u00f6r det till en idealisk l\u00f6sning f\u00f6r b\u00e5de hem och f\u00f6retag.<\/p>","protected":false},"excerpt":{"rendered":"<p>DSC Keypad HS2LCDRF \u00e4r en tr\u00e5dl\u00f6s knappsats med LCD-display som st\u00f6der flera spr\u00e5k, inklusive svenska.<br \/>\nDen \u00e4r designad f\u00f6r Neo-larmsystem och har inbyggd radio f\u00f6r att m\u00f6jligg\u00f6ra anslutning av tr\u00e5dl\u00f6sa givare.<br \/>\nMed programmerbara texter, 5 funktionsknappar och 3 n\u00f6dknappar erbjuder den b\u00e5de funktionalitet och anv\u00e4ndarv\u00e4nlighet, vilket g\u00f6r den till ett utm\u00e4rkt val f\u00f6r b\u00e5de bost\u00e4der och f\u00f6retag.<\/p>","protected":false},"featured_media":82901,"template":"","meta":{"_acf_changed":false},"product_brand":[],"product_cat":[350,2791],"product_tag":[2781,1681,2368],"class_list":{"0":"post-52706","1":"product","2":"type-product","3":"status-publish","4":"has-post-thumbnail","6":"product_cat-dsc-larm-neo-power-hybridlarm","7":"product_cat-knappsats-kod","8":"product_tag-dsc-neo-svensk-manual","9":"product_tag-neo-knappsats-manoverpaneler","10":"product_tag-neo-dsc-knappsats-manoverpaneler","11":"product_shipping_class-tunga-paket","12":"pa_brands-4dsc","13":"tm-no-options","15":"first","16":"outofstock","17":"sale","18":"taxable","19":"shipping-taxable","20":"product-type-simple"},"acf":[],"_links":{"self":[{"href":"https:\/\/stonehouse.se\/en\/wp-json\/wp\/v2\/product\/52706","targetHints":{"allow":["GET"]}}],"collection":[{"href":"https:\/\/stonehouse.se\/en\/wp-json\/wp\/v2\/product"}],"about":[{"href":"https:\/\/stonehouse.se\/en\/wp-json\/wp\/v2\/types\/product"}],"wp:featuredmedia":[{"embeddable":true,"href":"https:\/\/stonehouse.se\/en\/wp-json\/wp\/v2\/media\/82901"}],"wp:attachment":[{"href":"https:\/\/stonehouse.se\/en\/wp-json\/wp\/v2\/media?parent=52706"}],"wp:term":[{"taxonomy":"product_brand","embeddable":true,"href":"https:\/\/stonehouse.se\/en\/wp-json\/wp\/v2\/product_brand?post=52706"},{"taxonomy":"product_cat","embeddable":true,"href":"https:\/\/stonehouse.se\/en\/wp-json\/wp\/v2\/product_cat?post=52706"},{"taxonomy":"product_tag","embeddable":true,"href":"https:\/\/stonehouse.se\/en\/wp-json\/wp\/v2\/product_tag?post=52706"}],"curies":[{"name":"wp","href":"https:\/\/api.w.org\/{rel}","templated":true}]}}