
{"id":52712,"date":"2023-01-23T09:55:39","date_gmt":"2023-01-23T08:55:39","guid":{"rendered":"https:\/\/stonehouse.se\/produkt\/dsc-neo-knappsats-tradbunden-hs2lcdrfp-med-powerg-transceiver-prox-engelsk-text-2\/"},"modified":"2026-01-06T20:43:35","modified_gmt":"2026-01-06T19:43:35","slug":"dsc-hs2lcdrfp-hardwired-keypad-prox-sve","status":"publish","type":"product","link":"https:\/\/stonehouse.se\/en\/product\/dsc-hs2lcdrfp-hardwired-keypad-prox-sve\/","title":{"rendered":"DSC HS2LCDRFP Hardwired Keypad Prox med Radio PowerG &#8211; Svensk Text"},"content":{"rendered":"<p><strong>DSC HS2LCDRFP Hardwired Keypad<\/strong> \u00e4r en m\u00e5ngsidig knappsats med LCD-display och svensk text, perfekt f\u00f6r anv\u00e4ndning i DSC Neo-larmsystem.<\/p>\n<p>Den \u00e4r utrustad med en inbyggd radio mottagare som m\u00f6jligg\u00f6r utbyggnad av tr\u00e5dl\u00f6sa givare och andra Neo-produkter.<\/p>\n<p>Knappsatsen st\u00f6djer \u00e4ven en Prox\/EM-l\u00e4sare f\u00f6r smidig \u00e5tkomstkontroll.<\/p>\n<p>Med fritt programmerbara texter f\u00f6r sektioner och larmomr\u00e5den kan anv\u00e4ndare enkelt anpassa systemet efter sina behov.<\/p>\n<p>Knappsatsen har ett h\u00e4ndelseminne som kan avl\u00e4sas p\u00e5 displayen och inneh\u00e5ller 5 funktionsknappar f\u00f6r kortkommandon samt 3 n\u00f6dknappar.<\/p>\n<p>En skruvanslutning ger m\u00f6jlighet att anv\u00e4nda den som tr\u00e5dbunden sektionsing\u00e5ng eller PGM-utg\u00e5ng.<\/p>\n<p>Med en str\u00f6mf\u00f6rbrukning p\u00e5 mellan 55 och 105 mA \u00e4r HS2LCDRFP b\u00e5de effektiv och l\u00e4ttanv\u00e4nd.<\/p>\n<p>Genom att kombinera tr\u00e5dbunden stabilitet med tr\u00e5dl\u00f6s flexibilitet, erbjuder denna knappsats en ideal l\u00f6sning f\u00f6r b\u00e5de bost\u00e4der och kommersiella lokaler.<\/p>","protected":false},"excerpt":{"rendered":"<p>DSC HS2LCDRFP \u00e4r en tr\u00e5dbunden knappsats med svensk text och inbyggd Prox-l\u00e4sare, designad f\u00f6r Neo-larmsystem.<br \/>\nDen erbjuder funktionell kontroll och \u00f6vervakning av upp till 16 sektioner.<\/p>","protected":false},"featured_media":82527,"template":"","meta":{"_acf_changed":false},"product_brand":[],"product_cat":[350,2791],"product_tag":[2781,1681,2368],"class_list":{"0":"post-52712","1":"product","2":"type-product","3":"status-publish","4":"has-post-thumbnail","6":"product_cat-dsc-larm-neo-power-hybridlarm","7":"product_cat-knappsats-kod","8":"product_tag-dsc-neo-svensk-manual","9":"product_tag-neo-knappsats-manoverpaneler","10":"product_tag-neo-dsc-knappsats-manoverpaneler","11":"product_shipping_class-postnord-varubrev","12":"pa_brands-4dsc","13":"tm-no-options","15":"first","16":"outofstock","17":"sale","18":"featured","19":"taxable","20":"shipping-taxable","21":"product-type-simple"},"acf":[],"_links":{"self":[{"href":"https:\/\/stonehouse.se\/en\/wp-json\/wp\/v2\/product\/52712","targetHints":{"allow":["GET"]}}],"collection":[{"href":"https:\/\/stonehouse.se\/en\/wp-json\/wp\/v2\/product"}],"about":[{"href":"https:\/\/stonehouse.se\/en\/wp-json\/wp\/v2\/types\/product"}],"wp:featuredmedia":[{"embeddable":true,"href":"https:\/\/stonehouse.se\/en\/wp-json\/wp\/v2\/media\/82527"}],"wp:attachment":[{"href":"https:\/\/stonehouse.se\/en\/wp-json\/wp\/v2\/media?parent=52712"}],"wp:term":[{"taxonomy":"product_brand","embeddable":true,"href":"https:\/\/stonehouse.se\/en\/wp-json\/wp\/v2\/product_brand?post=52712"},{"taxonomy":"product_cat","embeddable":true,"href":"https:\/\/stonehouse.se\/en\/wp-json\/wp\/v2\/product_cat?post=52712"},{"taxonomy":"product_tag","embeddable":true,"href":"https:\/\/stonehouse.se\/en\/wp-json\/wp\/v2\/product_tag?post=52712"}],"curies":[{"name":"wp","href":"https:\/\/api.w.org\/{rel}","templated":true}]}}